{"id":552,"date":"2026-04-28T08:15:44","date_gmt":"2026-04-28T08:15:44","guid":{"rendered":"https:\/\/coresparkbattery.com\/36v-48v-60v-100ah-lifepo4-lithium-battery-packs-for-e-rickshaw-electric-tricycle-golf-cart-low-speed-vehicle-with-bms-customized-2\/"},"modified":"2026-04-28T11:56:57","modified_gmt":"2026-04-28T11:56:57","slug":"36v-48v-60v-100ah-lifepo4-lithium-battery-packs-for-e-rickshaw-electric-tricycle-golf-cart-low-speed-vehicle-with-bms-customized-2","status":"publish","type":"product","link":"https:\/\/coresparkbattery.com\/pt\/36v-48v-60v-100ah-lifepo4-lithium-battery-packs-for-e-rickshaw-electric-tricycle-golf-cart-low-speed-vehicle-with-bms-customized-2\/","title":{"rendered":"36V 48V 60V 100ah LiFePO4 Baterias de l\u00edtio para E-Rickshaw Triciclo el\u00e9trico Carrinho de golfe Ve\u00edculo de baixa velocidade com BMS personalizado"},"content":{"rendered":"<p>Nome do produto: Bateria de l\u00edtio LiFePO4<br \/>\nTrata-se de uma bateria LiFePO4 de estado s\u00f3lido, que adopta c\u00e9lulas LFP de grau A com um BMS incorporado para um desempenho seguro e est\u00e1vel.<br \/>\nA bateria suporta tens\u00e3o nominal de 36V\/48V\/60V e capacidade de 100Ah, com uma configura\u00e7\u00e3o de at\u00e9 16 c\u00e9lulas. Ele fornece 3000 ciclos de vida \u00fatil e pode funcionar de forma confi\u00e1vel em uma ampla faixa de temperatura de -20 \u2103 a 60 \u2103.<br \/>\nEst\u00e1 equipado com uma prote\u00e7\u00e3o completa contra curto-circuitos e obteve as certifica\u00e7\u00f5es CE, RoHS, UN38.3, MSDS. As dimens\u00f5es s\u00e3o personaliz\u00e1veis e o peso l\u00edquido \u00e9 de 56 kg.<br \/>\nOEM e ODM s\u00e3o aceit\u00e1veis.<br \/>\nEsta bateria \u00e9 utilizada principalmente em bicicletas\/scooters el\u00e9ctricas, ve\u00edculos el\u00e9ctricos e cadeiras de rodas el\u00e9ctricas.<\/p>","protected":false},"excerpt":{"rendered":"<p>Bateria LiFePO4 de alta resist\u00eancia para uso industrial, bateria LiFePO4 para bateria dom\u00e9stica de ve\u00edculos de recreio, bateria LiFePO4 para uso em altitude elevada, bateria LiFePO4 de 12V leve 100Ah<\/p>","protected":false},"featured_media":1113,"template":"","meta":{"_gspb_post_css":""},"product_brand":[],"product_cat":[489,15],"product_tag":[479,481,480,482],"class_list":{"0":"post-552","1":"product","2":"type-product","3":"status-publish","4":"has-post-thumbnail","6":"product_cat-48v-golf-cart-battery","7":"product_cat-golf-cart-battery","8":"product_tag-heavy-duty-lifepo4-battery-for-industrial-use","9":"product_tag-lifepo4-battery-pack-for-high-altitude-use","10":"product_tag-lifepo4-battery-pack-for-rv-house-battery","11":"product_tag-light-weight-12v-lifepo4-battery-100ah","13":"first","14":"instock","15":"featured","16":"shipping-taxable","17":"product-type-simple"},"_links":{"self":[{"href":"https:\/\/coresparkbattery.com\/pt\/wp-json\/wp\/v2\/product\/552","targetHints":{"allow":["GET"]}}],"collection":[{"href":"https:\/\/coresparkbattery.com\/pt\/wp-json\/wp\/v2\/product"}],"about":[{"href":"https:\/\/coresparkbattery.com\/pt\/wp-json\/wp\/v2\/types\/product"}],"wp:featuredmedia":[{"embeddable":true,"href":"https:\/\/coresparkbattery.com\/pt\/wp-json\/wp\/v2\/media\/1113"}],"wp:attachment":[{"href":"https:\/\/coresparkbattery.com\/pt\/wp-json\/wp\/v2\/media?parent=552"}],"wp:term":[{"taxonomy":"product_brand","embeddable":true,"href":"https:\/\/coresparkbattery.com\/pt\/wp-json\/wp\/v2\/product_brand?post=552"},{"taxonomy":"product_cat","embeddable":true,"href":"https:\/\/coresparkbattery.com\/pt\/wp-json\/wp\/v2\/product_cat?post=552"},{"taxonomy":"product_tag","embeddable":true,"href":"https:\/\/coresparkbattery.com\/pt\/wp-json\/wp\/v2\/product_tag?post=552"}],"curies":[{"name":"wp","href":"https:\/\/api.w.org\/{rel}","templated":true}]}}