{"id":549,"date":"2026-04-28T08:15:44","date_gmt":"2026-04-28T08:15:44","guid":{"rendered":"https:\/\/coresparkbattery.com\/solar-led-streetlight-12v-40ah-photovoltaic-lithium-iron-phosphate-battery-deep-cycle-rechargeable-lithium-ion-batteries-pack\/"},"modified":"2026-04-28T11:53:16","modified_gmt":"2026-04-28T11:53:16","slug":"solar-led-streetlight-12v-40ah-photovoltaic-lithium-iron-phosphate-battery-deep-cycle-rechargeable-lithium-ion-batteries-pack","status":"publish","type":"product","link":"https:\/\/coresparkbattery.com\/pt\/solar-led-streetlight-12v-40ah-photovoltaic-lithium-iron-phosphate-battery-deep-cycle-rechargeable-lithium-ion-batteries-pack\/","title":{"rendered":"Luz de rua solar LED 12V 40Ah Bateria de fosfato de ferro de l\u00edtio fotovoltaica Pacote de baterias de i\u00f5es de l\u00edtio recarreg\u00e1veis de ciclo profundo"},"content":{"rendered":"<p>Esta \u00e9 uma bateria LiFePO4 de estado semi-s\u00f3lido produzida pela Liyue Battery na China. Apresenta elevada seguran\u00e7a, ciclo de vida longo e desempenho est\u00e1vel para aplica\u00e7\u00f5es em v\u00e1rios cen\u00e1rios.<br \/>\nA bateria tem uma tens\u00e3o nominal de 12,8V e uma capacidade nominal de 40Ah, com uma pot\u00eancia m\u00e1xima de 512W. Suporta uma corrente de carga\/descarga de 40A e uma prote\u00e7\u00e3o contra sobreintensidades de 90A. Equipada com um BMS incorporado, oferece prote\u00e7\u00e3o total, incluindo sobrecarga, descarga excessiva, sobrecorrente e curto-circuito.<br \/>\nEle oferece 3000 ciclos de vida \u00fatil, uma taxa de auto-descarga de &lt;3% por m\u00eas e pode funcionar de forma confi\u00e1vel em uma ampla faixa de temperatura de -20 \u2103 a 60 \u2103. Com terminais de veda\u00e7\u00e3o, dimens\u00f5es compactas de 30019080mm e um peso leve de 6kg, \u00e9 f\u00e1cil de instalar e usar.<br \/>\nOEM e ODM s\u00e3o aceit\u00e1veis. Esta bateria de ciclo profundo de 12V \u00e9 amplamente utilizada em sistemas de armazenamento de energia solar, bicicletas\/scooters el\u00e9ctricas, submarinos, sistemas de energia el\u00e9ctrica, cadeiras de rodas el\u00e9ctricas, sem\u00e1foros, luzes de rua solares e portas autom\u00e1ticas.<\/p>","protected":false},"excerpt":{"rendered":"<p>Bateria LiFePO4 para backup UPS, bateria LiFePO4 para empilhadeira el\u00e9trica, bateria LiFePO4 para motocicleta el\u00e9trica, bateria LiFePO4 de baixa temperatura -20 \u2103<\/p>","protected":false},"featured_media":1104,"template":"","meta":{"_gspb_post_css":""},"product_brand":[],"product_cat":[494],"product_tag":[468,469,467,470],"class_list":{"0":"post-549","1":"product","2":"type-product","3":"status-publish","4":"has-post-thumbnail","6":"product_cat-12v-lifepo4-battery","7":"product_tag-lifepo4-battery-pack-for-electric-forklift","8":"product_tag-lifepo4-battery-pack-for-electric-motorcycle","9":"product_tag-lifepo4-battery-pack-for-ups-backup","10":"product_tag-low-temperature-lifepo4-battery-pack-20","12":"first","13":"instock","14":"featured","15":"shipping-taxable","16":"product-type-simple"},"_links":{"self":[{"href":"https:\/\/coresparkbattery.com\/pt\/wp-json\/wp\/v2\/product\/549","targetHints":{"allow":["GET"]}}],"collection":[{"href":"https:\/\/coresparkbattery.com\/pt\/wp-json\/wp\/v2\/product"}],"about":[{"href":"https:\/\/coresparkbattery.com\/pt\/wp-json\/wp\/v2\/types\/product"}],"wp:featuredmedia":[{"embeddable":true,"href":"https:\/\/coresparkbattery.com\/pt\/wp-json\/wp\/v2\/media\/1104"}],"wp:attachment":[{"href":"https:\/\/coresparkbattery.com\/pt\/wp-json\/wp\/v2\/media?parent=549"}],"wp:term":[{"taxonomy":"product_brand","embeddable":true,"href":"https:\/\/coresparkbattery.com\/pt\/wp-json\/wp\/v2\/product_brand?post=549"},{"taxonomy":"product_cat","embeddable":true,"href":"https:\/\/coresparkbattery.com\/pt\/wp-json\/wp\/v2\/product_cat?post=549"},{"taxonomy":"product_tag","embeddable":true,"href":"https:\/\/coresparkbattery.com\/pt\/wp-json\/wp\/v2\/product_tag?post=549"}],"curies":[{"name":"wp","href":"https:\/\/api.w.org\/{rel}","templated":true}]}}