{"id":548,"date":"2026-04-28T08:15:43","date_gmt":"2026-04-28T08:15:43","guid":{"rendered":"https:\/\/coresparkbattery.com\/custom-48v-72v-80v-96v-forklift-lithium-ion-battery-pack-industrial-electric-forklift-lifepo4-battery-for-warehouse\/"},"modified":"2026-04-28T11:52:19","modified_gmt":"2026-04-28T11:52:19","slug":"custom-48v-72v-80v-96v-forklift-lithium-ion-battery-pack-industrial-electric-forklift-lifepo4-battery-for-warehouse","status":"publish","type":"product","link":"https:\/\/coresparkbattery.com\/pt\/custom-48v-72v-80v-96v-forklift-lithium-ion-battery-pack-industrial-electric-forklift-lifepo4-battery-for-warehouse\/","title":{"rendered":"Personalizado 48V 72V 80V 96V Empilhadeira de \u00edon de l\u00edtio Bateria de empilhadeira el\u00e9trica industrial LiFePO4 para armaz\u00e9m"},"content":{"rendered":"<p>Esta \u00e9 uma bateria de l\u00edtio LFP do tipo l\u00edquido fabricada pela Liyue na China. Possui desempenho est\u00e1vel, longa vida \u00fatil e forte adaptabilidade para aplica\u00e7\u00f5es pesadas.<br \/>\nA bateria oferece uma tens\u00e3o nominal de 48V, 72V, 80V, 96V e uma capacidade de 400Ah, com uma pot\u00eancia m\u00e1xima de 32000W. Suporta uma corrente de carga de 200A, uma corrente de descarga cont\u00ednua de 300A e uma prote\u00e7\u00e3o contra sobreintensidades de 600A. O desempenho m\u00e1ximo \u00e9 suportado por um conetor de alta pot\u00eancia Rema 320A.<br \/>\nEle fornece 3500 ciclos de carga-descarga, uma taxa de auto-descarga de &lt;2% por m\u00eas e prote\u00e7\u00e3o IP66 \u00e0 prova d&#039;\u00e1gua e \u00e0 prova de poeira. A bateria pode funcionar de forma confi\u00e1vel em uma ampla faixa de temperatura de -20 \u2103 a 60 \u2103.<br \/>\nCom dimens\u00f5es de 1008\u00d7701\u00d7416mm e um peso de 360kg, esta bateria \u00e9 ideal para barcos, carrinhos de golfe, sistemas de energia el\u00e9ctrica, empilhadores el\u00e9ctricos, submarinos, ve\u00edculos el\u00e9ctricos, bicicletas el\u00e9ctricas e scooters.<\/p>","protected":false},"excerpt":{"rendered":"<p>Bateria LiFePO4 inteligente com APP, 5 anos de garantia Bateria LiFePO4, bateria LiFePO4 para scooter el\u00e9ctrica, bateria LiFePO4 para avi\u00e3o el\u00e9trico<\/p>","protected":false},"featured_media":1099,"template":"","meta":{"_gspb_post_css":""},"product_brand":[],"product_cat":[491],"product_tag":[464,466,465,463],"class_list":{"0":"post-548","1":"product","2":"type-product","3":"status-publish","4":"has-post-thumbnail","6":"product_cat-forklift-battery-pack","7":"product_tag-5-years-warranty-lifepo4-battery","8":"product_tag-lifepo4-battery-pack-for-electric-plane","9":"product_tag-lifepo4-battery-pack-for-electric-scooter","10":"product_tag-smart-lifepo4-battery-pack-with-app","12":"first","13":"instock","14":"featured","15":"shipping-taxable","16":"product-type-simple"},"_links":{"self":[{"href":"https:\/\/coresparkbattery.com\/pt\/wp-json\/wp\/v2\/product\/548","targetHints":{"allow":["GET"]}}],"collection":[{"href":"https:\/\/coresparkbattery.com\/pt\/wp-json\/wp\/v2\/product"}],"about":[{"href":"https:\/\/coresparkbattery.com\/pt\/wp-json\/wp\/v2\/types\/product"}],"wp:featuredmedia":[{"embeddable":true,"href":"https:\/\/coresparkbattery.com\/pt\/wp-json\/wp\/v2\/media\/1099"}],"wp:attachment":[{"href":"https:\/\/coresparkbattery.com\/pt\/wp-json\/wp\/v2\/media?parent=548"}],"wp:term":[{"taxonomy":"product_brand","embeddable":true,"href":"https:\/\/coresparkbattery.com\/pt\/wp-json\/wp\/v2\/product_brand?post=548"},{"taxonomy":"product_cat","embeddable":true,"href":"https:\/\/coresparkbattery.com\/pt\/wp-json\/wp\/v2\/product_cat?post=548"},{"taxonomy":"product_tag","embeddable":true,"href":"https:\/\/coresparkbattery.com\/pt\/wp-json\/wp\/v2\/product_tag?post=548"}],"curies":[{"name":"wp","href":"https:\/\/api.w.org\/{rel}","templated":true}]}}