{"id":546,"date":"2026-04-28T08:15:43","date_gmt":"2026-04-28T08:15:43","guid":{"rendered":"https:\/\/coresparkbattery.com\/lfp-battery-48v-60v-72v-85ah-100ah-640ah-lifepo4-battery-for-golf-cart-forklift\/"},"modified":"2026-04-28T11:49:01","modified_gmt":"2026-04-28T11:49:01","slug":"lfp-battery-48v-60v-72v-85ah-100ah-640ah-lifepo4-battery-for-golf-cart-forklift","status":"publish","type":"product","link":"https:\/\/coresparkbattery.com\/pt\/lfp-battery-48v-60v-72v-85ah-100ah-640ah-lifepo4-battery-for-golf-cart-forklift\/","title":{"rendered":"Bateria Lfp 48V 60V 72V 85Ah 100Ah 640Ah Bateria LiFePO4 para carrinho de golfe Empilhadeira"},"content":{"rendered":"<p>Este \u00e9 um conjunto de baterias de l\u00edtio LiFePO4 alimentado por tecnologia avan\u00e7ada de fosfato de ferro-l\u00edtio, com uma tens\u00e3o nominal de 48V e uma capacidade de energia de 2016Wh. Suporta at\u00e9 42 c\u00e9lulas e proporciona uma longa vida \u00fatil de 4000 ciclos, garantindo um desempenho est\u00e1vel e duradouro.<br \/>\nA bateria opera de forma confi\u00e1vel em uma ampla faixa de temperatura de -20 \u2103 a 60 \u2103, com um acabamento prateado e dimens\u00f5es compactas de 380290175mm, pesando apenas 20kg. \u00c9 fabricado em Shandong, China, sob a marca Sirui (Jinan) Technology.<br \/>\nA personaliza\u00e7\u00e3o OEM e ODM \u00e9 totalmente suportada. Esta bateria \u00e9 amplamente utilizada em barcos, carrinhos de golfe, submarinos, bicicletas\/scooters el\u00e9ctricas, ve\u00edculos el\u00e9ctricos, cadeiras de rodas el\u00e9ctricas e empilhadores el\u00e9ctricos.<\/p>","protected":false},"excerpt":{"rendered":"<p>Bateria LiFePO4 de alta capacidade 500Ah, encomenda a granel de baterias LiFePO4, bateria LiFePO4 para triciclo el\u00e9trico, bateria LiFePO4 para comboio el\u00e9trico<\/p>","protected":false},"featured_media":1089,"template":"","meta":{"_gspb_post_css":""},"product_brand":[],"product_cat":[489,488,491,15],"product_tag":[456,455,458,457],"class_list":{"0":"post-546","1":"product","2":"type-product","3":"status-publish","4":"has-post-thumbnail","6":"product_cat-48v-golf-cart-battery","7":"product_cat-76-8v-golf-cart-battery","8":"product_cat-forklift-battery-pack","9":"product_cat-golf-cart-battery","10":"product_tag-bulk-order-lifepo4-battery-pack","11":"product_tag-high-capacity-500ah-lifepo4-battery","12":"product_tag-lifepo4-battery-pack-for-electric-train","13":"product_tag-lifepo4-battery-pack-for-electric-tricycle","15":"first","16":"instock","17":"featured","18":"shipping-taxable","19":"product-type-simple"},"_links":{"self":[{"href":"https:\/\/coresparkbattery.com\/pt\/wp-json\/wp\/v2\/product\/546","targetHints":{"allow":["GET"]}}],"collection":[{"href":"https:\/\/coresparkbattery.com\/pt\/wp-json\/wp\/v2\/product"}],"about":[{"href":"https:\/\/coresparkbattery.com\/pt\/wp-json\/wp\/v2\/types\/product"}],"wp:featuredmedia":[{"embeddable":true,"href":"https:\/\/coresparkbattery.com\/pt\/wp-json\/wp\/v2\/media\/1089"}],"wp:attachment":[{"href":"https:\/\/coresparkbattery.com\/pt\/wp-json\/wp\/v2\/media?parent=546"}],"wp:term":[{"taxonomy":"product_brand","embeddable":true,"href":"https:\/\/coresparkbattery.com\/pt\/wp-json\/wp\/v2\/product_brand?post=546"},{"taxonomy":"product_cat","embeddable":true,"href":"https:\/\/coresparkbattery.com\/pt\/wp-json\/wp\/v2\/product_cat?post=546"},{"taxonomy":"product_tag","embeddable":true,"href":"https:\/\/coresparkbattery.com\/pt\/wp-json\/wp\/v2\/product_tag?post=546"}],"curies":[{"name":"wp","href":"https:\/\/api.w.org\/{rel}","templated":true}]}}