{"id":545,"date":"2026-04-28T08:15:43","date_gmt":"2026-04-28T08:15:43","guid":{"rendered":"https:\/\/coresparkbattery.com\/professional-electric-forklift-lithium-battery-supplier-customized-lifepo4-24v-36v-48v-60v-72v-80v-lithium-ion-battery-for-sale\/"},"modified":"2026-04-28T11:48:05","modified_gmt":"2026-04-28T11:48:05","slug":"professional-electric-forklift-lithium-battery-supplier-customized-lifepo4-24v-36v-48v-60v-72v-80v-lithium-ion-battery-for-sale","status":"publish","type":"product","link":"https:\/\/coresparkbattery.com\/pt\/professional-electric-forklift-lithium-battery-supplier-customized-lifepo4-24v-36v-48v-60v-72v-80v-lithium-ion-battery-for-sale\/","title":{"rendered":"Fornecedor profissional de bateria de l\u00edtio para empilhadeira el\u00e9trica Bateria de \u00edon de l\u00edtio personalizada Lifepo4 24v 36v 48V 60V 72v 80v para venda"},"content":{"rendered":"<p>As nossas baterias de l\u00edtio para empilhadores apresentam elevada efici\u00eancia, longa vida \u00fatil, funcionamento sem manuten\u00e7\u00e3o, respeito pelo ambiente e excelente desempenho em termos de seguran\u00e7a. Concebidas como um substituto direto das tradicionais baterias de chumbo-\u00e1cido, tornaram-se a solu\u00e7\u00e3o energ\u00e9tica preferida para as modernas ind\u00fastrias de log\u00edstica e armazenamento.<\/p>","protected":false},"excerpt":{"rendered":"<p>Bateria LiFePO4 para temperaturas extremas, fabricante de baterias LiFePO4 de Guangdong, bateria LiFePO4 para carro de turismo, bateria LiFePO4 para cami\u00e3o el\u00e9trico<\/p>","protected":false},"featured_media":1084,"template":"","meta":{"_gspb_post_css":""},"product_brand":[],"product_cat":[491],"product_tag":[452,454,451,453],"class_list":{"0":"post-545","1":"product","2":"type-product","3":"status-publish","4":"has-post-thumbnail","6":"product_cat-forklift-battery-pack","7":"product_tag-guangdong-lifepo4-battery-manufacturer","8":"product_tag-lifepo4-battery-pack-for-electric-truck","9":"product_tag-lifepo4-battery-pack-for-extreme-temperature","10":"product_tag-lifepo4-battery-pack-for-sightseeing-car","12":"first","13":"instock","14":"featured","15":"shipping-taxable","16":"product-type-simple"},"_links":{"self":[{"href":"https:\/\/coresparkbattery.com\/pt\/wp-json\/wp\/v2\/product\/545","targetHints":{"allow":["GET"]}}],"collection":[{"href":"https:\/\/coresparkbattery.com\/pt\/wp-json\/wp\/v2\/product"}],"about":[{"href":"https:\/\/coresparkbattery.com\/pt\/wp-json\/wp\/v2\/types\/product"}],"wp:featuredmedia":[{"embeddable":true,"href":"https:\/\/coresparkbattery.com\/pt\/wp-json\/wp\/v2\/media\/1084"}],"wp:attachment":[{"href":"https:\/\/coresparkbattery.com\/pt\/wp-json\/wp\/v2\/media?parent=545"}],"wp:term":[{"taxonomy":"product_brand","embeddable":true,"href":"https:\/\/coresparkbattery.com\/pt\/wp-json\/wp\/v2\/product_brand?post=545"},{"taxonomy":"product_cat","embeddable":true,"href":"https:\/\/coresparkbattery.com\/pt\/wp-json\/wp\/v2\/product_cat?post=545"},{"taxonomy":"product_tag","embeddable":true,"href":"https:\/\/coresparkbattery.com\/pt\/wp-json\/wp\/v2\/product_tag?post=545"}],"curies":[{"name":"wp","href":"https:\/\/api.w.org\/{rel}","templated":true}]}}