{"id":544,"date":"2026-04-28T08:15:43","date_gmt":"2026-04-28T08:15:43","guid":{"rendered":"https:\/\/coresparkbattery.com\/48v-60v-72v-80v-volt-400ah-600ah-800ah-rechargeable-electric-charger-lithium-ion-prices-forklift-battery-batteries-for-forklift\/"},"modified":"2026-04-28T11:46:45","modified_gmt":"2026-04-28T11:46:45","slug":"48v-60v-72v-80v-volt-400ah-600ah-800ah-rechargeable-electric-charger-lithium-ion-prices-forklift-battery-batteries-for-forklift","status":"publish","type":"product","link":"https:\/\/coresparkbattery.com\/pt\/48v-60v-72v-80v-volt-400ah-600ah-800ah-rechargeable-electric-charger-lithium-ion-prices-forklift-battery-batteries-for-forklift\/","title":{"rendered":"48v 60v 72v 80v Volt 400ah 600ah 800ah Carregador el\u00e9trico recarreg\u00e1vel Pre\u00e7os de i\u00f5es de l\u00edtio Baterias para empilhadores Baterias para empilhadores"},"content":{"rendered":"<p>Tens\u00e3o nominal: 51,2V<br \/>\nCapacidade nominal: 100Ah<br \/>\nEnergia nominal: 5120Wh<br \/>\nResist\u00eancia interna: \u226420m\u03a9<br \/>\nTens\u00e3o de corte de descarga: 43,2V<br \/>\nTens\u00e3o de corte do carregamento: 57,6V\u00b10,2V<br \/>\nCorrente de carga padr\u00e3o: 50A (recomendada para uma vida \u00fatil mais longa)<br \/>\nCorrente m\u00e1xima de carga cont\u00ednua: 100A<br \/>\nCorrente de descarga padr\u00e3o: 50A<br \/>\nCorrente m\u00e1xima de descarga cont\u00ednua: 100A<br \/>\nVida \u00fatil do ciclo: \u22654000 ciclos<br \/>\nMaterial de embalagem: Caixa met\u00e1lica, RAL7024, IP67<br \/>\nPeso: 43\u00b10,2Kg<br \/>\nTamanho: (580\u00b12) * (420\u00b12) * (160\u00b12) mm<br \/>\nFio de alimenta\u00e7\u00e3o: Terminais da bateria - M6<br \/>\nConector de alimenta\u00e7\u00e3o e comunica\u00e7\u00e3o: WS16K3Z<br \/>\nFun\u00e7\u00f5es de prote\u00e7\u00e3o: Prote\u00e7\u00e3o contra sobrecarga, prote\u00e7\u00e3o contra descarga excessiva, equaliza\u00e7\u00e3o de c\u00e9lulas, prote\u00e7\u00e3o contra curto-circuito<br \/>\nTemperatura de funcionamento:<br \/>\nDentro de 3 meses: -20\u2103 ~ +45\u2103<br \/>\nDentro de 6 meses: -10\u2103 ~ +35\u2103<br \/>\nCarater\u00edsticas adicionais: Interruptor de alimenta\u00e7\u00e3o, comunica\u00e7\u00e3o CAN, RS485<\/p>","protected":false},"excerpt":{"rendered":"<p>Bateria LiFePO4 \u00e0 prova de \u00e1gua IP67, bateria LiFePO4 fabricada na China, bateria LiFePO4 para carro el\u00e9trico, bateria LiFePO4 para autocarro el\u00e9trico<\/p>","protected":false},"featured_media":1079,"template":"","meta":{"_gspb_post_css":""},"product_brand":[],"product_cat":[491],"product_tag":[448,447,450,449],"class_list":{"0":"post-544","1":"product","2":"type-product","3":"status-publish","4":"has-post-thumbnail","6":"product_cat-forklift-battery-pack","7":"product_tag-china-made-lifepo4-battery-pack","8":"product_tag-ip67-waterproof-lifepo4-battery-pack","9":"product_tag-lifepo4-battery-pack-for-electric-bus","10":"product_tag-lifepo4-battery-pack-for-electric-cart","12":"first","13":"instock","14":"featured","15":"shipping-taxable","16":"product-type-simple"},"_links":{"self":[{"href":"https:\/\/coresparkbattery.com\/pt\/wp-json\/wp\/v2\/product\/544","targetHints":{"allow":["GET"]}}],"collection":[{"href":"https:\/\/coresparkbattery.com\/pt\/wp-json\/wp\/v2\/product"}],"about":[{"href":"https:\/\/coresparkbattery.com\/pt\/wp-json\/wp\/v2\/types\/product"}],"wp:featuredmedia":[{"embeddable":true,"href":"https:\/\/coresparkbattery.com\/pt\/wp-json\/wp\/v2\/media\/1079"}],"wp:attachment":[{"href":"https:\/\/coresparkbattery.com\/pt\/wp-json\/wp\/v2\/media?parent=544"}],"wp:term":[{"taxonomy":"product_brand","embeddable":true,"href":"https:\/\/coresparkbattery.com\/pt\/wp-json\/wp\/v2\/product_brand?post=544"},{"taxonomy":"product_cat","embeddable":true,"href":"https:\/\/coresparkbattery.com\/pt\/wp-json\/wp\/v2\/product_cat?post=544"},{"taxonomy":"product_tag","embeddable":true,"href":"https:\/\/coresparkbattery.com\/pt\/wp-json\/wp\/v2\/product_tag?post=544"}],"curies":[{"name":"wp","href":"https:\/\/api.w.org\/{rel}","templated":true}]}}