{"id":542,"date":"2026-04-28T08:15:43","date_gmt":"2026-04-28T08:15:43","guid":{"rendered":"https:\/\/coresparkbattery.com\/forklift-lithium-ion-battery-36v-48v-60v-72v-80v-high-capacity-lifepo4-electric-forklift-batteries-for-forklift-applications\/"},"modified":"2026-04-28T11:44:05","modified_gmt":"2026-04-28T11:44:05","slug":"forklift-lithium-ion-battery-36v-48v-60v-72v-80v-high-capacity-lifepo4-electric-forklift-batteries-for-forklift-applications","status":"publish","type":"product","link":"https:\/\/coresparkbattery.com\/pt\/forklift-lithium-ion-battery-36v-48v-60v-72v-80v-high-capacity-lifepo4-electric-forklift-batteries-for-forklift-applications\/","title":{"rendered":"Bateria de i\u00f5es de l\u00edtio para empilhadores 36v 48v 60v 72v 80v Baterias de empilhadores el\u00e9ctricos LifePO4 de alta capacidade para aplica\u00e7\u00f5es de empilhadores"},"content":{"rendered":"<p>As nossas baterias de l\u00edtio para empilhadores s\u00e3o de alta efici\u00eancia, longa vida \u00fatil, funcionamento sem manuten\u00e7\u00e3o, ecologicamente corretas e seguras, concebidas para substituir as tradicionais baterias de chumbo-\u00e1cido e tornarem-se a solu\u00e7\u00e3o energ\u00e9tica preferida para as ind\u00fastrias modernas de log\u00edstica e armazenamento.<\/p>","protected":false},"excerpt":{"rendered":"<p>Bateria LiFePO4 de 72V para ve\u00edculo el\u00e9trico, bateria LiFePO4 compat\u00edvel com RoHS, bateria LiFePO4 personalizada para empilhador, bateria LiFePO4 de 24V 100Ah para marinha<\/p>","protected":false},"featured_media":1069,"template":"","meta":{"_gspb_post_css":""},"product_brand":[],"product_cat":[491],"product_tag":[442,439,441,440],"class_list":{"0":"post-542","1":"product","2":"type-product","3":"status-publish","4":"has-post-thumbnail","6":"product_cat-forklift-battery-pack","7":"product_tag-24v-100ah-lifepo4-battery-for-marine","8":"product_tag-72v-lifepo4-battery-for-electric-vehicle","9":"product_tag-custom-built-lifepo4-battery-pack-for-forklift","10":"product_tag-rohs-compliant-lifepo4-battery","12":"first","13":"instock","14":"featured","15":"shipping-taxable","16":"product-type-simple"},"_links":{"self":[{"href":"https:\/\/coresparkbattery.com\/pt\/wp-json\/wp\/v2\/product\/542","targetHints":{"allow":["GET"]}}],"collection":[{"href":"https:\/\/coresparkbattery.com\/pt\/wp-json\/wp\/v2\/product"}],"about":[{"href":"https:\/\/coresparkbattery.com\/pt\/wp-json\/wp\/v2\/types\/product"}],"wp:featuredmedia":[{"embeddable":true,"href":"https:\/\/coresparkbattery.com\/pt\/wp-json\/wp\/v2\/media\/1069"}],"wp:attachment":[{"href":"https:\/\/coresparkbattery.com\/pt\/wp-json\/wp\/v2\/media?parent=542"}],"wp:term":[{"taxonomy":"product_brand","embeddable":true,"href":"https:\/\/coresparkbattery.com\/pt\/wp-json\/wp\/v2\/product_brand?post=542"},{"taxonomy":"product_cat","embeddable":true,"href":"https:\/\/coresparkbattery.com\/pt\/wp-json\/wp\/v2\/product_cat?post=542"},{"taxonomy":"product_tag","embeddable":true,"href":"https:\/\/coresparkbattery.com\/pt\/wp-json\/wp\/v2\/product_tag?post=542"}],"curies":[{"name":"wp","href":"https:\/\/api.w.org\/{rel}","templated":true}]}}