{"id":541,"date":"2026-04-28T08:15:43","date_gmt":"2026-04-28T08:15:43","guid":{"rendered":"https:\/\/coresparkbattery.com\/forklift-lithium-battery-36v-48v-60v-80v-400ah-600ah-high-capacity-lifepo4-electric-forklift-batteries-for-forklift-applications\/"},"modified":"2026-04-28T11:43:02","modified_gmt":"2026-04-28T11:43:02","slug":"forklift-lithium-battery-36v-48v-60v-80v-400ah-600ah-high-capacity-lifepo4-electric-forklift-batteries-for-forklift-applications","status":"publish","type":"product","link":"https:\/\/coresparkbattery.com\/pt\/forklift-lithium-battery-36v-48v-60v-80v-400ah-600ah-high-capacity-lifepo4-electric-forklift-batteries-for-forklift-applications\/","title":{"rendered":"Bateria de l\u00edtio para empilhadores 36v 48v 60v 80v 400ah 600ah Baterias de empilhadores el\u00e9ctricos LifePO4 de alta capacidade para aplica\u00e7\u00f5es de empilhadores"},"content":{"rendered":"<p>Longa vida \u00fatil Concebido para exceder 4.000 ciclos de carga, mantendo um desempenho est\u00e1vel e fi\u00e1vel durante todo o tempo.<br \/>\nCarregamento r\u00e1pido Recarrega rapidamente sem efeito de mem\u00f3ria, mantendo o seu equipamento a funcionar com menos tempo de inatividade.<br \/>\nManuten\u00e7\u00e3o - Gratuita N\u00e3o s\u00e3o necess\u00e1rias regas ou inspec\u00e7\u00f5es, reduzindo o tempo de trabalho e melhorando a disponibilidade do equipamento.<br \/>\nPoupan\u00e7a de custos Reduza os custos de propriedade at\u00e9 70% em cinco anos com uma utiliza\u00e7\u00e3o eficiente da energia e uma longa vida \u00fatil.<br \/>\nGarantia alargada Inclui uma garantia de 8 anos e suporte global completo para assegurar uma confian\u00e7a a longo prazo.<br \/>\nResistente \u00e0 temperatura Funciona eficazmente com muito calor ou muito frio, ideal para ambientes interiores e exteriores.<br \/>\nMonitoriza\u00e7\u00e3o inteligente Suporta monitoriza\u00e7\u00e3o em tempo real e diagn\u00f3sticos remotos para simplificar a gest\u00e3o da bateria.<br \/>\nAmigo do ambiente Constru\u00eddo com carater\u00edsticas de seguran\u00e7a e design ecol\u00f3gico para ajudar a reduzir a sua pegada de carbono.<\/p>","protected":false},"excerpt":{"rendered":"<p>Bateria LiFePO4 de 48V para sistema solar, bateria LiFePO4 listada na UL, bateria LiFePO4 com monitoriza\u00e7\u00e3o Bluetooth, bateria LiFePO4 de ciclo profundo de 12V 200Ah<\/p>","protected":false},"featured_media":1064,"template":"","meta":{"_gspb_post_css":""},"product_brand":[],"product_cat":[491],"product_tag":[438,435,437,436],"class_list":{"0":"post-541","1":"product","2":"type-product","3":"status-publish","4":"has-post-thumbnail","6":"product_cat-forklift-battery-pack","7":"product_tag-12v-200ah-deep-cycle-lifepo4-battery","8":"product_tag-48v-lifepo4-battery-for-solar-system","9":"product_tag-lifepo4-battery-pack-with-bluetooth-monitoring","10":"product_tag-ul-listed-lifepo4-battery-pack","12":"first","13":"instock","14":"featured","15":"shipping-taxable","16":"product-type-simple"},"_links":{"self":[{"href":"https:\/\/coresparkbattery.com\/pt\/wp-json\/wp\/v2\/product\/541","targetHints":{"allow":["GET"]}}],"collection":[{"href":"https:\/\/coresparkbattery.com\/pt\/wp-json\/wp\/v2\/product"}],"about":[{"href":"https:\/\/coresparkbattery.com\/pt\/wp-json\/wp\/v2\/types\/product"}],"wp:featuredmedia":[{"embeddable":true,"href":"https:\/\/coresparkbattery.com\/pt\/wp-json\/wp\/v2\/media\/1064"}],"wp:attachment":[{"href":"https:\/\/coresparkbattery.com\/pt\/wp-json\/wp\/v2\/media?parent=541"}],"wp:term":[{"taxonomy":"product_brand","embeddable":true,"href":"https:\/\/coresparkbattery.com\/pt\/wp-json\/wp\/v2\/product_brand?post=541"},{"taxonomy":"product_cat","embeddable":true,"href":"https:\/\/coresparkbattery.com\/pt\/wp-json\/wp\/v2\/product_cat?post=541"},{"taxonomy":"product_tag","embeddable":true,"href":"https:\/\/coresparkbattery.com\/pt\/wp-json\/wp\/v2\/product_tag?post=541"}],"curies":[{"name":"wp","href":"https:\/\/api.w.org\/{rel}","templated":true}]}}