{"id":540,"date":"2026-04-28T08:15:43","date_gmt":"2026-04-28T08:15:43","guid":{"rendered":"https:\/\/coresparkbattery.com\/this-is-a-custom-lifepo4-lithium-battery-pack-available-in-51-2v-and-48v-nominal-voltage-with-a-capacity-of-460ah-it-adopts-a-16s2p-cell-configuration-the-charging-voltage-is-58-4v-with-a-charging\/"},"modified":"2026-04-28T11:42:00","modified_gmt":"2026-04-28T11:42:00","slug":"this-is-a-custom-lifepo4-lithium-battery-pack-available-in-51-2v-and-48v-nominal-voltage-with-a-capacity-of-460ah-it-adopts-a-16s2p-cell-configuration-the-charging-voltage-is-58-4v-with-a-charging","status":"publish","type":"product","link":"https:\/\/coresparkbattery.com\/pt\/this-is-a-custom-lifepo4-lithium-battery-pack-available-in-51-2v-and-48v-nominal-voltage-with-a-capacity-of-460ah-it-adopts-a-16s2p-cell-configuration-the-charging-voltage-is-58-4v-with-a-charging\/","title":{"rendered":"Bateria de l\u00edtio LiFePO4 dispon\u00edvel com tens\u00e3o nominal de 51,2V e 48V, com uma capacidade de 460Ah."},"content":{"rendered":"<p>Este conjunto personalizado de baterias de l\u00edtio LiFePO4 foi concebido para satisfazer diversas necessidades de energia, com os seguintes par\u00e2metros-chave:<br \/>\nOferece duas op\u00e7\u00f5es de tens\u00e3o nominal: 51,2V e 48V, emparelhadas com uma capacidade nominal de 460Ah, garantindo um fornecimento de energia est\u00e1vel e duradouro. O conjunto de baterias adopta uma configura\u00e7\u00e3o de c\u00e9lulas 16S2P, que garante eficazmente a estabilidade e a seguran\u00e7a da sa\u00edda de energia.<br \/>\nEm termos de desempenho de carga e descarga, a tens\u00e3o de carga \u00e9 de 58,4V, a corrente de carga atinge 200A e a corrente de descarga varia entre 300A e 500A, satisfazendo a procura de energia de diferentes cen\u00e1rios de aplica\u00e7\u00e3o. A tens\u00e3o de descarga \u00e9 de 51,2V, garantindo uma liberta\u00e7\u00e3o de energia eficiente e est\u00e1vel.<br \/>\nAceitamos totalmente os servi\u00e7os de personaliza\u00e7\u00e3o OEM\/ODM para adaptar a bateria \u00e0s suas necessidades espec\u00edficas. Al\u00e9m disso, o produto \u00e9 apoiado por uma garantia de 2 anos, proporcionando-lhe uma garantia de qualidade abrangente e um apoio p\u00f3s-venda sem preocupa\u00e7\u00f5es.<\/p>","protected":false},"excerpt":{"rendered":"<p>Bateria 48V 100Ah LiFePO4, bateria LiFePO4 com BMS 200A, bateria LiFePO4 de alta descarga 300A, bateria LiFePO4 para armazenamento de energia dom\u00e9stica<\/p>","protected":false},"featured_media":1061,"template":"","meta":{"_gspb_post_css":""},"product_brand":[],"product_cat":[504],"product_tag":[422,433,434,432],"class_list":{"0":"post-540","1":"product","2":"type-product","3":"status-publish","4":"has-post-thumbnail","6":"product_cat-lead-acid-replacement-batteries","7":"product_tag-48v-100ah-lifepo4-battery-pack","8":"product_tag-high-discharge-lifepo4-battery-300a","9":"product_tag-lifepo4-battery-pack-for-home-energy-storage","10":"product_tag-lifepo4-battery-pack-with-200a-bms","12":"first","13":"instock","14":"featured","15":"shipping-taxable","16":"product-type-simple"},"_links":{"self":[{"href":"https:\/\/coresparkbattery.com\/pt\/wp-json\/wp\/v2\/product\/540","targetHints":{"allow":["GET"]}}],"collection":[{"href":"https:\/\/coresparkbattery.com\/pt\/wp-json\/wp\/v2\/product"}],"about":[{"href":"https:\/\/coresparkbattery.com\/pt\/wp-json\/wp\/v2\/types\/product"}],"wp:featuredmedia":[{"embeddable":true,"href":"https:\/\/coresparkbattery.com\/pt\/wp-json\/wp\/v2\/media\/1061"}],"wp:attachment":[{"href":"https:\/\/coresparkbattery.com\/pt\/wp-json\/wp\/v2\/media?parent=540"}],"wp:term":[{"taxonomy":"product_brand","embeddable":true,"href":"https:\/\/coresparkbattery.com\/pt\/wp-json\/wp\/v2\/product_brand?post=540"},{"taxonomy":"product_cat","embeddable":true,"href":"https:\/\/coresparkbattery.com\/pt\/wp-json\/wp\/v2\/product_cat?post=540"},{"taxonomy":"product_tag","embeddable":true,"href":"https:\/\/coresparkbattery.com\/pt\/wp-json\/wp\/v2\/product_tag?post=540"}],"curies":[{"name":"wp","href":"https:\/\/api.w.org\/{rel}","templated":true}]}}