{"id":538,"date":"2026-04-28T08:15:43","date_gmt":"2026-04-28T08:15:43","guid":{"rendered":"https:\/\/coresparkbattery.com\/lifepo4-48v-300ah-400ah-600ah-energy-storage-battery-300ah-400ah-600ah-heating-for-home-solar-energy-storage\/"},"modified":"2026-04-28T11:37:20","modified_gmt":"2026-04-28T11:37:20","slug":"lifepo4-48v-300ah-400ah-600ah-energy-storage-battery-300ah-400ah-600ah-heating-for-home-solar-energy-storage","status":"publish","type":"product","link":"https:\/\/coresparkbattery.com\/pt\/lifepo4-48v-300ah-400ah-600ah-energy-storage-battery-300ah-400ah-600ah-heating-for-home-solar-energy-storage\/","title":{"rendered":"LiFePo4 48v 300ah 400ah 600ah Bateria de armazenamento de energia 300ah 400ah 600ah Aquecimento para casa Armazenamento de energia solar"},"content":{"rendered":"<p>Esta \u00e9 uma bateria LiFePO4 de 48V com um peso de 50kg, dispon\u00edvel nas capacidades de 300Ah, 400Ah e 600Ah.<br \/>\nAdopta material de c\u00e1todo LiFePO4 de alta qualidade e utiliza c\u00e9lulas de qualidade superior da EVE, Gotion, LG e DJ.<br \/>\nCom um ciclo de vida de mais de 6000 vezes, suporta uma corrente de carga recomendada de 300A e uma corrente de descarga recomendada de 300A.<br \/>\nPossui uma ampla faixa de temperatura de opera\u00e7\u00e3o: 0~60\u2103 para carregamento e -20~60\u2103 para descarregamento.<br \/>\nFabricado em Guangdong, China, a personaliza\u00e7\u00e3o OEM e ODM \u00e9 aceit\u00e1vel.<\/p>","protected":false},"excerpt":{"rendered":"<p>Bateria de 12V 100Ah LiFePO4, bateria LiFePO4 para RV solar, bateria LiFePO4 de ciclo profundo para fora da rede, bateria LiFePO4 industrial OEM<\/p>","protected":false},"featured_media":1052,"template":"","meta":{"_gspb_post_css":""},"product_brand":[],"product_cat":[494],"product_tag":[420,427,426,428],"class_list":{"0":"post-538","1":"product","2":"type-product","3":"status-publish","4":"has-post-thumbnail","6":"product_cat-12v-lifepo4-battery","7":"product_tag-12v-100ah-lifepo4-battery-pack","8":"product_tag-deep-cycle-lifepo4-battery-for-off-grid","9":"product_tag-lifepo4-battery-pack-for-rv-solar","10":"product_tag-oem-industrial-lifepo4-battery-pack","12":"first","13":"instock","14":"featured","15":"shipping-taxable","16":"product-type-simple"},"_links":{"self":[{"href":"https:\/\/coresparkbattery.com\/pt\/wp-json\/wp\/v2\/product\/538","targetHints":{"allow":["GET"]}}],"collection":[{"href":"https:\/\/coresparkbattery.com\/pt\/wp-json\/wp\/v2\/product"}],"about":[{"href":"https:\/\/coresparkbattery.com\/pt\/wp-json\/wp\/v2\/types\/product"}],"wp:featuredmedia":[{"embeddable":true,"href":"https:\/\/coresparkbattery.com\/pt\/wp-json\/wp\/v2\/media\/1052"}],"wp:attachment":[{"href":"https:\/\/coresparkbattery.com\/pt\/wp-json\/wp\/v2\/media?parent=538"}],"wp:term":[{"taxonomy":"product_brand","embeddable":true,"href":"https:\/\/coresparkbattery.com\/pt\/wp-json\/wp\/v2\/product_brand?post=538"},{"taxonomy":"product_cat","embeddable":true,"href":"https:\/\/coresparkbattery.com\/pt\/wp-json\/wp\/v2\/product_cat?post=538"},{"taxonomy":"product_tag","embeddable":true,"href":"https:\/\/coresparkbattery.com\/pt\/wp-json\/wp\/v2\/product_tag?post=538"}],"curies":[{"name":"wp","href":"https:\/\/api.w.org\/{rel}","templated":true}]}}