{"id":537,"date":"2026-04-28T08:15:43","date_gmt":"2026-04-28T08:15:43","guid":{"rendered":"https:\/\/coresparkbattery.com\/12v-12-8v-314ah-lithium-ion-lfp-battery-pack-4kwh-ship-truck-lithium-iron-phosphate-battery-rv-energy-storage-battery\/"},"modified":"2026-04-28T11:36:21","modified_gmt":"2026-04-28T11:36:21","slug":"12v-12-8v-314ah-lithium-ion-lfp-battery-pack-4kwh-ship-truck-lithium-iron-phosphate-battery-rv-energy-storage-battery","status":"publish","type":"product","link":"https:\/\/coresparkbattery.com\/pt\/12v-12-8v-314ah-lithium-ion-lfp-battery-pack-4kwh-ship-truck-lithium-iron-phosphate-battery-rv-energy-storage-battery\/","title":{"rendered":"12V 12.8V 314Ah Bateria de i\u00f5es de l\u00edtio LFP 4KWH Bateria de fosfato de ferro de l\u00edtio para cami\u00e3o de navio Bateria de armazenamento de energia RV"},"content":{"rendered":"<p>Trata-se de uma bateria LiFePO4 recarreg\u00e1vel com uma tens\u00e3o nominal de 12,8V e uma capacidade de 314Ah, fornecendo uma energia de 4,01KWh.<br \/>\nTem uma tens\u00e3o de carga de 14,4 V e uma tens\u00e3o de corte de descarga de 10,8 V, alimentada por c\u00e9lulas LFP de qualidade A e equipada com prote\u00e7\u00e3o BMS incorporada.<br \/>\nS\u00e3o aceites servi\u00e7os OEM e ODM e o produto tem uma garantia de 12 meses.<\/p>","protected":false},"excerpt":{"rendered":"<p>Bateria 12V 100Ah LiFePO4, bateria 72V 100Ah LiFePO4, bateria LiFePO4 mar\u00edtima \u00e0 prova de \u00e1gua, bateria 48V 200Ah LiFePO4 por atacado<\/p>","protected":false},"featured_media":1049,"template":"","meta":{"_gspb_post_css":""},"product_brand":[],"product_cat":[494,493,492],"product_tag":[420,423,424,425],"class_list":{"0":"post-537","1":"product","2":"type-product","3":"status-publish","4":"has-post-thumbnail","6":"product_cat-12v-lifepo4-battery","7":"product_cat-12v-rv-lifepo4-battery","8":"product_cat-rv-lifepo4-battery","9":"product_tag-12v-100ah-lifepo4-battery-pack","10":"product_tag-72v-100ah-lifepo4-battery-pack","11":"product_tag-waterproof-marine-lifepo4-battery-pack","12":"product_tag-wholesale-48v-200ah-lifepo4-battery","14":"first","15":"instock","16":"featured","17":"shipping-taxable","18":"product-type-simple"},"_links":{"self":[{"href":"https:\/\/coresparkbattery.com\/pt\/wp-json\/wp\/v2\/product\/537","targetHints":{"allow":["GET"]}}],"collection":[{"href":"https:\/\/coresparkbattery.com\/pt\/wp-json\/wp\/v2\/product"}],"about":[{"href":"https:\/\/coresparkbattery.com\/pt\/wp-json\/wp\/v2\/types\/product"}],"wp:featuredmedia":[{"embeddable":true,"href":"https:\/\/coresparkbattery.com\/pt\/wp-json\/wp\/v2\/media\/1049"}],"wp:attachment":[{"href":"https:\/\/coresparkbattery.com\/pt\/wp-json\/wp\/v2\/media?parent=537"}],"wp:term":[{"taxonomy":"product_brand","embeddable":true,"href":"https:\/\/coresparkbattery.com\/pt\/wp-json\/wp\/v2\/product_brand?post=537"},{"taxonomy":"product_cat","embeddable":true,"href":"https:\/\/coresparkbattery.com\/pt\/wp-json\/wp\/v2\/product_cat?post=537"},{"taxonomy":"product_tag","embeddable":true,"href":"https:\/\/coresparkbattery.com\/pt\/wp-json\/wp\/v2\/product_tag?post=537"}],"curies":[{"name":"wp","href":"https:\/\/api.w.org\/{rel}","templated":true}]}}