{"id":536,"date":"2026-04-28T08:15:42","date_gmt":"2026-04-28T08:15:42","guid":{"rendered":"https:\/\/coresparkbattery.com\/oem-lifepo4-12v-24v-36v-48v-battery-100ah-200ah-300ah-auto-rechargeable-lithium-ion-batteries\/"},"modified":"2026-04-28T11:35:11","modified_gmt":"2026-04-28T11:35:11","slug":"oem-lifepo4-12v-24v-36v-48v-battery-100ah-200ah-300ah-auto-rechargeable-lithium-ion-batteries","status":"publish","type":"product","link":"https:\/\/coresparkbattery.com\/pt\/oem-lifepo4-12v-24v-36v-48v-battery-100ah-200ah-300ah-auto-rechargeable-lithium-ion-batteries\/","title":{"rendered":"Bateria OEM Lifepo4 12v 24v 36v 48v Bateria 100ah 200ah 300Ah Auto Recarreg\u00e1vel de I\u00f5es de L\u00edtio"},"content":{"rendered":"<p>Este \u00e9 um conjunto de baterias LiFePO4 de 12V 314Ah com uma tens\u00e3o nominal de 12,8V e uma capacidade de 314Ah, fornecendo uma sa\u00edda de energia de 4,01KWh.<br \/>\nTem uma tens\u00e3o de carga de 14,4 V e uma tens\u00e3o de corte de descarga de 10,8 V, utilizando c\u00e9lulas LFP de qualidade A e prote\u00e7\u00e3o BMS incorporada.<br \/>\nS\u00e3o aceites servi\u00e7os OEM e ODM e o produto \u00e9 fornecido com uma garantia de 12 meses.<\/p>","protected":false},"excerpt":{"rendered":"<p>Bateria de 12V 100Ah LiFePO4, bateria de 24V 200Ah LiFePO4, bateria de 48V 100Ah LiFePO4, bateria de 72V 100Ah LiFePO4<\/p>","protected":false},"featured_media":1044,"template":"","meta":{"_gspb_post_css":""},"product_brand":[],"product_cat":[494,499],"product_tag":[420,421,422,423],"class_list":{"0":"post-536","1":"product","2":"type-product","3":"status-publish","4":"has-post-thumbnail","6":"product_cat-12v-lifepo4-battery","7":"product_cat-24v-lifepo4-battery","8":"product_tag-12v-100ah-lifepo4-battery-pack","9":"product_tag-24v-200ah-lifepo4-battery-pack","10":"product_tag-48v-100ah-lifepo4-battery-pack","11":"product_tag-72v-100ah-lifepo4-battery-pack","13":"first","14":"instock","15":"featured","16":"shipping-taxable","17":"product-type-simple"},"_links":{"self":[{"href":"https:\/\/coresparkbattery.com\/pt\/wp-json\/wp\/v2\/product\/536","targetHints":{"allow":["GET"]}}],"collection":[{"href":"https:\/\/coresparkbattery.com\/pt\/wp-json\/wp\/v2\/product"}],"about":[{"href":"https:\/\/coresparkbattery.com\/pt\/wp-json\/wp\/v2\/types\/product"}],"wp:featuredmedia":[{"embeddable":true,"href":"https:\/\/coresparkbattery.com\/pt\/wp-json\/wp\/v2\/media\/1044"}],"wp:attachment":[{"href":"https:\/\/coresparkbattery.com\/pt\/wp-json\/wp\/v2\/media?parent=536"}],"wp:term":[{"taxonomy":"product_brand","embeddable":true,"href":"https:\/\/coresparkbattery.com\/pt\/wp-json\/wp\/v2\/product_brand?post=536"},{"taxonomy":"product_cat","embeddable":true,"href":"https:\/\/coresparkbattery.com\/pt\/wp-json\/wp\/v2\/product_cat?post=536"},{"taxonomy":"product_tag","embeddable":true,"href":"https:\/\/coresparkbattery.com\/pt\/wp-json\/wp\/v2\/product_tag?post=536"}],"curies":[{"name":"wp","href":"https:\/\/api.w.org\/{rel}","templated":true}]}}