{"id":534,"date":"2026-04-28T08:15:42","date_gmt":"2026-04-28T08:15:42","guid":{"rendered":"https:\/\/coresparkbattery.com\/48v-60v-72v-low-temperature-resistance-lithium-battery-rechargeable-lifepo4-lfp-battery-pack-for-electric-motorcycle-tricycle\/"},"modified":"2026-04-28T11:32:40","modified_gmt":"2026-04-28T11:32:40","slug":"48v-60v-72v-low-temperature-resistance-lithium-battery-rechargeable-lifepo4-lfp-battery-pack-for-electric-motorcycle-tricycle","status":"publish","type":"product","link":"https:\/\/coresparkbattery.com\/pt\/48v-60v-72v-low-temperature-resistance-lithium-battery-rechargeable-lifepo4-lfp-battery-pack-for-electric-motorcycle-tricycle\/","title":{"rendered":"Bateria de l\u00edtio recarreg\u00e1vel LiFePO4 LFP de 48V 60V 72V com resist\u00eancia a baixas temperaturas para motociclos el\u00e9ctricos\/triciclos"},"content":{"rendered":"<p>Esta \u00e9 uma bateria de fosfato de ferro e l\u00edtio (LiFePO4) dispon\u00edvel nas capacidades de 26Ah, 37,5Ah, 48Ah e 200Ah, com op\u00e7\u00f5es de tens\u00e3o de 48V, 60V e 72V.<br \/>\nUtiliza c\u00e9lulas de bateria recarreg\u00e1veis LiFePO4 de alta qualidade e est\u00e1 equipada com um BMS inteligente incorporado para um funcionamento seguro e est\u00e1vel.<br \/>\nA cor e o conetor podem ser personalizados de acordo com os requisitos do cliente.<br \/>\nS\u00e3o aceites servi\u00e7os OEM e ODM, e a bateria tem uma garantia de 12 meses.<\/p>","protected":false},"excerpt":{"rendered":"<p>Bateria segura de LiFePO4, bateria n\u00e3o t\u00f3xica de LiFePO4, bateria ecol\u00f3gica de LiFePO4, bateria leve de LiFePO4<\/p>","protected":false},"featured_media":1035,"template":"","meta":{"_gspb_post_css":""},"product_brand":[],"product_cat":[504],"product_tag":[412,413,411,410],"class_list":{"0":"post-534","1":"product","2":"type-product","3":"status-publish","4":"has-post-thumbnail","6":"product_cat-lead-acid-replacement-batteries","7":"product_tag-eco-friendly-lifepo4-battery","8":"product_tag-light-weight-lifepo4-battery-pack","9":"product_tag-non-toxic-lifepo4-battery","10":"product_tag-safe-lifepo4-battery-pack","12":"first","13":"instock","14":"featured","15":"shipping-taxable","16":"product-type-simple"},"_links":{"self":[{"href":"https:\/\/coresparkbattery.com\/pt\/wp-json\/wp\/v2\/product\/534","targetHints":{"allow":["GET"]}}],"collection":[{"href":"https:\/\/coresparkbattery.com\/pt\/wp-json\/wp\/v2\/product"}],"about":[{"href":"https:\/\/coresparkbattery.com\/pt\/wp-json\/wp\/v2\/types\/product"}],"wp:featuredmedia":[{"embeddable":true,"href":"https:\/\/coresparkbattery.com\/pt\/wp-json\/wp\/v2\/media\/1035"}],"wp:attachment":[{"href":"https:\/\/coresparkbattery.com\/pt\/wp-json\/wp\/v2\/media?parent=534"}],"wp:term":[{"taxonomy":"product_brand","embeddable":true,"href":"https:\/\/coresparkbattery.com\/pt\/wp-json\/wp\/v2\/product_brand?post=534"},{"taxonomy":"product_cat","embeddable":true,"href":"https:\/\/coresparkbattery.com\/pt\/wp-json\/wp\/v2\/product_cat?post=534"},{"taxonomy":"product_tag","embeddable":true,"href":"https:\/\/coresparkbattery.com\/pt\/wp-json\/wp\/v2\/product_tag?post=534"}],"curies":[{"name":"wp","href":"https:\/\/api.w.org\/{rel}","templated":true}]}}