{"id":533,"date":"2026-04-28T08:15:42","date_gmt":"2026-04-28T08:15:42","guid":{"rendered":"https:\/\/coresparkbattery.com\/4000-cycles-48v-51-2v-76-8v-golf-cart-solid-state-battery-wholesale-lifepo4-lfp-built-in-smart-bms-ip54-waterproof-12-month\/"},"modified":"2026-04-28T11:31:15","modified_gmt":"2026-04-28T11:31:15","slug":"4000-cycles-48v-51-2v-76-8v-golf-cart-solid-state-battery-wholesale-lifepo4-lfp-built-in-smart-bms-ip54-waterproof-12-month","status":"publish","type":"product","link":"https:\/\/coresparkbattery.com\/pt\/4000-cycles-48v-51-2v-76-8v-golf-cart-solid-state-battery-wholesale-lifepo4-lfp-built-in-smart-bms-ip54-waterproof-12-month\/","title":{"rendered":"4000+ Ciclos 48V\/51.2V\/76.8V Carrinho de Golfe Bateria de Estado S\u00f3lido Atacado LiFePO4 LFP Built-in Smart BMS IP54 Waterproof 12-Month"},"content":{"rendered":"<p>Esta \u00e9 uma bateria de l\u00edtio personalizada dispon\u00edvel em tens\u00f5es de 48V, 51,2V e 76,8V, com capacidade totalmente personaliz\u00e1vel para atender a diferentes necessidades.<br \/>\nEst\u00e1 equipado com c\u00e9lulas prism\u00e1ticas LiFePO4 de grau A e possui prote\u00e7\u00e3o IP54 \u00e0 prova de \u00e1gua.<br \/>\nO conjunto de baterias suporta fun\u00e7\u00f5es de prote\u00e7\u00e3o completas, incluindo prote\u00e7\u00e3o contra sobretens\u00e3o, equil\u00edbrio de c\u00e9lulas, prote\u00e7\u00e3o contra curto-circuitos e prote\u00e7\u00e3o contra sobreintensidades.<br \/>\nS\u00e3o aceites servi\u00e7os OEM e ODM e o produto tem uma garantia de 12 meses.<\/p>","protected":false},"excerpt":{"rendered":"<p>Bateria OEM LiFePO4, bateria ODM LiFePO4, bateria LiFePO4 personalizada, bateria LiFePO4 de voltagem personalizada<\/p>","protected":false},"featured_media":1031,"template":"","meta":{"_gspb_post_css":""},"product_brand":[],"product_cat":[489,487,488,15],"product_tag":[419,418,417,416],"class_list":{"0":"post-533","1":"product","2":"type-product","3":"status-publish","4":"has-post-thumbnail","6":"product_cat-48v-golf-cart-battery","7":"product_cat-51-2v-golf-cart-battery","8":"product_cat-76-8v-golf-cart-battery","9":"product_cat-golf-cart-battery","10":"product_tag-custom-voltage-lifepo4-battery","11":"product_tag-customized-lifepo4-battery-pack","12":"product_tag-odm-lifepo4-battery-pack","13":"product_tag-oem-lifepo4-battery-pack","15":"first","16":"instock","17":"featured","18":"shipping-taxable","19":"product-type-simple"},"_links":{"self":[{"href":"https:\/\/coresparkbattery.com\/pt\/wp-json\/wp\/v2\/product\/533","targetHints":{"allow":["GET"]}}],"collection":[{"href":"https:\/\/coresparkbattery.com\/pt\/wp-json\/wp\/v2\/product"}],"about":[{"href":"https:\/\/coresparkbattery.com\/pt\/wp-json\/wp\/v2\/types\/product"}],"wp:featuredmedia":[{"embeddable":true,"href":"https:\/\/coresparkbattery.com\/pt\/wp-json\/wp\/v2\/media\/1031"}],"wp:attachment":[{"href":"https:\/\/coresparkbattery.com\/pt\/wp-json\/wp\/v2\/media?parent=533"}],"wp:term":[{"taxonomy":"product_brand","embeddable":true,"href":"https:\/\/coresparkbattery.com\/pt\/wp-json\/wp\/v2\/product_brand?post=533"},{"taxonomy":"product_cat","embeddable":true,"href":"https:\/\/coresparkbattery.com\/pt\/wp-json\/wp\/v2\/product_cat?post=533"},{"taxonomy":"product_tag","embeddable":true,"href":"https:\/\/coresparkbattery.com\/pt\/wp-json\/wp\/v2\/product_tag?post=533"}],"curies":[{"name":"wp","href":"https:\/\/api.w.org\/{rel}","templated":true}]}}