{"id":532,"date":"2026-04-28T08:15:42","date_gmt":"2026-04-28T08:15:42","guid":{"rendered":"https:\/\/coresparkbattery.com\/industrial-48v-100ah-150ah-200ah-280ah-ip54-waterproof-oem-odm-lifepo4-battery-for-electric-forklift-lithium-battery\/"},"modified":"2026-04-28T11:29:49","modified_gmt":"2026-04-28T11:29:49","slug":"industrial-48v-100ah-150ah-200ah-280ah-ip54-waterproof-oem-odm-lifepo4-battery-for-electric-forklift-lithium-battery","status":"publish","type":"product","link":"https:\/\/coresparkbattery.com\/pt\/industrial-48v-100ah-150ah-200ah-280ah-ip54-waterproof-oem-odm-lifepo4-battery-for-electric-forklift-lithium-battery\/","title":{"rendered":"Bateria industrial 48V 100Ah 150Ah 200Ah 280Ah IP54 \u00e0 prova d'\u00e1gua OEM ODM LiFePO4 para empilhadeira el\u00e9trica Bateria de l\u00edtio"},"content":{"rendered":"<p>Trata-se de uma bateria LiFePO4 de estado s\u00f3lido com uma tens\u00e3o nominal de 48V, dispon\u00edvel nas capacidades de 100Ah, 150Ah, 200Ah e 280Ah.<br \/>\nTem um peso padr\u00e3o de 139KG, enquanto o peso personalizado tamb\u00e9m \u00e9 aceit\u00e1vel, e a dimens\u00e3o total \u00e9 975mm780mm625mm.<br \/>\nA bateria tem um ciclo de vida de mais de 5000 vezes e pode ser carregada.<br \/>\nEle suporta uma faixa de temperatura de carregamento de 0 ~ 60 \u2103 e faixa de temperatura de descarga de -20 ~ 60 \u2103.<br \/>\nProduzido com a qu\u00edmica fi\u00e1vel das c\u00e9lulas LiFePO4, os servi\u00e7os OEM e ODM s\u00e3o aceit\u00e1veis para satisfazer as diferentes necessidades dos clientes.<\/p>","protected":false},"excerpt":{"rendered":"<p>Bateria LiFePO4 ecol\u00f3gica, Bateria LiFePO4 leve, Bateria LiFePO4 compacta, Bateria LiFePO4 de alta densidade energ\u00e9tica<\/p>","protected":false},"featured_media":1026,"template":"","meta":{"_gspb_post_css":""},"product_brand":[],"product_cat":[491],"product_tag":[414,412,415,413],"class_list":{"0":"post-532","1":"product","2":"type-product","3":"status-publish","4":"has-post-thumbnail","6":"product_cat-forklift-battery-pack","7":"product_tag-compact-lifepo4-battery-pack","8":"product_tag-eco-friendly-lifepo4-battery","9":"product_tag-high-energy-density-lifepo4-battery","10":"product_tag-light-weight-lifepo4-battery-pack","12":"first","13":"instock","14":"featured","15":"shipping-taxable","16":"product-type-simple"},"_links":{"self":[{"href":"https:\/\/coresparkbattery.com\/pt\/wp-json\/wp\/v2\/product\/532","targetHints":{"allow":["GET"]}}],"collection":[{"href":"https:\/\/coresparkbattery.com\/pt\/wp-json\/wp\/v2\/product"}],"about":[{"href":"https:\/\/coresparkbattery.com\/pt\/wp-json\/wp\/v2\/types\/product"}],"wp:featuredmedia":[{"embeddable":true,"href":"https:\/\/coresparkbattery.com\/pt\/wp-json\/wp\/v2\/media\/1026"}],"wp:attachment":[{"href":"https:\/\/coresparkbattery.com\/pt\/wp-json\/wp\/v2\/media?parent=532"}],"wp:term":[{"taxonomy":"product_brand","embeddable":true,"href":"https:\/\/coresparkbattery.com\/pt\/wp-json\/wp\/v2\/product_brand?post=532"},{"taxonomy":"product_cat","embeddable":true,"href":"https:\/\/coresparkbattery.com\/pt\/wp-json\/wp\/v2\/product_cat?post=532"},{"taxonomy":"product_tag","embeddable":true,"href":"https:\/\/coresparkbattery.com\/pt\/wp-json\/wp\/v2\/product_tag?post=532"}],"curies":[{"name":"wp","href":"https:\/\/api.w.org\/{rel}","templated":true}]}}