{"id":531,"date":"2026-04-28T08:15:42","date_gmt":"2026-04-28T08:15:42","guid":{"rendered":"https:\/\/coresparkbattery.com\/24v-12ah-18ah-electric-wheelchair-lithium-battery-pack-for-elderly-leisure-scooter-car-boats-deep-cycle\/"},"modified":"2026-04-28T11:25:55","modified_gmt":"2026-04-28T11:25:55","slug":"24v-12ah-18ah-electric-wheelchair-lithium-battery-pack-for-elderly-leisure-scooter-car-boats-deep-cycle","status":"publish","type":"product","link":"https:\/\/coresparkbattery.com\/pt\/24v-12ah-18ah-electric-wheelchair-lithium-battery-pack-for-elderly-leisure-scooter-car-boats-deep-cycle\/","title":{"rendered":"Bateria de l\u00edtio para cadeira de rodas el\u00e9ctrica 24V 12Ah\/18Ah para scooter de lazer para idosos, carros e barcos de ciclo profundo"},"content":{"rendered":"<p>Esta \u00e9 uma bateria LiFePO4 de 24V dispon\u00edvel nas capacidades de 12Ah e 18Ah, utilizando c\u00e9lulas de alta qualidade da EVE, Gotion, LG e DJ com material de c\u00e1todo LiFePO4.<br \/>\nOferece mais de 6000 ciclos, com uma corrente de carga recomendada de 10A e uma corrente de descarga de 20A.<br \/>\nA temperatura de funcionamento varia entre 0~60\u2103 para carregar e -20~60\u2103 para descarregar.<br \/>\nProduzido em Guangdong, China, a personaliza\u00e7\u00e3o OEM e ODM \u00e9 aceit\u00e1vel.<\/p>","protected":false},"excerpt":{"rendered":"<p>Bateria LiFePO4 de ciclo profundo, Bateria sem manuten\u00e7\u00e3o, Bateria LiFePO4 segura, Bateria LiFePO4 n\u00e3o t\u00f3xica<\/p>","protected":false},"featured_media":1021,"template":"","meta":{"_gspb_post_css":""},"product_brand":[],"product_cat":[499],"product_tag":[408,409,411,410],"class_list":{"0":"post-531","1":"product","2":"type-product","3":"status-publish","4":"has-post-thumbnail","6":"product_cat-24v-lifepo4-battery","7":"product_tag-deep-cycle-lifepo4-battery","8":"product_tag-maintenance-free-battery","9":"product_tag-non-toxic-lifepo4-battery","10":"product_tag-safe-lifepo4-battery-pack","12":"first","13":"instock","14":"featured","15":"shipping-taxable","16":"product-type-simple"},"_links":{"self":[{"href":"https:\/\/coresparkbattery.com\/pt\/wp-json\/wp\/v2\/product\/531","targetHints":{"allow":["GET"]}}],"collection":[{"href":"https:\/\/coresparkbattery.com\/pt\/wp-json\/wp\/v2\/product"}],"about":[{"href":"https:\/\/coresparkbattery.com\/pt\/wp-json\/wp\/v2\/types\/product"}],"wp:featuredmedia":[{"embeddable":true,"href":"https:\/\/coresparkbattery.com\/pt\/wp-json\/wp\/v2\/media\/1021"}],"wp:attachment":[{"href":"https:\/\/coresparkbattery.com\/pt\/wp-json\/wp\/v2\/media?parent=531"}],"wp:term":[{"taxonomy":"product_brand","embeddable":true,"href":"https:\/\/coresparkbattery.com\/pt\/wp-json\/wp\/v2\/product_brand?post=531"},{"taxonomy":"product_cat","embeddable":true,"href":"https:\/\/coresparkbattery.com\/pt\/wp-json\/wp\/v2\/product_cat?post=531"},{"taxonomy":"product_tag","embeddable":true,"href":"https:\/\/coresparkbattery.com\/pt\/wp-json\/wp\/v2\/product_tag?post=531"}],"curies":[{"name":"wp","href":"https:\/\/api.w.org\/{rel}","templated":true}]}}