{"id":530,"date":"2026-04-28T08:15:42","date_gmt":"2026-04-28T08:15:42","guid":{"rendered":"https:\/\/coresparkbattery.com\/wholesale-customized-12v-300ah-solar-energy-rechargeable-storage-battery-lithium-ion-lifepo4-battery-pack-with-bms\/"},"modified":"2026-04-28T11:24:47","modified_gmt":"2026-04-28T11:24:47","slug":"wholesale-customized-12v-300ah-solar-energy-rechargeable-storage-battery-lithium-ion-lifepo4-battery-pack-with-bms","status":"publish","type":"product","link":"https:\/\/coresparkbattery.com\/pt\/wholesale-customized-12v-300ah-solar-energy-rechargeable-storage-battery-lithium-ion-lifepo4-battery-pack-with-bms\/","title":{"rendered":"Bateria de armazenamento recarreg\u00e1vel de energia solar 12V 300Ah personalizada por atacado Bateria de \u00edon de l\u00edtio LiFePO4 com BMS"},"content":{"rendered":"<p>Esta bateria de fosfato de ferro e l\u00edtio (LiFePO4) tem uma tens\u00e3o de 12,8V, uma capacidade de 300Ah e uma energia de 3840Wh, com um peso de 28kg.<br \/>\nSuporta uma corrente de carga m\u00e1xima de 300A e uma corrente de descarga m\u00e1xima de 300A, com uma tens\u00e3o de corte de descarga de 10V.<br \/>\nO terminal \u00e9 M8 (personaliz\u00e1vel).<br \/>\nOs servi\u00e7os OEM e ODM s\u00e3o suportados e o produto \u00e9 fornecido com uma garantia de 2 anos<\/p>\n<p>Bateria LiFePO4 de 12,8V 300Ah:<br \/>\n* Suporte para APP Bluetooth, personaliza\u00e7\u00e3o de APP<br \/>\n* Suporta 4 s\u00e9ries 4 liga\u00e7\u00f5es paralelas para utiliza\u00e7\u00e3o<br \/>\n* Compat\u00edvel com os sistemas Android e iOS<br \/>\n* O mesmo tamanho, com mais pot\u00eancia no interior<br \/>\n* Vida \u00fatil at\u00e9 6000 ciclos e excelente economia<\/p>","protected":false},"excerpt":{"rendered":"<p>Bateria LiFePO4 para equipamento m\u00e9dico, bateria LiFePO4 para telecomunica\u00e7\u00f5es, bateria LiFePO4 recarreg\u00e1vel, bateria LiFePO4 de i\u00f5es de l\u00edtio<\/p>","protected":false},"featured_media":1016,"template":"","meta":{"_gspb_post_css":""},"product_brand":[],"product_cat":[494],"product_tag":[407,404,406,405],"class_list":{"0":"post-530","1":"product","2":"type-product","3":"status-publish","4":"has-post-thumbnail","6":"product_cat-12v-lifepo4-battery","7":"product_tag-lithium-ion-lifepo4-battery-pack","8":"product_tag-medical-equipment-lifepo4-battery","9":"product_tag-rechargeable-lifepo4-battery-pack","10":"product_tag-telecom-lifepo4-battery-pack","12":"first","13":"instock","14":"featured","15":"shipping-taxable","16":"product-type-simple"},"_links":{"self":[{"href":"https:\/\/coresparkbattery.com\/pt\/wp-json\/wp\/v2\/product\/530","targetHints":{"allow":["GET"]}}],"collection":[{"href":"https:\/\/coresparkbattery.com\/pt\/wp-json\/wp\/v2\/product"}],"about":[{"href":"https:\/\/coresparkbattery.com\/pt\/wp-json\/wp\/v2\/types\/product"}],"wp:featuredmedia":[{"embeddable":true,"href":"https:\/\/coresparkbattery.com\/pt\/wp-json\/wp\/v2\/media\/1016"}],"wp:attachment":[{"href":"https:\/\/coresparkbattery.com\/pt\/wp-json\/wp\/v2\/media?parent=530"}],"wp:term":[{"taxonomy":"product_brand","embeddable":true,"href":"https:\/\/coresparkbattery.com\/pt\/wp-json\/wp\/v2\/product_brand?post=530"},{"taxonomy":"product_cat","embeddable":true,"href":"https:\/\/coresparkbattery.com\/pt\/wp-json\/wp\/v2\/product_cat?post=530"},{"taxonomy":"product_tag","embeddable":true,"href":"https:\/\/coresparkbattery.com\/pt\/wp-json\/wp\/v2\/product_tag?post=530"}],"curies":[{"name":"wp","href":"https:\/\/api.w.org\/{rel}","templated":true}]}}