{"id":527,"date":"2026-04-28T08:15:42","date_gmt":"2026-04-28T08:15:42","guid":{"rendered":"https:\/\/coresparkbattery.com\/oem-golf-cart-lithium-battery-36v-105ah-lifepo4-battery-large-power-built-in-200a-smart-bt-bms-with-20a-waterproof-charger\/"},"modified":"2026-04-28T11:19:18","modified_gmt":"2026-04-28T11:19:18","slug":"oem-golf-cart-lithium-battery-36v-105ah-lifepo4-battery-large-power-built-in-200a-smart-bt-bms-with-20a-waterproof-charger","status":"publish","type":"product","link":"https:\/\/coresparkbattery.com\/pt\/oem-golf-cart-lithium-battery-36v-105ah-lifepo4-battery-large-power-built-in-200a-smart-bt-bms-with-20a-waterproof-charger\/","title":{"rendered":"Bateria de l\u00edtio para carrinho de golfe OEM 36V 105Ah LiFePO4 Bateria de grande pot\u00eancia incorporada 200A Smart BT BMS com carregador \u00e0 prova de \u00e1gua 20A"},"content":{"rendered":"<p>Este \u00e9 um conjunto de baterias LiFePO4 para carros de golfe com uma tens\u00e3o nominal de 36V e uma capacidade nominal de 105Ah, fornecendo uma energia de 3780Wh e pesando 40KG.<br \/>\nUtiliza c\u00e9lulas LiFePO4 prism\u00e1ticas de grau A e suporta uma corrente de descarga at\u00e9 200A.<br \/>\nA bateria est\u00e1 equipada com fun\u00e7\u00f5es de comunica\u00e7\u00e3o CAN, RS485 e Bluetooth, e disp\u00f5e de monitoriza\u00e7\u00e3o APP Bluetooth, ecr\u00e3 LCD e um carregador \u00e0 prova de \u00e1gua de 20A.<br \/>\n\u00c9 amplamente aplicado em carrinhos de golfe, embarca\u00e7\u00f5es mar\u00edtimas, iates, ve\u00edculos de recreio e outros cen\u00e1rios, e os servi\u00e7os OEM e ODM s\u00e3o aceit\u00e1veis.<\/p>","protected":false},"excerpt":{"rendered":"<p>Bateria LiFePO4 de 25,6 V, bateria LiFePO4 de 12,8 V, bateria LiFePO4 de 76,8 V, bateria LiFePO4 multi-tens\u00e3o<\/p>","protected":false},"featured_media":1001,"template":"","meta":{"_gspb_post_css":""},"product_brand":[],"product_cat":[490,15],"product_tag":[393,392,394,395],"class_list":{"0":"post-527","1":"product","2":"type-product","3":"status-publish","4":"has-post-thumbnail","6":"product_cat-25-6v-golf-cart-battery","7":"product_cat-golf-cart-battery","8":"product_tag-12-8v-lifepo4-battery-pack","9":"product_tag-25-6v-lifepo4-battery-pack","10":"product_tag-76-8v-lifepo4-battery-pack","11":"product_tag-multi-voltage-lifepo4-battery-pack","13":"first","14":"instock","15":"featured","16":"shipping-taxable","17":"product-type-simple"},"_links":{"self":[{"href":"https:\/\/coresparkbattery.com\/pt\/wp-json\/wp\/v2\/product\/527","targetHints":{"allow":["GET"]}}],"collection":[{"href":"https:\/\/coresparkbattery.com\/pt\/wp-json\/wp\/v2\/product"}],"about":[{"href":"https:\/\/coresparkbattery.com\/pt\/wp-json\/wp\/v2\/types\/product"}],"wp:featuredmedia":[{"embeddable":true,"href":"https:\/\/coresparkbattery.com\/pt\/wp-json\/wp\/v2\/media\/1001"}],"wp:attachment":[{"href":"https:\/\/coresparkbattery.com\/pt\/wp-json\/wp\/v2\/media?parent=527"}],"wp:term":[{"taxonomy":"product_brand","embeddable":true,"href":"https:\/\/coresparkbattery.com\/pt\/wp-json\/wp\/v2\/product_brand?post=527"},{"taxonomy":"product_cat","embeddable":true,"href":"https:\/\/coresparkbattery.com\/pt\/wp-json\/wp\/v2\/product_cat?post=527"},{"taxonomy":"product_tag","embeddable":true,"href":"https:\/\/coresparkbattery.com\/pt\/wp-json\/wp\/v2\/product_tag?post=527"}],"curies":[{"name":"wp","href":"https:\/\/api.w.org\/{rel}","templated":true}]}}