{"id":525,"date":"2026-04-28T08:15:41","date_gmt":"2026-04-28T08:15:41","guid":{"rendered":"https:\/\/coresparkbattery.com\/300ah-12v-24v-lifepo4-battery-lithium-ion-solar-lifepo4-battery-storage-cost-lead-acid-to-lithium-battery-factory-price\/"},"modified":"2026-04-28T11:17:00","modified_gmt":"2026-04-28T11:17:00","slug":"300ah-12v-24v-lifepo4-battery-lithium-ion-solar-lifepo4-battery-storage-cost-lead-acid-to-lithium-battery-factory-price","status":"publish","type":"product","link":"https:\/\/coresparkbattery.com\/pt\/300ah-12v-24v-lifepo4-battery-lithium-ion-solar-lifepo4-battery-storage-cost-lead-acid-to-lithium-battery-factory-price\/","title":{"rendered":"Bateria Lifepo4 de 300ah 12V 24V Bateria de i\u00f5es de l\u00edtio solar Lifepo4 Custo de armazenamento de baterias de chumbo-\u00e1cido para baterias de l\u00edtio Pre\u00e7o de f\u00e1brica"},"content":{"rendered":"<p>Esta \u00e9 uma bateria LiFePO4 de 12,8V 300Ah com um peso de 26kg.<br \/>\nUtiliza LiFePO4 como material cat\u00f3dico e proporciona uma vida \u00fatil de mais de 6000 ciclos.<br \/>\nA corrente de carga recomendada \u00e9 de 150A.<br \/>\nEle suporta uma faixa de temperatura de carregamento de 0 ~ 60 \u2103 e uma faixa de temperatura de descarga de -20 ~ 60 \u2103.<br \/>\nOs servi\u00e7os OEM e ODM s\u00e3o aceit\u00e1veis.<\/p>","protected":false},"excerpt":{"rendered":"<p>Fornecedor de baterias LiFePO4, bateria de 12V LiFePO4, bateria de 24V LiFePO4, bateria de 36V LiFePO4<\/p>","protected":false},"featured_media":992,"template":"","meta":{"_gspb_post_css":""},"product_brand":[],"product_cat":[494,499,504],"product_tag":[385,386,387,384],"class_list":{"0":"post-525","1":"product","2":"type-product","3":"status-publish","4":"has-post-thumbnail","6":"product_cat-12v-lifepo4-battery","7":"product_cat-24v-lifepo4-battery","8":"product_cat-lead-acid-replacement-batteries","9":"product_tag-12v-lifepo4-battery-pack","10":"product_tag-24v-lifepo4-battery-pack","11":"product_tag-36v-lifepo4-battery-pack","12":"product_tag-lifepo4-battery-supplier","14":"first","15":"instock","16":"featured","17":"shipping-taxable","18":"product-type-simple"},"_links":{"self":[{"href":"https:\/\/coresparkbattery.com\/pt\/wp-json\/wp\/v2\/product\/525","targetHints":{"allow":["GET"]}}],"collection":[{"href":"https:\/\/coresparkbattery.com\/pt\/wp-json\/wp\/v2\/product"}],"about":[{"href":"https:\/\/coresparkbattery.com\/pt\/wp-json\/wp\/v2\/types\/product"}],"wp:featuredmedia":[{"embeddable":true,"href":"https:\/\/coresparkbattery.com\/pt\/wp-json\/wp\/v2\/media\/992"}],"wp:attachment":[{"href":"https:\/\/coresparkbattery.com\/pt\/wp-json\/wp\/v2\/media?parent=525"}],"wp:term":[{"taxonomy":"product_brand","embeddable":true,"href":"https:\/\/coresparkbattery.com\/pt\/wp-json\/wp\/v2\/product_brand?post=525"},{"taxonomy":"product_cat","embeddable":true,"href":"https:\/\/coresparkbattery.com\/pt\/wp-json\/wp\/v2\/product_cat?post=525"},{"taxonomy":"product_tag","embeddable":true,"href":"https:\/\/coresparkbattery.com\/pt\/wp-json\/wp\/v2\/product_tag?post=525"}],"curies":[{"name":"wp","href":"https:\/\/api.w.org\/{rel}","templated":true}]}}