{"id":524,"date":"2026-04-28T08:15:41","date_gmt":"2026-04-28T08:15:41","guid":{"rendered":"https:\/\/coresparkbattery.com\/energy-storage-lithium-iron-phosphate-battery-pack-lifepo4-12-8v-100ah-portable-module-battery-for-for-solar-rv-marine-battery\/"},"modified":"2026-04-28T11:15:53","modified_gmt":"2026-04-28T11:15:53","slug":"energy-storage-lithium-iron-phosphate-battery-pack-lifepo4-12-8v-100ah-portable-module-battery-for-for-solar-rv-marine-battery","status":"publish","type":"product","link":"https:\/\/coresparkbattery.com\/pt\/energy-storage-lithium-iron-phosphate-battery-pack-lifepo4-12-8v-100ah-portable-module-battery-for-for-solar-rv-marine-battery\/","title":{"rendered":"Armazenamento de energia Bateria de fosfato de ferro de l\u00edtio LiFePo4 12.8V 100Ah Bateria de m\u00f3dulo port\u00e1til para bateria solar RV Marine"},"content":{"rendered":"<p>Esta bateria LiFePO4 de 12V 100Ah mede 330*172*215mm e pesa aproximadamente 10,5kg.<br \/>\n\u00c9 fabricado na China e certificado com a CE, apresentando um ciclo de vida de mais de 500 vezes.<br \/>\nConcebida para sistemas de armazenamento de energia, esta bateria suporta conectores personalizados e aceita servi\u00e7os OEM e ODM.<\/p>","protected":false},"excerpt":{"rendered":"<p>Bateria LiFePO4 personalizada, bateria LiFePO4 por atacado, fabricante de bateria LiFePO4, f\u00e1brica de bateria LiFePO4<\/p>","protected":false},"featured_media":987,"template":"","meta":{"_gspb_post_css":""},"product_brand":[],"product_cat":[494,493,492],"product_tag":[380,383,382,381],"class_list":{"0":"post-524","1":"product","2":"type-product","3":"status-publish","4":"has-post-thumbnail","6":"product_cat-12v-lifepo4-battery","7":"product_cat-12v-rv-lifepo4-battery","8":"product_cat-rv-lifepo4-battery","9":"product_tag-custom-lifepo4-battery-pack","10":"product_tag-lifepo4-battery-factory","11":"product_tag-lifepo4-battery-manufacturer","12":"product_tag-wholesale-lifepo4-battery-pack","14":"first","15":"instock","16":"featured","17":"shipping-taxable","18":"product-type-simple"},"_links":{"self":[{"href":"https:\/\/coresparkbattery.com\/pt\/wp-json\/wp\/v2\/product\/524","targetHints":{"allow":["GET"]}}],"collection":[{"href":"https:\/\/coresparkbattery.com\/pt\/wp-json\/wp\/v2\/product"}],"about":[{"href":"https:\/\/coresparkbattery.com\/pt\/wp-json\/wp\/v2\/types\/product"}],"wp:featuredmedia":[{"embeddable":true,"href":"https:\/\/coresparkbattery.com\/pt\/wp-json\/wp\/v2\/media\/987"}],"wp:attachment":[{"href":"https:\/\/coresparkbattery.com\/pt\/wp-json\/wp\/v2\/media?parent=524"}],"wp:term":[{"taxonomy":"product_brand","embeddable":true,"href":"https:\/\/coresparkbattery.com\/pt\/wp-json\/wp\/v2\/product_brand?post=524"},{"taxonomy":"product_cat","embeddable":true,"href":"https:\/\/coresparkbattery.com\/pt\/wp-json\/wp\/v2\/product_cat?post=524"},{"taxonomy":"product_tag","embeddable":true,"href":"https:\/\/coresparkbattery.com\/pt\/wp-json\/wp\/v2\/product_tag?post=524"}],"curies":[{"name":"wp","href":"https:\/\/api.w.org\/{rel}","templated":true}]}}