{"id":522,"date":"2026-04-28T08:15:41","date_gmt":"2026-04-28T08:15:41","guid":{"rendered":"https:\/\/coresparkbattery.com\/rechargeable-lifepo4-batteries-12v-24v-48v-50ah-600ah-deep-cycle-6000-times-lcd-display-portable-lithium-battery-for-rv-camping\/"},"modified":"2026-04-28T11:14:03","modified_gmt":"2026-04-28T11:14:03","slug":"rechargeable-lifepo4-batteries-12v-24v-48v-50ah-600ah-deep-cycle-6000-times-lcd-display-portable-lithium-battery-for-rv-camping","status":"publish","type":"product","link":"https:\/\/coresparkbattery.com\/pt\/rechargeable-lifepo4-batteries-12v-24v-48v-50ah-600ah-deep-cycle-6000-times-lcd-display-portable-lithium-battery-for-rv-camping\/","title":{"rendered":"Baterias recarreg\u00e1veis de LiFePO4 12V\/24V\/48V 50Ah-600Ah Ciclo profundo 6000 vezes Ecr\u00e3 LCD Bateria de l\u00edtio port\u00e1til para caravanas\/acampamentos"},"content":{"rendered":"<p>Este produto \u00e9 um sistema de armazenamento de energia dom\u00e9stica com uma bateria LiFePO4 com o n\u00famero de modelo 12V50Ah.<br \/>\nTem uma tens\u00e3o nominal de 12V e oferece uma vasta gama de capacidades de 50Ah a 600Ah, com um peso que varia entre 8kg e 65kg, dependendo da configura\u00e7\u00e3o.<br \/>\nA bateria oferece um ciclo de vida ultra-longo de 6000 vezes e suporta uma gama de temperaturas de funcionamento de descarga de -20\u00b0C a 60\u00b0C.<br \/>\nConcebido para aplica\u00e7\u00f5es de sistemas solares, \u00e9 fabricado na China e tem uma garantia de 5 anos.<br \/>\nOs servi\u00e7os OEM e ODM s\u00e3o totalmente aceites para satisfazer requisitos personalizados para diferentes cen\u00e1rios de armazenamento de energia dom\u00e9stica.<\/p>","protected":false},"excerpt":{"rendered":"<p>Bateria recarreg\u00e1vel para barcos, bateria para motores de popa, bateria de l\u00edtio para barcos, assist\u00eancia t\u00e9cnica para baterias de empilhadores<\/p>","protected":false},"featured_media":978,"template":"","meta":{"_gspb_post_css":""},"product_brand":[],"product_cat":[494,493,499,498,492],"product_tag":[375,374,373,372],"class_list":{"0":"post-522","1":"product","2":"type-product","3":"status-publish","4":"has-post-thumbnail","6":"product_cat-12v-lifepo4-battery","7":"product_cat-12v-rv-lifepo4-battery","8":"product_cat-24v-lifepo4-battery","9":"product_cat-24v-rv-lifepo4-battery","10":"product_cat-rv-lifepo4-battery","11":"product_tag-forklift-battery-pack-technical-support","12":"product_tag-lithium-boat-battery","13":"product_tag-outboard-battery","14":"product_tag-rechargeable-boat-battery","16":"first","17":"instock","18":"featured","19":"shipping-taxable","20":"product-type-simple"},"_links":{"self":[{"href":"https:\/\/coresparkbattery.com\/pt\/wp-json\/wp\/v2\/product\/522","targetHints":{"allow":["GET"]}}],"collection":[{"href":"https:\/\/coresparkbattery.com\/pt\/wp-json\/wp\/v2\/product"}],"about":[{"href":"https:\/\/coresparkbattery.com\/pt\/wp-json\/wp\/v2\/types\/product"}],"wp:featuredmedia":[{"embeddable":true,"href":"https:\/\/coresparkbattery.com\/pt\/wp-json\/wp\/v2\/media\/978"}],"wp:attachment":[{"href":"https:\/\/coresparkbattery.com\/pt\/wp-json\/wp\/v2\/media?parent=522"}],"wp:term":[{"taxonomy":"product_brand","embeddable":true,"href":"https:\/\/coresparkbattery.com\/pt\/wp-json\/wp\/v2\/product_brand?post=522"},{"taxonomy":"product_cat","embeddable":true,"href":"https:\/\/coresparkbattery.com\/pt\/wp-json\/wp\/v2\/product_cat?post=522"},{"taxonomy":"product_tag","embeddable":true,"href":"https:\/\/coresparkbattery.com\/pt\/wp-json\/wp\/v2\/product_tag?post=522"}],"curies":[{"name":"wp","href":"https:\/\/api.w.org\/{rel}","templated":true}]}}