{"id":521,"date":"2026-04-28T08:15:41","date_gmt":"2026-04-28T08:15:41","guid":{"rendered":"https:\/\/coresparkbattery.com\/lifepo4-24v-72v-lithium-ion-battery-pack-20ah-60ah-range-for-electric-tricycle-36v-60v-electric-vehicles-72v-solar-energy\/"},"modified":"2026-04-28T11:09:29","modified_gmt":"2026-04-28T11:09:29","slug":"lifepo4-24v-72v-lithium-ion-battery-pack-20ah-60ah-range-for-electric-tricycle-36v-60v-electric-vehicles-72v-solar-energy","status":"publish","type":"product","link":"https:\/\/coresparkbattery.com\/pt\/lifepo4-24v-72v-lithium-ion-battery-pack-20ah-60ah-range-for-electric-tricycle-36v-60v-electric-vehicles-72v-solar-energy\/","title":{"rendered":"LifePo4 24V-72V Bateria de i\u00f5es de l\u00edtio 20Ah-60Ah para triciclos el\u00e9ctricos 36V-60V Ve\u00edculos el\u00e9ctricos 72V Energia solar"},"content":{"rendered":"<p>Esta \u00e9 uma bateria de l\u00edtio de 72V alimentada por LiFePO4 \/ bateria de l\u00edtio, pesando 20KG e constru\u00edda com um inv\u00f3lucro de metal.<br \/>\nSuporta uma tens\u00e3o de 24V e uma capacidade personaliz\u00e1vel que varia entre 20Ah e 60Ah para satisfazer diferentes necessidades.<br \/>\nCom um ciclo de vida de mais de 6000 vezes, tem uma garantia de 1 ano e \u00e9 utilizado principalmente em motociclos e empilhadores el\u00e9ctricos.<br \/>\nFornecemos servi\u00e7os OEM e ODM totalmente personalizados para conjuntos de baterias, tornando-os uma solu\u00e7\u00e3o de energia ideal para scooters el\u00e9ctricas e equipamento relacionado.<\/p>","protected":false},"excerpt":{"rendered":"<p>Bateria de ciclo profundo para barcos, Bateria mar\u00edtima de ciclo profundo, Bateria para barcos, Personaliza\u00e7\u00e3o de baterias de empilhadores OEM<\/p>","protected":false},"featured_media":973,"template":"","meta":{"_gspb_post_css":""},"product_brand":[],"product_cat":[499],"product_tag":[370,368,369,371],"class_list":{"0":"post-521","1":"product","2":"type-product","3":"status-publish","4":"has-post-thumbnail","6":"product_cat-24v-lifepo4-battery","7":"product_tag-boat-battery","8":"product_tag-deep-cycle-boat-battery","9":"product_tag-deep-cycle-marine-battery","10":"product_tag-oem-forklift-battery-pack-customization","12":"first","13":"instock","14":"featured","15":"shipping-taxable","16":"product-type-simple"},"_links":{"self":[{"href":"https:\/\/coresparkbattery.com\/pt\/wp-json\/wp\/v2\/product\/521","targetHints":{"allow":["GET"]}}],"collection":[{"href":"https:\/\/coresparkbattery.com\/pt\/wp-json\/wp\/v2\/product"}],"about":[{"href":"https:\/\/coresparkbattery.com\/pt\/wp-json\/wp\/v2\/types\/product"}],"wp:featuredmedia":[{"embeddable":true,"href":"https:\/\/coresparkbattery.com\/pt\/wp-json\/wp\/v2\/media\/973"}],"wp:attachment":[{"href":"https:\/\/coresparkbattery.com\/pt\/wp-json\/wp\/v2\/media?parent=521"}],"wp:term":[{"taxonomy":"product_brand","embeddable":true,"href":"https:\/\/coresparkbattery.com\/pt\/wp-json\/wp\/v2\/product_brand?post=521"},{"taxonomy":"product_cat","embeddable":true,"href":"https:\/\/coresparkbattery.com\/pt\/wp-json\/wp\/v2\/product_cat?post=521"},{"taxonomy":"product_tag","embeddable":true,"href":"https:\/\/coresparkbattery.com\/pt\/wp-json\/wp\/v2\/product_tag?post=521"}],"curies":[{"name":"wp","href":"https:\/\/api.w.org\/{rel}","templated":true}]}}