{"id":519,"date":"2026-04-28T08:15:40","date_gmt":"2026-04-28T08:15:40","guid":{"rendered":"https:\/\/coresparkbattery.com\/most-popular-hot-sale-12v-lifepo4-battery-lead-acid-replacement-solar-rv-marine-100ah-200ah-300ah-lifepo4-lithium-ion-battery\/"},"modified":"2026-04-28T11:07:33","modified_gmt":"2026-04-28T11:07:33","slug":"most-popular-hot-sale-12v-lifepo4-battery-lead-acid-replacement-solar-rv-marine-100ah-200ah-300ah-lifepo4-lithium-ion-battery","status":"publish","type":"product","link":"https:\/\/coresparkbattery.com\/pt\/most-popular-hot-sale-12v-lifepo4-battery-lead-acid-replacement-solar-rv-marine-100ah-200ah-300ah-lifepo4-lithium-ion-battery\/","title":{"rendered":"Mais popular Venda quente 12V Lifepo4 Bateria de chumbo-\u00e1cido Substitui\u00e7\u00e3o Solar RV Marine 100Ah 200Ah 300Ah LiFePO4 Bateria de i\u00f5es de l\u00edtio"},"content":{"rendered":"<p>Este produto \u00e9 uma bateria de armazenamento de energia, especificamente concebida para carros el\u00e9ctricos e ve\u00edculos el\u00e9ctricos. Apresenta uma tens\u00e3o nominal de 96V e uma capacidade nominal de 100Ah, com um peso l\u00edquido de 85KG. A bateria adopta o tipo de bateria LiFePO4\/l\u00edtio, utilizando c\u00e9lulas de bateria LiFePO4 de alta qualidade para garantir um desempenho est\u00e1vel e fi\u00e1vel.<br \/>\nCom um ciclo de vida ultra-longo de at\u00e9 6000 vezes, esta bateria pode fornecer um suporte de energia eficiente e a longo prazo para ve\u00edculos el\u00e9ctricos. Como uma bateria de i\u00f5es de l\u00edtio\/LiFePO4, combina as vantagens de alta seguran\u00e7a e longa vida \u00fatil. Al\u00e9m disso, est\u00e3o dispon\u00edveis servi\u00e7os OEM e ODM para satisfazer requisitos personalizados para diferentes aplica\u00e7\u00f5es de ve\u00edculos el\u00e9ctricos.<\/p>","protected":false},"excerpt":{"rendered":"<p>Bateria para barcos de grande capacidade, bateria para barcos de 24V, bateria mar\u00edtima recarreg\u00e1vel de 12V 24V 48V para barcos, Onde comprar baterias para empilhadores<\/p>","protected":false},"featured_media":963,"template":"","meta":{"_gspb_post_css":""},"product_brand":[],"product_cat":[494,493,504,492],"product_tag":[362,361,360,363],"class_list":{"0":"post-519","1":"product","2":"type-product","3":"status-publish","4":"has-post-thumbnail","6":"product_cat-12v-lifepo4-battery","7":"product_cat-12v-rv-lifepo4-battery","8":"product_cat-lead-acid-replacement-batteries","9":"product_cat-rv-lifepo4-battery","10":"product_tag-12v-24v-48v-rechargeable-marine-battery-for-boats","11":"product_tag-24v-boat-battery","12":"product_tag-large-capacity-boat-battery","13":"product_tag-where-to-buy-forklift-battery-pack","15":"first","16":"instock","17":"featured","18":"shipping-taxable","19":"product-type-simple"},"_links":{"self":[{"href":"https:\/\/coresparkbattery.com\/pt\/wp-json\/wp\/v2\/product\/519","targetHints":{"allow":["GET"]}}],"collection":[{"href":"https:\/\/coresparkbattery.com\/pt\/wp-json\/wp\/v2\/product"}],"about":[{"href":"https:\/\/coresparkbattery.com\/pt\/wp-json\/wp\/v2\/types\/product"}],"wp:featuredmedia":[{"embeddable":true,"href":"https:\/\/coresparkbattery.com\/pt\/wp-json\/wp\/v2\/media\/963"}],"wp:attachment":[{"href":"https:\/\/coresparkbattery.com\/pt\/wp-json\/wp\/v2\/media?parent=519"}],"wp:term":[{"taxonomy":"product_brand","embeddable":true,"href":"https:\/\/coresparkbattery.com\/pt\/wp-json\/wp\/v2\/product_brand?post=519"},{"taxonomy":"product_cat","embeddable":true,"href":"https:\/\/coresparkbattery.com\/pt\/wp-json\/wp\/v2\/product_cat?post=519"},{"taxonomy":"product_tag","embeddable":true,"href":"https:\/\/coresparkbattery.com\/pt\/wp-json\/wp\/v2\/product_tag?post=519"}],"curies":[{"name":"wp","href":"https:\/\/api.w.org\/{rel}","templated":true}]}}