{"id":518,"date":"2026-04-28T08:15:40","date_gmt":"2026-04-28T08:15:40","guid":{"rendered":"https:\/\/coresparkbattery.com\/12v-100ah-lifepo4-battery-rechargeable-lithium-iron-phosphate-battery-pack-lithium-battery-12v\/"},"modified":"2026-04-28T11:06:36","modified_gmt":"2026-04-28T11:06:36","slug":"12v-100ah-lifepo4-battery-rechargeable-lithium-iron-phosphate-battery-pack-lithium-battery-12v","status":"publish","type":"product","link":"https:\/\/coresparkbattery.com\/pt\/12v-100ah-lifepo4-battery-rechargeable-lithium-iron-phosphate-battery-pack-lithium-battery-12v\/","title":{"rendered":"Bateria 12V 100Ah Lifepo4 Bateria recarreg\u00e1vel de fosfato de ferro e l\u00edtio Bateria de l\u00edtio 12V"},"content":{"rendered":"<p>Esta bateria solar, com o n\u00famero de modelo 96V Batteries Solar, \u00e9 uma bateria LiFePO4 (fosfato de ferro e l\u00edtio) de alta qualidade, concebida especificamente para aplica\u00e7\u00f5es de energia solar. \u00c9 fornecida com uma tens\u00e3o nominal de 96V e uma capacidade nominal padr\u00e3o de 100Ah, enquanto a capacidade e o peso podem ser personalizados de acordo com os requisitos do cliente para satisfazer diversas necessidades de armazenamento de energia solar.<br \/>\nA bateria tem uma garantia de 5 anos, proporcionando aos clientes uma tranquilidade a longo prazo e um apoio p\u00f3s-venda fi\u00e1vel. Aceita totalmente servi\u00e7os OEM e ODM, permitindo a personaliza\u00e7\u00e3o das especifica\u00e7\u00f5es, apar\u00eancia e outros detalhes para corresponder \u00e0s exig\u00eancias espec\u00edficas do projeto.<br \/>\nPara garantir um desempenho seguro e est\u00e1vel, a bateria obteve v\u00e1rias certifica\u00e7\u00f5es oficiais, incluindo CE, MSDS, UN38.3 e RoHS, em conformidade com os padr\u00f5es internacionais de qualidade e seguran\u00e7a. Possui uma ampla faixa de temperatura de opera\u00e7\u00e3o de descarga de -20 \u2103 a 60 \u2103, permitindo uma opera\u00e7\u00e3o est\u00e1vel em v\u00e1rias condi\u00e7\u00f5es ambientais, tornando-a uma solu\u00e7\u00e3o ideal de armazenamento de energia para sistemas solares.<\/p>","protected":false},"excerpt":{"rendered":"<p>Bateria mar\u00edtima de alta pot\u00eancia, Bateria mar\u00edtima de 12V, Bateria de l\u00edtio de alto ciclo de vida para motor fora de borda de barco, Quanto tempo duram as baterias de empilhadeira<\/p>","protected":false},"featured_media":962,"template":"","meta":{"_gspb_post_css":""},"product_brand":[],"product_cat":[494],"product_tag":[357,358,356,359],"class_list":{"0":"post-518","1":"product","2":"type-product","3":"status-publish","4":"has-post-thumbnail","6":"product_cat-12v-lifepo4-battery","7":"product_tag-12v-marine-battery","8":"product_tag-high-cycle-life-lithium-battery-for-boat-outboard-motor","9":"product_tag-high-power-marine-battery","10":"product_tag-how-long-do-forklift-battery-packs-last","12":"first","13":"instock","14":"featured","15":"shipping-taxable","16":"product-type-simple"},"_links":{"self":[{"href":"https:\/\/coresparkbattery.com\/pt\/wp-json\/wp\/v2\/product\/518","targetHints":{"allow":["GET"]}}],"collection":[{"href":"https:\/\/coresparkbattery.com\/pt\/wp-json\/wp\/v2\/product"}],"about":[{"href":"https:\/\/coresparkbattery.com\/pt\/wp-json\/wp\/v2\/types\/product"}],"wp:featuredmedia":[{"embeddable":true,"href":"https:\/\/coresparkbattery.com\/pt\/wp-json\/wp\/v2\/media\/962"}],"wp:attachment":[{"href":"https:\/\/coresparkbattery.com\/pt\/wp-json\/wp\/v2\/media?parent=518"}],"wp:term":[{"taxonomy":"product_brand","embeddable":true,"href":"https:\/\/coresparkbattery.com\/pt\/wp-json\/wp\/v2\/product_brand?post=518"},{"taxonomy":"product_cat","embeddable":true,"href":"https:\/\/coresparkbattery.com\/pt\/wp-json\/wp\/v2\/product_cat?post=518"},{"taxonomy":"product_tag","embeddable":true,"href":"https:\/\/coresparkbattery.com\/pt\/wp-json\/wp\/v2\/product_tag?post=518"}],"curies":[{"name":"wp","href":"https:\/\/api.w.org\/{rel}","templated":true}]}}