{"id":517,"date":"2026-04-28T08:15:40","date_gmt":"2026-04-28T08:15:40","guid":{"rendered":"https:\/\/coresparkbattery.com\/lfp-solar-battery-pack-rechargeable-with-bms-12-8v-200ah-300ah-400ah-lithium-ion-home-energy-storage-battery-lifepo4\/"},"modified":"2026-04-28T11:05:19","modified_gmt":"2026-04-28T11:05:19","slug":"lfp-solar-battery-pack-rechargeable-with-bms-12-8v-200ah-300ah-400ah-lithium-ion-home-energy-storage-battery-lifepo4","status":"publish","type":"product","link":"https:\/\/coresparkbattery.com\/pt\/lfp-solar-battery-pack-rechargeable-with-bms-12-8v-200ah-300ah-400ah-lithium-ion-home-energy-storage-battery-lifepo4\/","title":{"rendered":"Bateria solar LFP recarreg\u00e1vel com BMS 12.8V 200Ah 300Ah 400Ah Bateria de armazenamento de energia dom\u00e9stica de i\u00f5es de l\u00edtio LiFePO4"},"content":{"rendered":"<p>Esta \u00e9 uma bateria de i\u00f5es de l\u00edtio LiFePO4 de 12V 150Ah com uma sa\u00edda de energia de 1920Wh. Apresenta uma constru\u00e7\u00e3o leve e uma maior densidade de energia, proporcionando um desempenho superior ao das baterias Ni-Cd e Ni-MH tradicionais.<br \/>\nO tamanho e a capacidade de todas as baterias LiFePO4 podem ser personalizados para atender a requisitos espec\u00edficos, suportando servi\u00e7os OEM e ODM. Oferece uma longa vida \u00fatil de 1000 a 6000 ciclos, com uma gama de temperaturas de carga de 0\u00b0C-45\u00b0C e uma gama de descarga de -20\u00b0C~60\u00b0C (ou -20\u00b0C~55\u00b0C).<br \/>\nEsta bateria possui certifica\u00e7\u00f5es completas, incluindo CE, UN38.3, MSDS, RoHS e ISO9001. Cada unidade \u00e9 submetida a uma inspe\u00e7\u00e3o completa 100% antes da entrega, abrangendo testes de resist\u00eancia interna, verifica\u00e7\u00e3o da plataforma de descarga e dete\u00e7\u00e3o de auto-descarga para garantir uma qualidade est\u00e1vel e fi\u00e1vel.<\/p>","protected":false},"excerpt":{"rendered":"<p>Bateria de l\u00edtio mar\u00edtima, Bateria de alto ciclo de vida para barcos, Bateria LiFePO4 recarreg\u00e1vel para propuls\u00e3o mar\u00edtima, Como manter a bateria do empilhador<\/p>","protected":false},"featured_media":953,"template":"","meta":{"_gspb_post_css":""},"product_brand":[],"product_cat":[494],"product_tag":[354,355,343,347],"class_list":{"0":"post-517","1":"product","2":"type-product","3":"status-publish","4":"has-post-thumbnail","6":"product_cat-12v-lifepo4-battery","7":"product_tag-high-cycle-life-boat-battery","8":"product_tag-how-to-maintain-forklift-battery-pack","9":"product_tag-marine-lithium-battery","10":"product_tag-rechargeable-lifepo4-battery-for-marine-propulsion","12":"first","13":"instock","14":"featured","15":"shipping-taxable","16":"product-type-simple"},"_links":{"self":[{"href":"https:\/\/coresparkbattery.com\/pt\/wp-json\/wp\/v2\/product\/517","targetHints":{"allow":["GET"]}}],"collection":[{"href":"https:\/\/coresparkbattery.com\/pt\/wp-json\/wp\/v2\/product"}],"about":[{"href":"https:\/\/coresparkbattery.com\/pt\/wp-json\/wp\/v2\/types\/product"}],"wp:featuredmedia":[{"embeddable":true,"href":"https:\/\/coresparkbattery.com\/pt\/wp-json\/wp\/v2\/media\/953"}],"wp:attachment":[{"href":"https:\/\/coresparkbattery.com\/pt\/wp-json\/wp\/v2\/media?parent=517"}],"wp:term":[{"taxonomy":"product_brand","embeddable":true,"href":"https:\/\/coresparkbattery.com\/pt\/wp-json\/wp\/v2\/product_brand?post=517"},{"taxonomy":"product_cat","embeddable":true,"href":"https:\/\/coresparkbattery.com\/pt\/wp-json\/wp\/v2\/product_cat?post=517"},{"taxonomy":"product_tag","embeddable":true,"href":"https:\/\/coresparkbattery.com\/pt\/wp-json\/wp\/v2\/product_tag?post=517"}],"curies":[{"name":"wp","href":"https:\/\/api.w.org\/{rel}","templated":true}]}}