{"id":515,"date":"2026-04-28T08:15:40","date_gmt":"2026-04-28T08:15:40","guid":{"rendered":"https:\/\/coresparkbattery.com\/lifepo4-12v-energy-storage-battery-24v-48v-50ah-100ah-200ah-300ah-400ah-lithium-iron-phosphate-lifepo4-battery-with-bms\/"},"modified":"2026-04-28T11:02:06","modified_gmt":"2026-04-28T11:02:06","slug":"lifepo4-12v-energy-storage-battery-24v-48v-50ah-100ah-200ah-300ah-400ah-lithium-iron-phosphate-lifepo4-battery-with-bms","status":"publish","type":"product","link":"https:\/\/coresparkbattery.com\/pt\/lifepo4-12v-energy-storage-battery-24v-48v-50ah-100ah-200ah-300ah-400ah-lithium-iron-phosphate-lifepo4-battery-with-bms\/","title":{"rendered":"Bateria de armazenamento de energia LifePo4 12V 24V 48V 50Ah 100Ah 200Ah 300Ah 400Ah Fosfato de ferro de l\u00edtio Bateria LifePo4 com BMS"},"content":{"rendered":"<p>Eis uma descri\u00e7\u00e3o de produto profissional e polida que pode utilizar diretamente no seu an\u00fancio:<br \/>\nEsta bateria de i\u00f5es de l\u00edtio \u00e9 uma solu\u00e7\u00e3o de energia LiFePO4 de alto desempenho com um n\u00famero de modelo de 12V 400Ah, origin\u00e1ria de Guangdong, China. Ele vem em uma dimens\u00e3o padr\u00e3o de 520 * 269 * 220mm, enquanto tamanhos personalizados tamb\u00e9m s\u00e3o aceitos. O peso est\u00e1 dispon\u00edvel em 11kg, 20kg, 26kg e 38kg para corresponder a diferentes configura\u00e7\u00f5es.<br \/>\nSuporta v\u00e1rias op\u00e7\u00f5es de tens\u00e3o, incluindo 12,8V, 25,6V, 36V e 48V, com uma vasta gama de capacidades de 50Ah, 100Ah, 200Ah, 300Ah, 400Ah, 460Ah at\u00e9 600Ah. Constru\u00edda com um BMS incorporado fi\u00e1vel para prote\u00e7\u00e3o total, a bateria proporciona uma vida \u00fatil ultra-longa de mais de 6000 ciclos.<br \/>\nCertificado com CE, MSDS, UN38.3 e RoHS, garante um desempenho seguro e est\u00e1vel. Os servi\u00e7os OEM e ODM s\u00e3o totalmente suportados para atender \u00e0s necessidades personalizadas. Concebido principalmente para sistemas de pain\u00e9is solares, este conjunto de baterias LiFePO4 \u00e9 uma escolha ideal de armazenamento de energia para v\u00e1rias aplica\u00e7\u00f5es solares.<\/p>","protected":false},"excerpt":{"rendered":"<p>Bateria de fosfato de ferro e l\u00edtio para barcos, Bateria de arranque para barcos, Bateria LiFePO4 mar\u00edtima de alta pot\u00eancia e grande capacidade, Como escolher a bateria para empilhadores<\/p>","protected":false},"featured_media":944,"template":"","meta":{"_gspb_post_css":""},"product_brand":[],"product_cat":[494,499],"product_tag":[350,345,351,341],"class_list":{"0":"post-515","1":"product","2":"type-product","3":"status-publish","4":"has-post-thumbnail","6":"product_cat-12v-lifepo4-battery","7":"product_cat-24v-lifepo4-battery","8":"product_tag-boat-starting-battery","9":"product_tag-high-power-large-capacity-marine-lifepo4-battery","10":"product_tag-how-to-choose-forklift-battery-pack","11":"product_tag-lithium-iron-phosphate-battery-for-boats","13":"first","14":"instock","15":"featured","16":"shipping-taxable","17":"product-type-simple"},"_links":{"self":[{"href":"https:\/\/coresparkbattery.com\/pt\/wp-json\/wp\/v2\/product\/515","targetHints":{"allow":["GET"]}}],"collection":[{"href":"https:\/\/coresparkbattery.com\/pt\/wp-json\/wp\/v2\/product"}],"about":[{"href":"https:\/\/coresparkbattery.com\/pt\/wp-json\/wp\/v2\/types\/product"}],"wp:featuredmedia":[{"embeddable":true,"href":"https:\/\/coresparkbattery.com\/pt\/wp-json\/wp\/v2\/media\/944"}],"wp:attachment":[{"href":"https:\/\/coresparkbattery.com\/pt\/wp-json\/wp\/v2\/media?parent=515"}],"wp:term":[{"taxonomy":"product_brand","embeddable":true,"href":"https:\/\/coresparkbattery.com\/pt\/wp-json\/wp\/v2\/product_brand?post=515"},{"taxonomy":"product_cat","embeddable":true,"href":"https:\/\/coresparkbattery.com\/pt\/wp-json\/wp\/v2\/product_cat?post=515"},{"taxonomy":"product_tag","embeddable":true,"href":"https:\/\/coresparkbattery.com\/pt\/wp-json\/wp\/v2\/product_tag?post=515"}],"curies":[{"name":"wp","href":"https:\/\/api.w.org\/{rel}","templated":true}]}}