{"id":514,"date":"2026-04-28T08:15:40","date_gmt":"2026-04-28T08:15:40","guid":{"rendered":"https:\/\/coresparkbattery.com\/12v-200ah-outdoor-lighting-battery-rechargeable-lithium-ion-battery-pack-12v-deep-cycle-energy-storage-battery\/"},"modified":"2026-04-28T11:01:16","modified_gmt":"2026-04-28T11:01:16","slug":"12v-200ah-outdoor-lighting-battery-rechargeable-lithium-ion-battery-pack-12v-deep-cycle-energy-storage-battery","status":"publish","type":"product","link":"https:\/\/coresparkbattery.com\/pt\/12v-200ah-outdoor-lighting-battery-rechargeable-lithium-ion-battery-pack-12v-deep-cycle-energy-storage-battery\/","title":{"rendered":"Bateria de ilumina\u00e7\u00e3o exterior de 12V 200Ah Bateria recarreg\u00e1vel de i\u00f5es de l\u00edtio Bateria de armazenamento de energia de ciclo profundo de 12V"},"content":{"rendered":"<p>Este produto \u00e9 uma bateria de armazenamento de energia de 12,8 V com tens\u00e3o nominal personaliz\u00e1vel de 12 V ou 24 V para satisfazer diferentes necessidades de aplica\u00e7\u00e3o. Oferece capacidades nominais opcionais de 100Ah, 200Ah e 300Ah \u00e0 escolha do cliente e suporta uma sele\u00e7\u00e3o flex\u00edvel de tipos de c\u00e9lulas, incluindo LiFePO4, baterias de i\u00f5es de l\u00edtio e 32700 c\u00e9lulas, bem como modos de carregamento\/descarregamento da mesma extremidade ou heresia.<br \/>\nAdoptando c\u00e9lulas de bateria de fosfato de ferro-l\u00edtio de grau A, proporciona um ciclo de vida ultra-longo de at\u00e9 6000 vezes. A corrente m\u00e1xima de carga \u00e9 de 50A para 100Ah, 100A para 200Ah e 150A para 300Ah, enquanto a corrente m\u00e1xima de descarga \u00e9 de 100A para 100Ah, 150A para 200Ah e 150A para 300Ah. Equipado com prote\u00e7\u00e3o contra sobrecarga de c\u00e9lula \u00fanica a 2,8V\u00b120mV, garante um funcionamento seguro e est\u00e1vel.<br \/>\nA bateria possui certifica\u00e7\u00f5es completas, incluindo CE, RoHS, UN38.3 e MSDS, e oferece uma fun\u00e7\u00e3o APP Bluetooth opcional para monitoriza\u00e7\u00e3o inteligente. Disp\u00f5e de uma vasta gama de temperaturas de funcionamento: 0~45\u00b0C para carregar e -20~60\u00b0C para descarregar; a temperatura de armazenamento \u00e9 de -5~35\u00b0C no prazo de 1 m\u00eas e de 0~35\u00b0C no prazo de 6 meses.<br \/>\nAmplamente aplicada em ilumina\u00e7\u00e3o solar, armazenamento de energia solar, esta\u00e7\u00f5es de telecomunica\u00e7\u00f5es, ve\u00edculos el\u00e9ctricos, barcos, caravanas, centrais el\u00e9ctricas e armazenamento de energia de sistemas solares dom\u00e9sticos, esta bateria \u00e9 uma solu\u00e7\u00e3o de energia fi\u00e1vel para v\u00e1rios cen\u00e1rios.<br \/>\n\u9700\u8981\u6211\u628a\u8fd9\u6bb5\u6539\u6210\u66f4\u7b80\u6d01\u7684\u5916\u8d38\u77ed\u63cf\u8ff0\uff0c\u6216\u8005\u62c6\u6210\u4e9a\u9a6c\u900a\u4e94\u70b9 Bullet\u5417\uff1f<\/p>","protected":false},"excerpt":{"rendered":"<p>Bateria 12V 24V 48V LiFePO4, Bateria de propuls\u00e3o mar\u00edtima, Bateria de fosfato de ferro de l\u00edtio 12V 24V 48V para h\u00e9lice de barco, Bateria de energia mar\u00edtima<\/p>","protected":false},"featured_media":940,"template":"","meta":{"_gspb_post_css":""},"product_brand":[],"product_cat":[494,499],"product_tag":[340,344,349,348],"class_list":{"0":"post-514","1":"product","2":"type-product","3":"status-publish","4":"has-post-thumbnail","6":"product_cat-12v-lifepo4-battery","7":"product_cat-24v-lifepo4-battery","8":"product_tag-12v-24v-48v-lifepo4-battery","9":"product_tag-12v-24v-48v-lithium-iron-phosphate-battery-for-boat-propeller","10":"product_tag-marine-power-battery","11":"product_tag-marine-propulsion-battery","13":"first","14":"instock","15":"featured","16":"shipping-taxable","17":"product-type-simple"},"_links":{"self":[{"href":"https:\/\/coresparkbattery.com\/pt\/wp-json\/wp\/v2\/product\/514","targetHints":{"allow":["GET"]}}],"collection":[{"href":"https:\/\/coresparkbattery.com\/pt\/wp-json\/wp\/v2\/product"}],"about":[{"href":"https:\/\/coresparkbattery.com\/pt\/wp-json\/wp\/v2\/types\/product"}],"wp:featuredmedia":[{"embeddable":true,"href":"https:\/\/coresparkbattery.com\/pt\/wp-json\/wp\/v2\/media\/940"}],"wp:attachment":[{"href":"https:\/\/coresparkbattery.com\/pt\/wp-json\/wp\/v2\/media?parent=514"}],"wp:term":[{"taxonomy":"product_brand","embeddable":true,"href":"https:\/\/coresparkbattery.com\/pt\/wp-json\/wp\/v2\/product_brand?post=514"},{"taxonomy":"product_cat","embeddable":true,"href":"https:\/\/coresparkbattery.com\/pt\/wp-json\/wp\/v2\/product_cat?post=514"},{"taxonomy":"product_tag","embeddable":true,"href":"https:\/\/coresparkbattery.com\/pt\/wp-json\/wp\/v2\/product_tag?post=514"}],"curies":[{"name":"wp","href":"https:\/\/api.w.org\/{rel}","templated":true}]}}