{"id":511,"date":"2026-04-28T08:15:40","date_gmt":"2026-04-28T08:15:40","guid":{"rendered":"https:\/\/coresparkbattery.com\/12v-100ah-lifepo4-lithium-ion-battery-replacement-pack-for-solar-rv-marine-camping-gnli-brand-1500-cycles\/"},"modified":"2026-04-28T10:57:45","modified_gmt":"2026-04-28T10:57:45","slug":"12v-100ah-lifepo4-lithium-ion-battery-replacement-pack-for-solar-rv-marine-camping-gnli-brand-1500-cycles","status":"publish","type":"product","link":"https:\/\/coresparkbattery.com\/pt\/12v-100ah-lifepo4-lithium-ion-battery-replacement-pack-for-solar-rv-marine-camping-gnli-brand-1500-cycles\/","title":{"rendered":"Bateria de substitui\u00e7\u00e3o de i\u00f5es de l\u00edtio LiFePO4 12V 100Ah para caravana solar, campismo mar\u00edtimo, GNLi, 1500 ciclos"},"content":{"rendered":"<p>Esta bateria de l\u00edtio LiFePO4 de 12V da GNLi apresenta um ciclo de vida longo de at\u00e9 1500 ciclos, usando LiFePO4 de alta qualidade como material cat\u00f3dico. Ele suporta uma quantidade m\u00e1xima de carga de 32 c\u00e9lulas e pode operar de forma confi\u00e1vel dentro de uma ampla faixa de temperatura de -20 \u2103 a + 60 \u2103.<br \/>\nDispon\u00edvel nas capacidades de 50Ah, 100Ah, 150Ah, 200Ah e 300Ah com op\u00e7\u00f5es de tens\u00e3o de 12V e 12.8V, esta bateria est\u00e1 equipada com c\u00e9lulas LiFePO4 de 3.2V e tem uma garantia de 2 anos. Tem um n\u00famero de modelo GN 12V100AH, mede 330175216mm, pesa 12kgs, e \u00e9 origin\u00e1ria de Guangdong, China.<br \/>\nConcebido para aplica\u00e7\u00f5es solares, de ve\u00edculos de recreio e mar\u00edtimas, suporta uma corrente de carga de 30A e uma corrente de descarga de 50A. Tamb\u00e9m s\u00e3o aceites servi\u00e7os OEM e ODM.<\/p>","protected":false},"excerpt":{"rendered":"<p>como instalar a bateria de 24V LiFePO4 RV, pre\u00e7o da bateria de 24V LiFePO4 RV, quanto tempo dura a bateria de 24V LiFePO4 RV, garantia da bateria de 24V LiFePO4 RV<\/p>","protected":false},"featured_media":925,"template":"","meta":{"_gspb_post_css":""},"product_brand":[],"product_cat":[494,493,499,498,492],"product_tag":[337,339,338,336],"class_list":{"0":"post-511","1":"product","2":"type-product","3":"status-publish","4":"has-post-thumbnail","6":"product_cat-12v-lifepo4-battery","7":"product_cat-12v-rv-lifepo4-battery","8":"product_cat-24v-lifepo4-battery","9":"product_cat-24v-rv-lifepo4-battery","10":"product_cat-rv-lifepo4-battery","11":"product_tag-24v-lifepo4-rv-battery-price","12":"product_tag-24v-lifepo4-rv-battery-warranty","13":"product_tag-how-long-does-24v-lifepo4-rv-battery-last","14":"product_tag-how-to-install-24v-lifepo4-rv-battery","16":"first","17":"instock","18":"featured","19":"shipping-taxable","20":"product-type-simple"},"_links":{"self":[{"href":"https:\/\/coresparkbattery.com\/pt\/wp-json\/wp\/v2\/product\/511","targetHints":{"allow":["GET"]}}],"collection":[{"href":"https:\/\/coresparkbattery.com\/pt\/wp-json\/wp\/v2\/product"}],"about":[{"href":"https:\/\/coresparkbattery.com\/pt\/wp-json\/wp\/v2\/types\/product"}],"wp:featuredmedia":[{"embeddable":true,"href":"https:\/\/coresparkbattery.com\/pt\/wp-json\/wp\/v2\/media\/925"}],"wp:attachment":[{"href":"https:\/\/coresparkbattery.com\/pt\/wp-json\/wp\/v2\/media?parent=511"}],"wp:term":[{"taxonomy":"product_brand","embeddable":true,"href":"https:\/\/coresparkbattery.com\/pt\/wp-json\/wp\/v2\/product_brand?post=511"},{"taxonomy":"product_cat","embeddable":true,"href":"https:\/\/coresparkbattery.com\/pt\/wp-json\/wp\/v2\/product_cat?post=511"},{"taxonomy":"product_tag","embeddable":true,"href":"https:\/\/coresparkbattery.com\/pt\/wp-json\/wp\/v2\/product_tag?post=511"}],"curies":[{"name":"wp","href":"https:\/\/api.w.org\/{rel}","templated":true}]}}