{"id":510,"date":"2026-04-28T08:15:40","date_gmt":"2026-04-28T08:15:40","guid":{"rendered":"https:\/\/coresparkbattery.com\/38-4v-690ah-lifepo4-lithium-ion-traction-battery-5-years-warranty-3000-cycles-electric-forklift-lift-truck-agv-built-in\/"},"modified":"2026-04-28T10:56:39","modified_gmt":"2026-04-28T10:56:39","slug":"38-4v-690ah-lifepo4-lithium-ion-traction-battery-5-years-warranty-3000-cycles-electric-forklift-lift-truck-agv-built-in","status":"publish","type":"product","link":"https:\/\/coresparkbattery.com\/pt\/38-4v-690ah-lifepo4-lithium-ion-traction-battery-5-years-warranty-3000-cycles-electric-forklift-lift-truck-agv-built-in\/","title":{"rendered":"Bateria de tra\u00e7\u00e3o de i\u00f5es de l\u00edtio 38.4V 690Ah LiFePO4 5 anos de garantia 3000 ciclos Empilhador el\u00e9trico AGV incorporado"},"content":{"rendered":"<p>Esta bateria LiFePO4 apresenta um ciclo de vida ultra-longo de at\u00e9 3000 ciclos, adotando materiais de c\u00e1todo LiFePO4 de alto desempenho. Ele suporta uma quantidade m\u00e1xima de carga de 32 c\u00e9lulas e opera de forma est\u00e1vel dentro de uma faixa de temperatura de -20 \u2103 a 60 \u2103. Com a marca GNLi, este modelo \u00e9 38.4V 690Ah, tamb\u00e9m conhecido como 36V 690Ah, origin\u00e1rio de Guangdong, China. Tem uma dimens\u00e3o padr\u00e3o de 45.733.223.9cm e um tamanho pesado de 968516780mm ou tamanho personalizado, com um peso l\u00edquido de 44kgs.<br \/>\nConcebida para empilhadores el\u00e9ctricos, a bateria est\u00e1 equipada com um BMS inteligente incorporado para uma prote\u00e7\u00e3o total. Oferece uma corrente de descarga m\u00e1xima de 100A-200A e uma corrente de descarga cont\u00ednua de 690A ou um valor personaliz\u00e1vel. A comunica\u00e7\u00e3o pode ser efectuada atrav\u00e9s da porta CANBus ou de portas personalizadas. Os servi\u00e7os OEM e ODM s\u00e3o aceit\u00e1veis. A bateria requer condi\u00e7\u00f5es normais de armazenamento para uma utiliza\u00e7\u00e3o segura e a longo prazo.<\/p>","protected":false},"excerpt":{"rendered":"<p>Sistemas de energia el\u00e9ctrica, bicicletas\/scooters el\u00e9ctricas, empilhadores el\u00e9ctricos, submarinos, electrodom\u00e9sticos, ve\u00edculos el\u00e9ctricos, drone, aspirador rob\u00f4<\/p>","protected":false},"featured_media":920,"template":"","meta":{"_gspb_post_css":""},"product_brand":[],"product_cat":[491],"product_tag":[333,328,329,327,332,331,334,330],"class_list":{"0":"post-510","1":"product","2":"type-product","3":"status-publish","4":"has-post-thumbnail","6":"product_cat-forklift-battery-pack","7":"product_tag-drone","8":"product_tag-electric-bicycles-scooters","9":"product_tag-electric-forklifts","10":"product_tag-electric-power-systems","11":"product_tag-electric-vehicles","12":"product_tag-home-appliances","13":"product_tag-robot-vacuum-cleaner","14":"product_tag-submarines","16":"first","17":"instock","18":"featured","19":"shipping-taxable","20":"product-type-simple"},"_links":{"self":[{"href":"https:\/\/coresparkbattery.com\/pt\/wp-json\/wp\/v2\/product\/510","targetHints":{"allow":["GET"]}}],"collection":[{"href":"https:\/\/coresparkbattery.com\/pt\/wp-json\/wp\/v2\/product"}],"about":[{"href":"https:\/\/coresparkbattery.com\/pt\/wp-json\/wp\/v2\/types\/product"}],"wp:featuredmedia":[{"embeddable":true,"href":"https:\/\/coresparkbattery.com\/pt\/wp-json\/wp\/v2\/media\/920"}],"wp:attachment":[{"href":"https:\/\/coresparkbattery.com\/pt\/wp-json\/wp\/v2\/media?parent=510"}],"wp:term":[{"taxonomy":"product_brand","embeddable":true,"href":"https:\/\/coresparkbattery.com\/pt\/wp-json\/wp\/v2\/product_brand?post=510"},{"taxonomy":"product_cat","embeddable":true,"href":"https:\/\/coresparkbattery.com\/pt\/wp-json\/wp\/v2\/product_cat?post=510"},{"taxonomy":"product_tag","embeddable":true,"href":"https:\/\/coresparkbattery.com\/pt\/wp-json\/wp\/v2\/product_tag?post=510"}],"curies":[{"name":"wp","href":"https:\/\/api.w.org\/{rel}","templated":true}]}}