{"id":509,"date":"2026-04-28T08:15:40","date_gmt":"2026-04-28T08:15:40","guid":{"rendered":"https:\/\/coresparkbattery.com\/38v-51-2-v72v105ah-lifepo4-golf-cart-battery-deep-cycle-solid-state-battery-100a-bms-5-year-warranty-ip67-waterproof-4000\/"},"modified":"2026-04-28T10:55:33","modified_gmt":"2026-04-28T10:55:33","slug":"38v-51-2-v72v105ah-lifepo4-golf-cart-battery-deep-cycle-solid-state-battery-100a-bms-5-year-warranty-ip67-waterproof-4000","status":"publish","type":"product","link":"https:\/\/coresparkbattery.com\/pt\/38v-51-2-v72v105ah-lifepo4-golf-cart-battery-deep-cycle-solid-state-battery-100a-bms-5-year-warranty-ip67-waterproof-4000\/","title":{"rendered":"38V 51.2 V72V105Ah LiFePO4 Bateria para carrinho de golfe Bateria de estado s\u00f3lido de ciclo profundo 100A BMS 5 anos de garantia IP67 \u00e0 prova de \u00e1gua 4000"},"content":{"rendered":"<p>Alta capacidade: 72V 105Ah fornece energia robusta para carrinhos de golfe.<br \/>\nDesign de ciclo profundo: Ideal para utiliza\u00e7\u00e3o frequente e ciclos de carregamento.<br \/>\nIP67 \u00e0 prova de \u00e1gua: Garante a durabilidade em v\u00e1rias condi\u00e7\u00f5es climat\u00e9ricas.<br \/>\nLongevidade: 4000 ciclos oferecem uma vida \u00fatil prolongada da bateria.<br \/>\nSeguro e fi\u00e1vel: A tecnologia de estado s\u00f3lido garante seguran\u00e7a e fiabilidade.<\/p>","protected":false},"excerpt":{"rendered":"<p>Nova Chegada 36V 105Ah LiFePO4, Bateria de Carrinho de Golfe com Bluetooth,, BMS embutido para Carrinho de Golfe Club Car, Bateria de Fosfato de Ferro de L\u00edtio 36V 105Ah habilitada para Bluetooth,<\/p>","protected":false},"featured_media":915,"template":"","meta":{"_gspb_post_css":""},"product_brand":[],"product_cat":[15],"product_tag":[326,325,324,323],"class_list":{"0":"post-509","1":"product","2":"type-product","3":"status-publish","4":"has-post-thumbnail","6":"product_cat-golf-cart-battery","7":"product_tag-36v-105ah-lithium-iron-phosphate-battery-bluetooth-enabled","8":"product_tag-built-in-bms-for-club-car-golf-cart","9":"product_tag-golf-cart-battery-pack-with-bluetooth","10":"product_tag-new-arrival-36v-105ah-lifepo4","12":"first","13":"instock","14":"featured","15":"shipping-taxable","16":"product-type-simple"},"_links":{"self":[{"href":"https:\/\/coresparkbattery.com\/pt\/wp-json\/wp\/v2\/product\/509","targetHints":{"allow":["GET"]}}],"collection":[{"href":"https:\/\/coresparkbattery.com\/pt\/wp-json\/wp\/v2\/product"}],"about":[{"href":"https:\/\/coresparkbattery.com\/pt\/wp-json\/wp\/v2\/types\/product"}],"wp:featuredmedia":[{"embeddable":true,"href":"https:\/\/coresparkbattery.com\/pt\/wp-json\/wp\/v2\/media\/915"}],"wp:attachment":[{"href":"https:\/\/coresparkbattery.com\/pt\/wp-json\/wp\/v2\/media?parent=509"}],"wp:term":[{"taxonomy":"product_brand","embeddable":true,"href":"https:\/\/coresparkbattery.com\/pt\/wp-json\/wp\/v2\/product_brand?post=509"},{"taxonomy":"product_cat","embeddable":true,"href":"https:\/\/coresparkbattery.com\/pt\/wp-json\/wp\/v2\/product_cat?post=509"},{"taxonomy":"product_tag","embeddable":true,"href":"https:\/\/coresparkbattery.com\/pt\/wp-json\/wp\/v2\/product_tag?post=509"}],"curies":[{"name":"wp","href":"https:\/\/api.w.org\/{rel}","templated":true}]}}