{"id":508,"date":"2026-04-28T08:15:39","date_gmt":"2026-04-28T08:15:39","guid":{"rendered":"https:\/\/coresparkbattery.com\/customized-lifepo4-24v-36v-70v-80v-forklift-battery-with-200ah-400ah-500ah-600ah-lithium-ion-forklift-battery-2\/"},"modified":"2026-04-28T10:52:57","modified_gmt":"2026-04-28T10:52:57","slug":"customized-lifepo4-24v-36v-70v-80v-forklift-battery-with-200ah-400ah-500ah-600ah-lithium-ion-forklift-battery-2","status":"publish","type":"product","link":"https:\/\/coresparkbattery.com\/pt\/customized-lifepo4-24v-36v-70v-80v-forklift-battery-with-200ah-400ah-500ah-600ah-lithium-ion-forklift-battery-2\/","title":{"rendered":"Bateria de empilhadeira personalizada Lifepo4 24V 36v 70V 80v com bateria de empilhadeira de \u00edon de l\u00edtio 200Ah 400Ah 500Ah 600Ah"},"content":{"rendered":"<p>Bateria LiFePO4 robusta e personaliz\u00e1vel<br \/>\nOferecemos solu\u00e7\u00f5es vers\u00e1teis de baterias com tens\u00f5es 24V\/36V\/48V\/60V\/70V\/72V\/80V, capacidade 100Ah-1000Ah e energia at\u00e9 80000Wh. O tamanho e o peso s\u00e3o totalmente personaliz\u00e1veis. Constru\u00edda para durar mais de 5000 ciclos, suporta uma elevada corrente de descarga cont\u00ednua e de pico. Funciona de forma fi\u00e1vel entre -20\u00b0C e 55\u00b0C e suporta CAN, 485 e comunica\u00e7\u00e3o sem fios para integra\u00e7\u00e3o em sistemas inteligentes.<br \/>\nPorqu\u00ea ser nosso parceiro<br \/>\nF\u00e1brica com certifica\u00e7\u00e3o ISO 9001. Equipa especializada em I&amp;D com anos de experi\u00eancia. Suporte completo de OEM e ODM. V\u00e1rias linhas de produ\u00e7\u00e3o para produ\u00e7\u00e3o em massa. Controlo de qualidade rigoroso para garantir um desempenho de excel\u00eancia. Produ\u00e7\u00e3o totalmente integrada para uma qualidade consistente e entrega atempada.<\/p>","protected":false},"excerpt":{"rendered":"<p>Bateria de empilhador 24V 300Ah, bateria de empilhador LiFePO4, bateria de empilhador de longa dura\u00e7\u00e3o, bateria de empilhador para condutor sentado<\/p>","protected":false},"featured_media":910,"template":"","meta":{"_gspb_post_css":""},"product_brand":[],"product_cat":[491],"product_tag":[319,322,321,320],"class_list":{"0":"post-508","1":"product","2":"type-product","3":"status-publish","4":"has-post-thumbnail","6":"product_cat-forklift-battery-pack","7":"product_tag-24v-300ah-forklift-battery-pack","8":"product_tag-forklift-battery-pack-for-sit-down-rider","9":"product_tag-forklift-battery-pack-long-life","10":"product_tag-lifepo4-forklift-battery-pack","12":"first","13":"instock","14":"featured","15":"shipping-taxable","16":"product-type-simple"},"_links":{"self":[{"href":"https:\/\/coresparkbattery.com\/pt\/wp-json\/wp\/v2\/product\/508","targetHints":{"allow":["GET"]}}],"collection":[{"href":"https:\/\/coresparkbattery.com\/pt\/wp-json\/wp\/v2\/product"}],"about":[{"href":"https:\/\/coresparkbattery.com\/pt\/wp-json\/wp\/v2\/types\/product"}],"wp:featuredmedia":[{"embeddable":true,"href":"https:\/\/coresparkbattery.com\/pt\/wp-json\/wp\/v2\/media\/910"}],"wp:attachment":[{"href":"https:\/\/coresparkbattery.com\/pt\/wp-json\/wp\/v2\/media?parent=508"}],"wp:term":[{"taxonomy":"product_brand","embeddable":true,"href":"https:\/\/coresparkbattery.com\/pt\/wp-json\/wp\/v2\/product_brand?post=508"},{"taxonomy":"product_cat","embeddable":true,"href":"https:\/\/coresparkbattery.com\/pt\/wp-json\/wp\/v2\/product_cat?post=508"},{"taxonomy":"product_tag","embeddable":true,"href":"https:\/\/coresparkbattery.com\/pt\/wp-json\/wp\/v2\/product_tag?post=508"}],"curies":[{"name":"wp","href":"https:\/\/api.w.org\/{rel}","templated":true}]}}