{"id":507,"date":"2026-04-28T08:15:39","date_gmt":"2026-04-28T08:15:39","guid":{"rendered":"https:\/\/coresparkbattery.com\/customized-lifepo4-24v-36v-70v-80v-forklift-battery-with-200ah-400ah-500ah-600ah-lithium-ion-forklift-battery\/"},"modified":"2026-04-28T10:51:48","modified_gmt":"2026-04-28T10:51:48","slug":"customized-lifepo4-24v-36v-70v-80v-forklift-battery-with-200ah-400ah-500ah-600ah-lithium-ion-forklift-battery","status":"publish","type":"product","link":"https:\/\/coresparkbattery.com\/pt\/customized-lifepo4-24v-36v-70v-80v-forklift-battery-with-200ah-400ah-500ah-600ah-lithium-ion-forklift-battery\/","title":{"rendered":"Bateria de empilhadeira personalizada Lifepo4 24V 36v 70V 80v com bateria de empilhadeira de \u00edon de l\u00edtio 200Ah 400Ah 500Ah 600Ah"},"content":{"rendered":"<p>Especifica\u00e7\u00e3o do produto<br \/>\nTens\u00e3o nominal: 24V\/36V\/48V\/60V\/70V\/72V\/80V<br \/>\nCapacidade nominal: 100Ah-1000Ah<br \/>\nEnergia nominal: 2560Wh-80000Wh<br \/>\nVida \u00fatil do ciclo: \u22655000 ciclos<br \/>\nTemperatura de carga\/descarga\/armazenamento: 0~45\u00b0C \/ -20~55\u00b0C \/ -10~45\u00b0C<br \/>\nCorrente de carga e descarga: personaliz\u00e1vel at\u00e9 300 A cont\u00ednuos, 600 A de pico<br \/>\nComunica\u00e7\u00e3o: CAN do ve\u00edculo, CAN de carga, CAN da intranet, 485, sem fios<br \/>\nDimens\u00e3o e peso: Personalizado<br \/>\nPontos fortes da empresa<br \/>\nFabricante com certifica\u00e7\u00e3o ISO 9001. Forte capacidade de I&amp;D com uma equipa t\u00e9cnica experiente. Servi\u00e7o profissional OEM e ODM. M\u00faltiplas linhas de produ\u00e7\u00e3o e for\u00e7a de trabalho suficiente. Um sistema de controlo de qualidade rigoroso garante uma qualidade elevada e consistente. Produ\u00e7\u00e3o integrada para um fornecimento econ\u00f3mico e est\u00e1vel.<\/p>","protected":false},"excerpt":{"rendered":"<p>Bateria para empilhador 24V 200Ah, Bateria para empilhador de l\u00edtio, Bateria para empilhador sem manuten\u00e7\u00e3o, Bateria para empilhador para contrapeso<\/p>","protected":false},"featured_media":905,"template":"","meta":{"_gspb_post_css":""},"product_brand":[],"product_cat":[491],"product_tag":[315,318,317,316],"class_list":{"0":"post-507","1":"product","2":"type-product","3":"status-publish","4":"has-post-thumbnail","6":"product_cat-forklift-battery-pack","7":"product_tag-24v-200ah-forklift-battery-pack","8":"product_tag-forklift-battery-pack-for-counterbalance","9":"product_tag-forklift-battery-pack-maintenance-free","10":"product_tag-lithium-forklift-battery-pack","12":"first","13":"instock","14":"featured","15":"shipping-taxable","16":"product-type-simple"},"_links":{"self":[{"href":"https:\/\/coresparkbattery.com\/pt\/wp-json\/wp\/v2\/product\/507","targetHints":{"allow":["GET"]}}],"collection":[{"href":"https:\/\/coresparkbattery.com\/pt\/wp-json\/wp\/v2\/product"}],"about":[{"href":"https:\/\/coresparkbattery.com\/pt\/wp-json\/wp\/v2\/types\/product"}],"wp:featuredmedia":[{"embeddable":true,"href":"https:\/\/coresparkbattery.com\/pt\/wp-json\/wp\/v2\/media\/905"}],"wp:attachment":[{"href":"https:\/\/coresparkbattery.com\/pt\/wp-json\/wp\/v2\/media?parent=507"}],"wp:term":[{"taxonomy":"product_brand","embeddable":true,"href":"https:\/\/coresparkbattery.com\/pt\/wp-json\/wp\/v2\/product_brand?post=507"},{"taxonomy":"product_cat","embeddable":true,"href":"https:\/\/coresparkbattery.com\/pt\/wp-json\/wp\/v2\/product_cat?post=507"},{"taxonomy":"product_tag","embeddable":true,"href":"https:\/\/coresparkbattery.com\/pt\/wp-json\/wp\/v2\/product_tag?post=507"}],"curies":[{"name":"wp","href":"https:\/\/api.w.org\/{rel}","templated":true}]}}