{"id":506,"date":"2026-04-28T08:15:39","date_gmt":"2026-04-28T08:15:39","guid":{"rendered":"https:\/\/coresparkbattery.com\/customized-oem-odm-forklift-lifepo4-24v-36v-70v-80v-forklift-battery-with-200ah-400ah-500ah-600ah-lithium-battery-for-forklift\/"},"modified":"2026-04-28T10:50:46","modified_gmt":"2026-04-28T10:50:46","slug":"customized-oem-odm-forklift-lifepo4-24v-36v-70v-80v-forklift-battery-with-200ah-400ah-500ah-600ah-lithium-battery-for-forklift","status":"publish","type":"product","link":"https:\/\/coresparkbattery.com\/pt\/customized-oem-odm-forklift-lifepo4-24v-36v-70v-80v-forklift-battery-with-200ah-400ah-500ah-600ah-lithium-battery-for-forklift\/","title":{"rendered":"Personalizado OEM ODM Empilhadeira Lifepo4 24V 36v 70V 80v Bateria de empilhadeira com 200Ah 400Ah 500Ah 600Ah Bateria de l\u00edtio para empilhadeira"},"content":{"rendered":"<p>Bateria LiFePO4 de alto desempenho<br \/>\nDispon\u00edvel em 24V\/36V\/48V\/60V\/70V\/72V\/80V, com capacidade 100Ah-1000Ah e energia 2560Wh-80000Wh. S\u00e3o fornecidos tamanhos e pesos personalizados. O ciclo de vida excede os 5000 ciclos. A corrente de carga\/descarga flex\u00edvel e a ampla temperatura de trabalho garantem um desempenho est\u00e1vel em v\u00e1rios ambientes. Op\u00e7\u00f5es de comunica\u00e7\u00e3o ricas: Barramento CAN, RS485, comunica\u00e7\u00e3o sem fios.<br \/>\nPorqu\u00ea escolher-nos<br \/>\nF\u00e1brica com certifica\u00e7\u00e3o ISO 9001 | Equipa profissional de I&amp;D | Solu\u00e7\u00e3o \u00fanica OEM e ODM | M\u00faltiplas linhas de produ\u00e7\u00e3o automatizadas | Inspe\u00e7\u00e3o de qualidade rigorosa | Integra\u00e7\u00e3o total da cadeia industrial para uma qualidade fi\u00e1vel.<\/p>","protected":false},"excerpt":{"rendered":"<p>Bateria para empilhador 24V 100Ah, Bateria para empilhador el\u00e9trico, Bateria para empilhador com BMS, Bateria para empilhador para empilhador<\/p>","protected":false},"featured_media":901,"template":"","meta":{"_gspb_post_css":""},"product_brand":[],"product_cat":[491],"product_tag":[311,312,314,313],"class_list":{"0":"post-506","1":"product","2":"type-product","3":"status-publish","4":"has-post-thumbnail","6":"product_cat-forklift-battery-pack","7":"product_tag-24v-100ah-forklift-battery-pack","8":"product_tag-electric-forklift-battery-pack","9":"product_tag-forklift-battery-pack-for-stacker","10":"product_tag-forklift-battery-pack-with-bms","12":"first","13":"instock","14":"featured","15":"shipping-taxable","16":"product-type-simple"},"_links":{"self":[{"href":"https:\/\/coresparkbattery.com\/pt\/wp-json\/wp\/v2\/product\/506","targetHints":{"allow":["GET"]}}],"collection":[{"href":"https:\/\/coresparkbattery.com\/pt\/wp-json\/wp\/v2\/product"}],"about":[{"href":"https:\/\/coresparkbattery.com\/pt\/wp-json\/wp\/v2\/types\/product"}],"wp:featuredmedia":[{"embeddable":true,"href":"https:\/\/coresparkbattery.com\/pt\/wp-json\/wp\/v2\/media\/901"}],"wp:attachment":[{"href":"https:\/\/coresparkbattery.com\/pt\/wp-json\/wp\/v2\/media?parent=506"}],"wp:term":[{"taxonomy":"product_brand","embeddable":true,"href":"https:\/\/coresparkbattery.com\/pt\/wp-json\/wp\/v2\/product_brand?post=506"},{"taxonomy":"product_cat","embeddable":true,"href":"https:\/\/coresparkbattery.com\/pt\/wp-json\/wp\/v2\/product_cat?post=506"},{"taxonomy":"product_tag","embeddable":true,"href":"https:\/\/coresparkbattery.com\/pt\/wp-json\/wp\/v2\/product_tag?post=506"}],"curies":[{"name":"wp","href":"https:\/\/api.w.org\/{rel}","templated":true}]}}