{"id":505,"date":"2026-04-28T08:15:39","date_gmt":"2026-04-28T08:15:39","guid":{"rendered":"https:\/\/coresparkbattery.com\/48v-deep-cycle-forklift-battery-48v-300ah-lithium-72v-100ah-150ah-200ah-300ah-400ah-500ah-lithium-lifepo4-battery-for-forklifts\/"},"modified":"2026-04-28T10:49:31","modified_gmt":"2026-04-28T10:49:31","slug":"48v-deep-cycle-forklift-battery-48v-300ah-lithium-72v-100ah-150ah-200ah-300ah-400ah-500ah-lithium-lifepo4-battery-for-forklifts","status":"publish","type":"product","link":"https:\/\/coresparkbattery.com\/pt\/48v-deep-cycle-forklift-battery-48v-300ah-lithium-72v-100ah-150ah-200ah-300ah-400ah-500ah-lithium-lifepo4-battery-for-forklifts\/","title":{"rendered":"Bateria de empilhador de ciclo profundo 48V 300Ah L\u00edtio 72V 100ah 150ah 200Ah 300Ah 400Ah 500Ah L\u00edtio Bateria Lifepo4 para empilhadores"},"content":{"rendered":"<p>Especifica\u00e7\u00f5es da bateria LiFePO4<br \/>\nEste conjunto de baterias de l\u00edtio suporta tens\u00f5es nominais de 24V\/36V\/48V\/60V\/70V\/72V\/80V, com capacidade nominal de 100Ah a 1000Ah e energia nominal de 2560Wh a 80000Wh. A dimens\u00e3o e o peso s\u00e3o totalmente personalizados para satisfazer diferentes necessidades de aplica\u00e7\u00e3o. Oferece \u22655000 ciclos profundos para uma longa vida \u00fatil. A tens\u00e3o de carga varia de 29,3V a 91,3V e a tens\u00e3o de corte de descarga de 20V a 62,5V. A corrente de carga cont\u00ednua m\u00e1xima atinge 100A (personaliz\u00e1vel), a corrente de descarga cont\u00ednua m\u00e1xima \u00e9 100A\/200A\/300A (personaliz\u00e1vel) e a corrente de descarga de pico at\u00e9 600A (personaliz\u00e1vel).<br \/>\nApresenta uma vasta gama de temperaturas: carga a 0~45\u00b0C, descarga a -20~55\u00b0C e armazenamento a -10~45\u00b0C. S\u00e3o suportados v\u00e1rios modos de comunica\u00e7\u00e3o, incluindo o CAN do ve\u00edculo, o CAN de carga, o CAN da intranet, o RS485 e a comunica\u00e7\u00e3o sem fios.<br \/>\nPorqu\u00ea escolher-nos<br \/>\nSomos uma f\u00e1brica com certifica\u00e7\u00e3o ISO 9001 com uma equipa profissional de I&amp;D composta por engenheiros e designers experientes. Somos especializados em servi\u00e7os OEM e ODM apoiados por v\u00e1rias linhas de produ\u00e7\u00e3o e trabalhadores qualificados. Com sistemas de controlo de qualidade rigorosos em toda a produ\u00e7\u00e3o, garantimos produtos est\u00e1veis e de elevado desempenho atrav\u00e9s do fabrico integrado desde a mat\u00e9ria-prima at\u00e9 aos produtos acabados.<\/p>","protected":false},"excerpt":{"rendered":"<p>Bateria para empilhador 80V, Bateria para empilhador, Bateria para empilhador de alta capacidade, Bateria para empilhador de paletes<\/p>","protected":false},"featured_media":897,"template":"","meta":{"_gspb_post_css":""},"product_brand":[],"product_cat":[491],"product_tag":[307,308,310,309],"class_list":{"0":"post-505","1":"product","2":"type-product","3":"status-publish","4":"has-post-thumbnail","6":"product_cat-forklift-battery-pack","7":"product_tag-80v-forklift-battery-pack","8":"product_tag-forklift-battery-pack","9":"product_tag-forklift-battery-pack-for-pallet-jack","10":"product_tag-high-capacity-forklift-battery-pack","12":"first","13":"instock","14":"featured","15":"shipping-taxable","16":"product-type-simple"},"_links":{"self":[{"href":"https:\/\/coresparkbattery.com\/pt\/wp-json\/wp\/v2\/product\/505","targetHints":{"allow":["GET"]}}],"collection":[{"href":"https:\/\/coresparkbattery.com\/pt\/wp-json\/wp\/v2\/product"}],"about":[{"href":"https:\/\/coresparkbattery.com\/pt\/wp-json\/wp\/v2\/types\/product"}],"wp:featuredmedia":[{"embeddable":true,"href":"https:\/\/coresparkbattery.com\/pt\/wp-json\/wp\/v2\/media\/897"}],"wp:attachment":[{"href":"https:\/\/coresparkbattery.com\/pt\/wp-json\/wp\/v2\/media?parent=505"}],"wp:term":[{"taxonomy":"product_brand","embeddable":true,"href":"https:\/\/coresparkbattery.com\/pt\/wp-json\/wp\/v2\/product_brand?post=505"},{"taxonomy":"product_cat","embeddable":true,"href":"https:\/\/coresparkbattery.com\/pt\/wp-json\/wp\/v2\/product_cat?post=505"},{"taxonomy":"product_tag","embeddable":true,"href":"https:\/\/coresparkbattery.com\/pt\/wp-json\/wp\/v2\/product_tag?post=505"}],"curies":[{"name":"wp","href":"https:\/\/api.w.org\/{rel}","templated":true}]}}