{"id":503,"date":"2026-04-28T08:15:39","date_gmt":"2026-04-28T08:15:39","guid":{"rendered":"https:\/\/coresparkbattery.com\/factory-custom-lithium-battery-for-forklift-24v-36v-48v-300ah-800ah-high-capacity-forklift-battery-lifepo4-battery-for-forklifts\/"},"modified":"2026-04-28T10:47:42","modified_gmt":"2026-04-28T10:47:42","slug":"factory-custom-lithium-battery-for-forklift-24v-36v-48v-300ah-800ah-high-capacity-forklift-battery-lifepo4-battery-for-forklifts","status":"publish","type":"product","link":"https:\/\/coresparkbattery.com\/pt\/factory-custom-lithium-battery-for-forklift-24v-36v-48v-300ah-800ah-high-capacity-forklift-battery-lifepo4-battery-for-forklifts\/","title":{"rendered":"Bateria de l\u00edtio personalizada de f\u00e1brica para empilhadeira 24V 36V 48V 300Ah 800Ah Bateria de empilhadeira de alta capacidade Bateria Lifepo4 para empilhadeiras"},"content":{"rendered":"<p>Bateria LiFePO4 para empilhadores<br \/>\nProjetada para aplica\u00e7\u00f5es de empilhadeiras pesadas, esta bateria LiFePO4 oferece um ciclo de vida ultra-longo de 4000-5000 ciclos e excelente toler\u00e2ncia \u00e0 temperatura de -20 \u2103 a 55 \u2103. Com at\u00e9 32 c\u00e9lulas e op\u00e7\u00f5es de tens\u00e3o total (24V\/36V\/48V\/60V\/70V\/72V\/80V), \u00e9 totalmente personaliz\u00e1vel em marca, tamanho, dimens\u00e3o e peso. OEM e ODM s\u00e3o suportados com um baixo MOQ de 10. Fabricado em Guangdong, China, \u00e9 recarreg\u00e1vel e tem uma garantia de 5 anos.<\/p>","protected":false},"excerpt":{"rendered":"<p>Bateria para empilhador de 60V, substitui\u00e7\u00e3o de bateria para empilhador, fornecedor de bateria para empilhador, bateria para empilhador para o porto<\/p>","protected":false},"featured_media":887,"template":"","meta":{"_gspb_post_css":""},"product_brand":[],"product_cat":[491],"product_tag":[299,302,300,301],"class_list":{"0":"post-503","1":"product","2":"type-product","3":"status-publish","4":"has-post-thumbnail","6":"product_cat-forklift-battery-pack","7":"product_tag-60v-forklift-battery-pack","8":"product_tag-forklift-battery-pack-for-port","9":"product_tag-forklift-battery-pack-replacement","10":"product_tag-forklift-battery-pack-supplier","12":"first","13":"instock","14":"featured","15":"shipping-taxable","16":"product-type-simple"},"_links":{"self":[{"href":"https:\/\/coresparkbattery.com\/pt\/wp-json\/wp\/v2\/product\/503","targetHints":{"allow":["GET"]}}],"collection":[{"href":"https:\/\/coresparkbattery.com\/pt\/wp-json\/wp\/v2\/product"}],"about":[{"href":"https:\/\/coresparkbattery.com\/pt\/wp-json\/wp\/v2\/types\/product"}],"wp:featuredmedia":[{"embeddable":true,"href":"https:\/\/coresparkbattery.com\/pt\/wp-json\/wp\/v2\/media\/887"}],"wp:attachment":[{"href":"https:\/\/coresparkbattery.com\/pt\/wp-json\/wp\/v2\/media?parent=503"}],"wp:term":[{"taxonomy":"product_brand","embeddable":true,"href":"https:\/\/coresparkbattery.com\/pt\/wp-json\/wp\/v2\/product_brand?post=503"},{"taxonomy":"product_cat","embeddable":true,"href":"https:\/\/coresparkbattery.com\/pt\/wp-json\/wp\/v2\/product_cat?post=503"},{"taxonomy":"product_tag","embeddable":true,"href":"https:\/\/coresparkbattery.com\/pt\/wp-json\/wp\/v2\/product_tag?post=503"}],"curies":[{"name":"wp","href":"https:\/\/api.w.org\/{rel}","templated":true}]}}