{"id":502,"date":"2026-04-28T08:15:39","date_gmt":"2026-04-28T08:15:39","guid":{"rendered":"https:\/\/coresparkbattery.com\/24v-210ah-forklift-battery-24v-36v-48v-300ah-800ah-high-capacity-forklift-battery-lifepo4-battery-for-forklifts\/"},"modified":"2026-04-28T10:46:43","modified_gmt":"2026-04-28T10:46:43","slug":"24v-210ah-forklift-battery-24v-36v-48v-300ah-800ah-high-capacity-forklift-battery-lifepo4-battery-for-forklifts","status":"publish","type":"product","link":"https:\/\/coresparkbattery.com\/pt\/24v-210ah-forklift-battery-24v-36v-48v-300ah-800ah-high-capacity-forklift-battery-lifepo4-battery-for-forklifts\/","title":{"rendered":"Bateria de empilhadeira 24v 210ah Bateria de empilhadeira 24V 36V 48V 300Ah 800Ah de alta capacidade Bateria Lifepo4 para empilhadeiras"},"content":{"rendered":"<p>Bateria LiFePO4 para empilhadores<br \/>\nNossa bateria de empilhadeira de fosfato de ferro de l\u00edtio adota materiais de c\u00e1todo LiFePO4 com 4000 a 5000 ciclos de vida. Ele opera de forma est\u00e1vel em -20 \u2103 ~ 55 \u2103 e suporta at\u00e9 32 c\u00e9lulas. Modelos de tens\u00e3o: 24V, 36V, 48V, 60V, 70V, 72V, 80V. Marca personaliz\u00e1vel, dimens\u00e3o, tamanho e peso s\u00e3o suportados. O servi\u00e7o OEM e ODM est\u00e1 dispon\u00edvel com MOQ 10 unidades. Produzida em Guangdong, China, a bateria recarreg\u00e1vel inclui uma garantia de 5 anos.<\/p>","protected":false},"excerpt":{"rendered":"<p>Bateria para empilhador 51.2V, Bateria de l\u00edtio para empilhador, Fabricante de baterias para empilhador, Bateria para empilhador para f\u00e1brica<\/p>","protected":false},"featured_media":882,"template":"","meta":{"_gspb_post_css":""},"product_brand":[],"product_cat":[491],"product_tag":[295,298,297,296],"class_list":{"0":"post-502","1":"product","2":"type-product","3":"status-publish","4":"has-post-thumbnail","6":"product_cat-forklift-battery-pack","7":"product_tag-51-2v-forklift-battery-pack","8":"product_tag-forklift-battery-pack-for-factory","9":"product_tag-forklift-battery-pack-manufacturer","10":"product_tag-forklift-lithium-battery-pack","12":"first","13":"instock","14":"featured","15":"shipping-taxable","16":"product-type-simple"},"_links":{"self":[{"href":"https:\/\/coresparkbattery.com\/pt\/wp-json\/wp\/v2\/product\/502","targetHints":{"allow":["GET"]}}],"collection":[{"href":"https:\/\/coresparkbattery.com\/pt\/wp-json\/wp\/v2\/product"}],"about":[{"href":"https:\/\/coresparkbattery.com\/pt\/wp-json\/wp\/v2\/types\/product"}],"wp:featuredmedia":[{"embeddable":true,"href":"https:\/\/coresparkbattery.com\/pt\/wp-json\/wp\/v2\/media\/882"}],"wp:attachment":[{"href":"https:\/\/coresparkbattery.com\/pt\/wp-json\/wp\/v2\/media?parent=502"}],"wp:term":[{"taxonomy":"product_brand","embeddable":true,"href":"https:\/\/coresparkbattery.com\/pt\/wp-json\/wp\/v2\/product_brand?post=502"},{"taxonomy":"product_cat","embeddable":true,"href":"https:\/\/coresparkbattery.com\/pt\/wp-json\/wp\/v2\/product_cat?post=502"},{"taxonomy":"product_tag","embeddable":true,"href":"https:\/\/coresparkbattery.com\/pt\/wp-json\/wp\/v2\/product_tag?post=502"}],"curies":[{"name":"wp","href":"https:\/\/api.w.org\/{rel}","templated":true}]}}