{"id":501,"date":"2026-04-28T08:15:39","date_gmt":"2026-04-28T08:15:39","guid":{"rendered":"https:\/\/coresparkbattery.com\/lithium-battery-for-forklift-24v-36v-48v-300ah-600ah-high-capacity-forklift-battery-lifepo4-battery-for-forklifts\/"},"modified":"2026-04-28T10:45:46","modified_gmt":"2026-04-28T10:45:46","slug":"lithium-battery-for-forklift-24v-36v-48v-300ah-600ah-high-capacity-forklift-battery-lifepo4-battery-for-forklifts","status":"publish","type":"product","link":"https:\/\/coresparkbattery.com\/pt\/lithium-battery-for-forklift-24v-36v-48v-300ah-600ah-high-capacity-forklift-battery-lifepo4-battery-for-forklifts\/","title":{"rendered":"Bateria de l\u00edtio para empilhadeira 24V 36V 48V 300Ah 600Ah Bateria de alta capacidade para empilhadeira Bateria Lifepo4 para empilhadeiras"},"content":{"rendered":"<p>Bateria LiFePO4 para empilhadores<br \/>\nConstru\u00edda com material de c\u00e1todo LiFePO4 premium, esta bateria de empilhadeira oferece 4000-5000 ciclos e desempenho confi\u00e1vel de -20 \u2103 a 55 \u2103. Ele suporta um m\u00e1ximo de 32 c\u00e9lulas e v\u00e1rias configura\u00e7\u00f5es de tens\u00e3o: 24V, 36V, 48V, 60V, 70V, 72V, 80V. Dimens\u00f5es, tamanho e peso personalizados s\u00e3o fornecidos. OEM e ODM s\u00e3o aceit\u00e1veis com MOQ 10. Fabricada em Guangdong, China, a bateria recarreg\u00e1vel \u00e9 fornecida com uma garantia de 5 anos.<\/p>","protected":false},"excerpt":{"rendered":"<p>Bateria para empilhador 48V, Bateria de tra\u00e7\u00e3o para empilhador, Bateria para empilhador personalizada, Bateria para empilhador para log\u00edstica<\/p>","protected":false},"featured_media":878,"template":"","meta":{"_gspb_post_css":""},"product_brand":[],"product_cat":[491],"product_tag":[291,293,294,292],"class_list":{"0":"post-501","1":"product","2":"type-product","3":"status-publish","4":"has-post-thumbnail","6":"product_cat-forklift-battery-pack","7":"product_tag-48v-forklift-battery-pack","8":"product_tag-custom-forklift-battery-pack","9":"product_tag-forklift-battery-pack-for-logistics","10":"product_tag-forklift-traction-battery-pack","12":"first","13":"instock","14":"featured","15":"shipping-taxable","16":"product-type-simple"},"_links":{"self":[{"href":"https:\/\/coresparkbattery.com\/pt\/wp-json\/wp\/v2\/product\/501","targetHints":{"allow":["GET"]}}],"collection":[{"href":"https:\/\/coresparkbattery.com\/pt\/wp-json\/wp\/v2\/product"}],"about":[{"href":"https:\/\/coresparkbattery.com\/pt\/wp-json\/wp\/v2\/types\/product"}],"wp:featuredmedia":[{"embeddable":true,"href":"https:\/\/coresparkbattery.com\/pt\/wp-json\/wp\/v2\/media\/878"}],"wp:attachment":[{"href":"https:\/\/coresparkbattery.com\/pt\/wp-json\/wp\/v2\/media?parent=501"}],"wp:term":[{"taxonomy":"product_brand","embeddable":true,"href":"https:\/\/coresparkbattery.com\/pt\/wp-json\/wp\/v2\/product_brand?post=501"},{"taxonomy":"product_cat","embeddable":true,"href":"https:\/\/coresparkbattery.com\/pt\/wp-json\/wp\/v2\/product_cat?post=501"},{"taxonomy":"product_tag","embeddable":true,"href":"https:\/\/coresparkbattery.com\/pt\/wp-json\/wp\/v2\/product_tag?post=501"}],"curies":[{"name":"wp","href":"https:\/\/api.w.org\/{rel}","templated":true}]}}