{"id":500,"date":"2026-04-28T08:15:39","date_gmt":"2026-04-28T08:15:39","guid":{"rendered":"https:\/\/coresparkbattery.com\/lithium-battery-for-forklift-24v-200ah-36v-48v-300ah-600ah-800ah-high-capacity-forklift-battery-lifepo4-battery-for-forklifts\/"},"modified":"2026-04-28T10:06:31","modified_gmt":"2026-04-28T10:06:31","slug":"lithium-battery-for-forklift-24v-200ah-36v-48v-300ah-600ah-800ah-high-capacity-forklift-battery-lifepo4-battery-for-forklifts","status":"publish","type":"product","link":"https:\/\/coresparkbattery.com\/pt\/lithium-battery-for-forklift-24v-200ah-36v-48v-300ah-600ah-800ah-high-capacity-forklift-battery-lifepo4-battery-for-forklifts\/","title":{"rendered":"Bateria de l\u00edtio para empilhadeira 24V 200Ah 36V 48V 300Ah 600Ah 800Ah Bateria de alta capacidade para empilhadeira Lifepo4 Bateria para empilhadeiras"},"content":{"rendered":"<p>Bateria LiFePO4 para empilhadores<br \/>\nEsta bateria de empilhadeira de fosfato de ferro de l\u00edtio apresenta materiais de c\u00e1todo LiFePO4 para excelente estabilidade e longa vida \u00fatil de 4000-5000 ciclos. Ele suporta uma ampla faixa de temperatura operacional de -20 \u2103 a 55 \u2103 (-4 \u2109 a 131 \u2109) e pode acomodar at\u00e9 32 c\u00e9lulas. As tens\u00f5es dispon\u00edveis incluem 24V, 36V, 48V, 60V, 70V, 72V e 80V. Todas as dimens\u00f5es, tamanho e peso s\u00e3o totalmente personalizados para atender a v\u00e1rios requisitos de empilhadeira. Os servi\u00e7os OEM e ODM est\u00e3o dispon\u00edveis com um MOQ de 10 pe\u00e7as. A bateria recarreg\u00e1vel \u00e9 fabricada em Guangdong, China, e tem uma garantia de 5 anos.<\/p>","protected":false},"excerpt":{"rendered":"<p>Bateria para empilhador de 36V, Bateria recarreg\u00e1vel para empilhador, Bateria para empilhador OEM, Bateria para empilhador para armaz\u00e9m<\/p>","protected":false},"featured_media":873,"template":"","meta":{"_gspb_post_css":""},"product_brand":[],"product_cat":[491],"product_tag":[287,290,289,288],"class_list":{"0":"post-500","1":"product","2":"type-product","3":"status-publish","4":"has-post-thumbnail","6":"product_cat-forklift-battery-pack","7":"product_tag-36v-forklift-battery-pack","8":"product_tag-forklift-battery-pack-for-warehouse","9":"product_tag-oem-forklift-battery-pack","10":"product_tag-rechargeable-forklift-battery-pack","12":"first","13":"instock","14":"featured","15":"shipping-taxable","16":"product-type-simple"},"_links":{"self":[{"href":"https:\/\/coresparkbattery.com\/pt\/wp-json\/wp\/v2\/product\/500","targetHints":{"allow":["GET"]}}],"collection":[{"href":"https:\/\/coresparkbattery.com\/pt\/wp-json\/wp\/v2\/product"}],"about":[{"href":"https:\/\/coresparkbattery.com\/pt\/wp-json\/wp\/v2\/types\/product"}],"wp:featuredmedia":[{"embeddable":true,"href":"https:\/\/coresparkbattery.com\/pt\/wp-json\/wp\/v2\/media\/873"}],"wp:attachment":[{"href":"https:\/\/coresparkbattery.com\/pt\/wp-json\/wp\/v2\/media?parent=500"}],"wp:term":[{"taxonomy":"product_brand","embeddable":true,"href":"https:\/\/coresparkbattery.com\/pt\/wp-json\/wp\/v2\/product_brand?post=500"},{"taxonomy":"product_cat","embeddable":true,"href":"https:\/\/coresparkbattery.com\/pt\/wp-json\/wp\/v2\/product_cat?post=500"},{"taxonomy":"product_tag","embeddable":true,"href":"https:\/\/coresparkbattery.com\/pt\/wp-json\/wp\/v2\/product_tag?post=500"}],"curies":[{"name":"wp","href":"https:\/\/api.w.org\/{rel}","templated":true}]}}