{"id":498,"date":"2026-04-28T08:15:39","date_gmt":"2026-04-28T08:15:39","guid":{"rendered":"https:\/\/coresparkbattery.com\/12v-460ah-12v-230ah-lifepo4-battery-pack-12-8v-230ah-lithium-battery-pack-for-rv-for-uninterruptible-power-supplies\/"},"modified":"2026-04-28T10:00:18","modified_gmt":"2026-04-28T10:00:18","slug":"12v-460ah-12v-230ah-lifepo4-battery-pack-12-8v-230ah-lithium-battery-pack-for-rv-for-uninterruptible-power-supplies","status":"publish","type":"product","link":"https:\/\/coresparkbattery.com\/pt\/12v-460ah-12v-230ah-lifepo4-battery-pack-12-8v-230ah-lithium-battery-pack-for-rv-for-uninterruptible-power-supplies\/","title":{"rendered":"Bateria 12V 460Ah 12V 230AH Lifepo4 Bateria de l\u00edtio 12.8V 230AH para RV para fontes de alimenta\u00e7\u00e3o ininterruptas"},"content":{"rendered":"<p>Design totalmente novo, seguran\u00e7a a toda a prova<br \/>\nA bateria de l\u00edtio de 460Ah para ve\u00edculos de recreio \u00e9 resistente ao desgaste e dur\u00e1vel gra\u00e7as \u00e0 nova caixa de bateria SPCC de alta qualidade adoptada, e optimizamos a disposi\u00e7\u00e3o interna e a constru\u00e7\u00e3o. A bateria tamb\u00e9m vem com um interrutor principal para a ligar ou desligar com o toque de um bot\u00e3o. Al\u00e9m disso, existe um term\u00f3metro e um higr\u00f3metro na parte superior para indicar a temperatura e a humidade da bateria em tempo real.<\/p>\n<p>Tamanho compacto Pot\u00eancia m\u00e1xima<br \/>\nA bateria de 12V 460Ah LiFePO4 para ve\u00edculos de recreio \u00e9 equivalente \u00e0 energia de 5 baterias de 100Ah, mas ocupa apenas 1,1 p\u00e9s\u00b3 de espa\u00e7o e \u00e9 mais pequena do que 5x100ah. E ser\u00e1 mais f\u00e1cil de manter e instalar sem a necessidade de fios excessivos e dinheiro. Ajuda-o a poupar dinheiro e espa\u00e7o.<\/p>","protected":false},"excerpt":{"rendered":"<p>Bateria de 12V LiFePO4 RV para reboque de quinta roda, bateria de 12V LiFePO4 RV para cabine fora da rede e RV, bateria de 12V LiFePO4 RV para aparelhos de alta pot\u00eancia, bateria de 12V LiFePO4 RV para venda<\/p>","protected":false},"featured_media":863,"template":"","meta":{"_gspb_post_css":""},"product_brand":[],"product_cat":[494,493,492],"product_tag":[279,281,280,282],"class_list":{"0":"post-498","1":"product","2":"type-product","3":"status-publish","4":"has-post-thumbnail","6":"product_cat-12v-lifepo4-battery","7":"product_cat-12v-rv-lifepo4-battery","8":"product_cat-rv-lifepo4-battery","9":"product_tag-12v-lifepo4-rv-battery-for-fifth-wheel-trailer","10":"product_tag-12v-lifepo4-rv-battery-for-high-power-appliances","11":"product_tag-12v-lifepo4-rv-battery-for-off-grid-cabin-and-rv","12":"product_tag-12v-lifepo4-rv-battery-for-sale","14":"first","15":"instock","16":"featured","17":"shipping-taxable","18":"product-type-simple"},"_links":{"self":[{"href":"https:\/\/coresparkbattery.com\/pt\/wp-json\/wp\/v2\/product\/498","targetHints":{"allow":["GET"]}}],"collection":[{"href":"https:\/\/coresparkbattery.com\/pt\/wp-json\/wp\/v2\/product"}],"about":[{"href":"https:\/\/coresparkbattery.com\/pt\/wp-json\/wp\/v2\/types\/product"}],"wp:featuredmedia":[{"embeddable":true,"href":"https:\/\/coresparkbattery.com\/pt\/wp-json\/wp\/v2\/media\/863"}],"wp:attachment":[{"href":"https:\/\/coresparkbattery.com\/pt\/wp-json\/wp\/v2\/media?parent=498"}],"wp:term":[{"taxonomy":"product_brand","embeddable":true,"href":"https:\/\/coresparkbattery.com\/pt\/wp-json\/wp\/v2\/product_brand?post=498"},{"taxonomy":"product_cat","embeddable":true,"href":"https:\/\/coresparkbattery.com\/pt\/wp-json\/wp\/v2\/product_cat?post=498"},{"taxonomy":"product_tag","embeddable":true,"href":"https:\/\/coresparkbattery.com\/pt\/wp-json\/wp\/v2\/product_tag?post=498"}],"curies":[{"name":"wp","href":"https:\/\/api.w.org\/{rel}","templated":true}]}}