{"id":497,"date":"2026-04-28T08:15:39","date_gmt":"2026-04-28T08:15:39","guid":{"rendered":"https:\/\/coresparkbattery.com\/12v-460ah-lithium-lifepo4-battery-with-app-monitoring-300a-bms-max-3840w-load-power-5000-cycles-perfect-for-camper-solar\/"},"modified":"2026-04-28T09:59:20","modified_gmt":"2026-04-28T09:59:20","slug":"12v-460ah-lithium-lifepo4-battery-with-app-monitoring-300a-bms-max-3840w-load-power-5000-cycles-perfect-for-camper-solar","status":"publish","type":"product","link":"https:\/\/coresparkbattery.com\/pt\/12v-460ah-lithium-lifepo4-battery-with-app-monitoring-300a-bms-max-3840w-load-power-5000-cycles-perfect-for-camper-solar\/","title":{"rendered":"Bateria de l\u00edtio LiFePO4 de 12V 460Ah com monitoriza\u00e7\u00e3o por aplica\u00e7\u00e3o 300A BMS Max. 3840W Pot\u00eancia de carga 5000+ Ciclos Perfeito para Camper Solar"},"content":{"rendered":"<p>N\u00famero do modelo 12V 230AH<br \/>\nLocal de origem Guangdong, China<br \/>\nPeso 47.5KG<br \/>\nNome do produto Bateria 12v 230ah Lifepo4 para RV<br \/>\nVida \u00fatil do ciclo 5000 vezes<br \/>\nPeso 27,1 kg<br \/>\nAceit\u00e1vel OEM\/ODM<br \/>\nMOQ 2 unidades<br \/>\nTipo Bateria de fosfato de ferro e l\u00edtio<br \/>\nDispon\u00edvel em OEM<br \/>\nCobr\u00e1vel Sim<br \/>\nGarantia de 5 anos<br \/>\nTamanho 423*233*247mm<\/p>","protected":false},"excerpt":{"rendered":"<p>Bateria de 12V LiFePO4 para autocaravana de classe B, bateria de 12V LiFePO4 para utiliza\u00e7\u00e3o mar\u00edtima e em ve\u00edculos de recreio, bateria de 12V LiFePO4 para utiliza\u00e7\u00e3o sazonal, bateria fi\u00e1vel de 12V LiFePO4 para ve\u00edculos de recreio<\/p>","protected":false},"featured_media":858,"template":"","meta":{"_gspb_post_css":""},"product_brand":[],"product_cat":[494,493,492],"product_tag":[275,276,277,278],"class_list":{"0":"post-497","1":"product","2":"type-product","3":"status-publish","4":"has-post-thumbnail","6":"product_cat-12v-lifepo4-battery","7":"product_cat-12v-rv-lifepo4-battery","8":"product_cat-rv-lifepo4-battery","9":"product_tag-12v-lifepo4-rv-battery-for-class-b-camper-van","10":"product_tag-12v-lifepo4-rv-battery-for-marine-and-rv-use","11":"product_tag-12v-lifepo4-rv-battery-for-seasonal-use","12":"product_tag-reliable-12v-lifepo4-rv-battery","14":"first","15":"instock","16":"featured","17":"shipping-taxable","18":"product-type-simple"},"_links":{"self":[{"href":"https:\/\/coresparkbattery.com\/pt\/wp-json\/wp\/v2\/product\/497","targetHints":{"allow":["GET"]}}],"collection":[{"href":"https:\/\/coresparkbattery.com\/pt\/wp-json\/wp\/v2\/product"}],"about":[{"href":"https:\/\/coresparkbattery.com\/pt\/wp-json\/wp\/v2\/types\/product"}],"wp:featuredmedia":[{"embeddable":true,"href":"https:\/\/coresparkbattery.com\/pt\/wp-json\/wp\/v2\/media\/858"}],"wp:attachment":[{"href":"https:\/\/coresparkbattery.com\/pt\/wp-json\/wp\/v2\/media?parent=497"}],"wp:term":[{"taxonomy":"product_brand","embeddable":true,"href":"https:\/\/coresparkbattery.com\/pt\/wp-json\/wp\/v2\/product_brand?post=497"},{"taxonomy":"product_cat","embeddable":true,"href":"https:\/\/coresparkbattery.com\/pt\/wp-json\/wp\/v2\/product_cat?post=497"},{"taxonomy":"product_tag","embeddable":true,"href":"https:\/\/coresparkbattery.com\/pt\/wp-json\/wp\/v2\/product_tag?post=497"}],"curies":[{"name":"wp","href":"https:\/\/api.w.org\/{rel}","templated":true}]}}