{"id":496,"date":"2026-04-28T08:15:38","date_gmt":"2026-04-28T08:15:38","guid":{"rendered":"https:\/\/coresparkbattery.com\/deep-cycle-12v-460ah-lifepo4-100ah-200ah-300ah-400ah-12volt-solar-lithium-lifepo4-battery-with-smart-bms-for-rv-camper-boat\/"},"modified":"2026-04-28T09:58:05","modified_gmt":"2026-04-28T09:58:05","slug":"deep-cycle-12v-460ah-lifepo4-100ah-200ah-300ah-400ah-12volt-solar-lithium-lifepo4-battery-with-smart-bms-for-rv-camper-boat","status":"publish","type":"product","link":"https:\/\/coresparkbattery.com\/pt\/deep-cycle-12v-460ah-lifepo4-100ah-200ah-300ah-400ah-12volt-solar-lithium-lifepo4-battery-with-smart-bms-for-rv-camper-boat\/","title":{"rendered":"Ciclo profundo 12v 460ah Lifepo4 100ah 200ah 300ah 400ah 12volt Bateria solar de l\u00edtio Lifepo4 com Smart Bms para Rv Camper Boat"},"content":{"rendered":"<p>M\u00e1x. 51,2V 1840Ah Capacidade expans\u00edvel e 5 anos de garantia<br \/>\nBateria de fosfato de ferro de l\u00edtio 12V 460Ah As baterias LiFePO4 podem ser expandidas at\u00e9 ao m\u00e1ximo. 4P4S como um sistema de bateria de 51.2V 1840Ah para obter 51.2kW de pot\u00eancia de sa\u00edda e 94.2kWh de energia utiliz\u00e1vel. A Vatrer Power oferece uma garantia de cinco anos para todas as baterias. Suporte ao cliente amig\u00e1vel e profissional 24 horas por dia, qualquer d\u00favida n\u00e3o hesite em contactar-nos.<\/p>\n<p>Monitoriza\u00e7\u00e3o de aplica\u00e7\u00f5es m\u00f3veis<br \/>\nA bateria RV 12V 460Ah adicionou uma fun\u00e7\u00e3o APP. Os clientes podem ligar a bateria atrav\u00e9s da APP m\u00f3vel, monitorizar ou controlar os v\u00e1rios dados da bateria (SOC) em tempo real.<\/p>","protected":false},"excerpt":{"rendered":"<p>Bateria de 12V LiFePO4 RV \u00e0 prova de \u00e1gua IP65, bateria de 12V LiFePO4 RV com baixa taxa de auto-descarga, bateria de 12V LiFePO4 RV segura para utiliza\u00e7\u00e3o no interior, bateria de 12V LiFePO4 RV ecol\u00f3gica sem metais pesados<\/p>","protected":false},"featured_media":853,"template":"","meta":{"_gspb_post_css":""},"product_brand":[],"product_cat":[494,493,492],"product_tag":[274,272,273,271],"class_list":{"0":"post-496","1":"product","2":"type-product","3":"status-publish","4":"has-post-thumbnail","6":"product_cat-12v-lifepo4-battery","7":"product_cat-12v-rv-lifepo4-battery","8":"product_cat-rv-lifepo4-battery","9":"product_tag-12v-lifepo4-rv-battery-eco-friendly-no-heavy-metals","10":"product_tag-12v-lifepo4-rv-battery-low-self-discharge-rate","11":"product_tag-12v-lifepo4-rv-battery-safe-for-indoor-use","12":"product_tag-12v-lifepo4-rv-battery-waterproof-ip65","14":"first","15":"instock","16":"featured","17":"shipping-taxable","18":"product-type-simple"},"_links":{"self":[{"href":"https:\/\/coresparkbattery.com\/pt\/wp-json\/wp\/v2\/product\/496","targetHints":{"allow":["GET"]}}],"collection":[{"href":"https:\/\/coresparkbattery.com\/pt\/wp-json\/wp\/v2\/product"}],"about":[{"href":"https:\/\/coresparkbattery.com\/pt\/wp-json\/wp\/v2\/types\/product"}],"wp:featuredmedia":[{"embeddable":true,"href":"https:\/\/coresparkbattery.com\/pt\/wp-json\/wp\/v2\/media\/853"}],"wp:attachment":[{"href":"https:\/\/coresparkbattery.com\/pt\/wp-json\/wp\/v2\/media?parent=496"}],"wp:term":[{"taxonomy":"product_brand","embeddable":true,"href":"https:\/\/coresparkbattery.com\/pt\/wp-json\/wp\/v2\/product_brand?post=496"},{"taxonomy":"product_cat","embeddable":true,"href":"https:\/\/coresparkbattery.com\/pt\/wp-json\/wp\/v2\/product_cat?post=496"},{"taxonomy":"product_tag","embeddable":true,"href":"https:\/\/coresparkbattery.com\/pt\/wp-json\/wp\/v2\/product_tag?post=496"}],"curies":[{"name":"wp","href":"https:\/\/api.w.org\/{rel}","templated":true}]}}