{"id":495,"date":"2026-04-28T08:15:38","date_gmt":"2026-04-28T08:15:38","guid":{"rendered":"https:\/\/coresparkbattery.com\/12v-460ah-camper-van-lifepo4-battery-24v-100ah-200ah-300ah-lithium-ion-battery-with-smart-bms-for-rv-motorhomes\/"},"modified":"2026-04-28T09:56:47","modified_gmt":"2026-04-28T09:56:47","slug":"12v-460ah-camper-van-lifepo4-battery-24v-100ah-200ah-300ah-lithium-ion-battery-with-smart-bms-for-rv-motorhomes","status":"publish","type":"product","link":"https:\/\/coresparkbattery.com\/pt\/12v-460ah-camper-van-lifepo4-battery-24v-100ah-200ah-300ah-lithium-ion-battery-with-smart-bms-for-rv-motorhomes\/","title":{"rendered":"Bateria 12V 460ah para autocaravana Lifepo4 Bateria 24V 100ah 200ah 300ah de i\u00f5es de l\u00edtio com BMS inteligente para autocaravanas"},"content":{"rendered":"<p>BMS de 250A atualizado e corte de baixa temperatura<br \/>\nAp\u00f3s anos de investiga\u00e7\u00e3o e testes, adopt\u00e1mos c\u00e9lulas de grau A que s\u00e3o mais adequadas para a utiliza\u00e7\u00e3o em ve\u00edculos de recreio\/camper, proporcionando \u00e0 bateria um desempenho potente e est\u00e1vel ao longo de cada ciclo. A sua viagem n\u00e3o ter\u00e1 problemas. E a prote\u00e7\u00e3o de corte de baixa temperatura evita danos na bateria num ambiente de baixa temperatura.<\/p>\n<p>Seguran\u00e7a e amigo do ambiente<br \/>\nA estrutura qu\u00edmica est\u00e1vel do fosfato de ferro de l\u00edtio faz com que a bateria LiFePO4 de 460Ah n\u00e3o arda nem expluda mesmo a altas temperaturas, curto-circuitos, impactos e quedas. Seguran\u00e7a de alto n\u00edvel com base no certificado de teste UL para a c\u00e9lula no interior da bateria. E n\u00e3o cont\u00e9m quaisquer metais pesados e metais raros e \u00e9 mais amiga do ambiente, o que se designa por bateria verde.<\/p>","protected":false},"excerpt":{"rendered":"<p>Bateria de 12V LiFePO4 para frigor\u00edfico de caravana 12V, bateria de 12V LiFePO4 para caravana a tempo inteiro, bateria de 12V LiFePO4 sem manuten\u00e7\u00e3o, bateria de 12V LiFePO4 com 10 anos de vida<\/p>","protected":false},"featured_media":848,"template":"","meta":{"_gspb_post_css":""},"product_brand":[],"product_cat":[494,493,499,498,492],"product_tag":[270,269,268,236],"class_list":{"0":"post-495","1":"product","2":"type-product","3":"status-publish","4":"has-post-thumbnail","6":"product_cat-12v-lifepo4-battery","7":"product_cat-12v-rv-lifepo4-battery","8":"product_cat-24v-lifepo4-battery","9":"product_cat-24v-rv-lifepo4-battery","10":"product_cat-rv-lifepo4-battery","11":"product_tag-12v-lifepo4-rv-battery-10-year-life","12":"product_tag-12v-lifepo4-rv-battery-for-full-time-rv-living","13":"product_tag-12v-lifepo4-rv-battery-for-rv-fridge-12v","14":"product_tag-12v-lifepo4-rv-battery-maintenance-free","16":"first","17":"instock","18":"featured","19":"shipping-taxable","20":"product-type-simple"},"_links":{"self":[{"href":"https:\/\/coresparkbattery.com\/pt\/wp-json\/wp\/v2\/product\/495","targetHints":{"allow":["GET"]}}],"collection":[{"href":"https:\/\/coresparkbattery.com\/pt\/wp-json\/wp\/v2\/product"}],"about":[{"href":"https:\/\/coresparkbattery.com\/pt\/wp-json\/wp\/v2\/types\/product"}],"wp:featuredmedia":[{"embeddable":true,"href":"https:\/\/coresparkbattery.com\/pt\/wp-json\/wp\/v2\/media\/848"}],"wp:attachment":[{"href":"https:\/\/coresparkbattery.com\/pt\/wp-json\/wp\/v2\/media?parent=495"}],"wp:term":[{"taxonomy":"product_brand","embeddable":true,"href":"https:\/\/coresparkbattery.com\/pt\/wp-json\/wp\/v2\/product_brand?post=495"},{"taxonomy":"product_cat","embeddable":true,"href":"https:\/\/coresparkbattery.com\/pt\/wp-json\/wp\/v2\/product_cat?post=495"},{"taxonomy":"product_tag","embeddable":true,"href":"https:\/\/coresparkbattery.com\/pt\/wp-json\/wp\/v2\/product_tag?post=495"}],"curies":[{"name":"wp","href":"https:\/\/api.w.org\/{rel}","templated":true}]}}