{"id":493,"date":"2026-04-28T08:15:38","date_gmt":"2026-04-28T08:15:38","guid":{"rendered":"https:\/\/coresparkbattery.com\/12v-460ah-560ah-lithium-ion-battery-pack-lifepo4-solar-energy-storage-for-rv-motorhomes-230ah-560ah\/"},"modified":"2026-04-28T09:54:44","modified_gmt":"2026-04-28T09:54:44","slug":"12v-460ah-560ah-lithium-ion-battery-pack-lifepo4-solar-energy-storage-for-rv-motorhomes-230ah-560ah","status":"publish","type":"product","link":"https:\/\/coresparkbattery.com\/pt\/12v-460ah-560ah-lithium-ion-battery-pack-lifepo4-solar-energy-storage-for-rv-motorhomes-230ah-560ah\/","title":{"rendered":"12V 460Ah 560AH Bateria de i\u00f5es de l\u00edtio Lifepo4 Armazenamento de energia solar para autocaravanas 230AH 560AH"},"content":{"rendered":"<p>Vida \u00fatil do ciclo 5000 ciclos<br \/>\nMateriais do c\u00e1todo LiFePO4<br \/>\nQuantidade m\u00e1xima de carga (c\u00e9lulas) 3840W<br \/>\nTemperatura de funcionamento (\u2103) at\u00e9 60\u00b0C<br \/>\nDimens\u00e3o (L*W*H) 480*275 *250mm<br \/>\nLocal de origem Guangdong, China<br \/>\nPeso 47.5KG<br \/>\nNome do produto Bateria 12v 460ah Lifepo4 para RV<br \/>\nVida \u00fatil do ciclo 5000 vezes<br \/>\nPeso 47,5 kg<br \/>\nAceit\u00e1vel OEM\/ODM<br \/>\nDispon\u00edvel em OEM<br \/>\nCobr\u00e1vel Sim<br \/>\nGarantia de 5 anos<br \/>\nTamanho 480x275x250mm<\/p>","protected":false},"excerpt":{"rendered":"<p>Bateria de 12V LiFePO4 para ve\u00edculos de recreio com BMS de 100A, bateria de 12V LiFePO4 para ve\u00edculos de recreio com BMS de 200A, bateria de 12V LiFePO4 para ve\u00edculos de recreio para tempo frio, bateria de 12V LiFePO4 para ve\u00edculos de recreio para altas temperaturas<\/p>","protected":false},"featured_media":838,"template":"","meta":{"_gspb_post_css":""},"product_brand":[],"product_cat":[494,493,492],"product_tag":[262,263,260,261],"class_list":{"0":"post-493","1":"product","2":"type-product","3":"status-publish","4":"has-post-thumbnail","6":"product_cat-12v-lifepo4-battery","7":"product_cat-12v-rv-lifepo4-battery","8":"product_cat-rv-lifepo4-battery","9":"product_tag-12v-lifepo4-rv-battery-for-cold-weather","10":"product_tag-12v-lifepo4-rv-battery-for-high-temperature","11":"product_tag-12v-lifepo4-rv-battery-with-100a-bms","12":"product_tag-12v-lifepo4-rv-battery-with-200a-bms","14":"first","15":"instock","16":"featured","17":"shipping-taxable","18":"product-type-simple"},"_links":{"self":[{"href":"https:\/\/coresparkbattery.com\/pt\/wp-json\/wp\/v2\/product\/493","targetHints":{"allow":["GET"]}}],"collection":[{"href":"https:\/\/coresparkbattery.com\/pt\/wp-json\/wp\/v2\/product"}],"about":[{"href":"https:\/\/coresparkbattery.com\/pt\/wp-json\/wp\/v2\/types\/product"}],"wp:featuredmedia":[{"embeddable":true,"href":"https:\/\/coresparkbattery.com\/pt\/wp-json\/wp\/v2\/media\/838"}],"wp:attachment":[{"href":"https:\/\/coresparkbattery.com\/pt\/wp-json\/wp\/v2\/media?parent=493"}],"wp:term":[{"taxonomy":"product_brand","embeddable":true,"href":"https:\/\/coresparkbattery.com\/pt\/wp-json\/wp\/v2\/product_brand?post=493"},{"taxonomy":"product_cat","embeddable":true,"href":"https:\/\/coresparkbattery.com\/pt\/wp-json\/wp\/v2\/product_cat?post=493"},{"taxonomy":"product_tag","embeddable":true,"href":"https:\/\/coresparkbattery.com\/pt\/wp-json\/wp\/v2\/product_tag?post=493"}],"curies":[{"name":"wp","href":"https:\/\/api.w.org\/{rel}","templated":true}]}}