{"id":491,"date":"2026-04-28T08:15:37","date_gmt":"2026-04-28T08:15:37","guid":{"rendered":"https:\/\/coresparkbattery.com\/12v-24v-100ah-200ah-litium-batteries-24v-100ah-200ah-deep-cycle-solar-battery-12v-300ah-460ah\/"},"modified":"2026-04-28T09:52:46","modified_gmt":"2026-04-28T09:52:46","slug":"12v-24v-100ah-200ah-litium-batteries-24v-100ah-200ah-deep-cycle-solar-battery-12v-300ah-460ah","status":"publish","type":"product","link":"https:\/\/coresparkbattery.com\/pt\/12v-24v-100ah-200ah-litium-batteries-24v-100ah-200ah-deep-cycle-solar-battery-12v-300ah-460ah\/","title":{"rendered":"Baterias de l\u00edtio 12v 24v 100ah 200ah Bateria solar de ciclo profundo 24v 100ah 200ah 12v 300ah 460ah"},"content":{"rendered":"<p>N\u00famero do modelo 24V 100AH<br \/>\nLocal de origem Guangdong, China<br \/>\nPeso 20KG<br \/>\nNome do produto bateria lifepo4 24v 100ah<br \/>\nVida \u00fatil do ciclo 5000 vezes<br \/>\nPeso 20KG<br \/>\nAceit\u00e1vel OEM\/ODM<br \/>\nMOQ 1 Pcs<br \/>\nTipo fosfato de l\u00edtio e ferro<br \/>\nDispon\u00edvel em OEM<br \/>\nCobr\u00e1vel sim<br \/>\nGarantia de 5 anos<br \/>\nTamanho 522*240*218mm<\/p>","protected":false},"excerpt":{"rendered":"<p>Bateria de 24V 100Ah LiFePO4 para ve\u00edculos de recreio, bateria de 24V 150Ah LiFePO4 para ve\u00edculos de recreio, bateria de 24V 100Ah de ciclo profundo para ve\u00edculos de recreio, bateria de 24V LiFePO4 para campismo de ve\u00edculos de recreio<\/p>","protected":false},"featured_media":828,"template":"","meta":{"_gspb_post_css":""},"product_brand":[],"product_cat":[494,493,499,498,492],"product_tag":[254,252,253,255],"class_list":{"0":"post-491","1":"product","2":"type-product","3":"status-publish","4":"has-post-thumbnail","6":"product_cat-12v-lifepo4-battery","7":"product_cat-12v-rv-lifepo4-battery","8":"product_cat-24v-lifepo4-battery","9":"product_cat-24v-rv-lifepo4-battery","10":"product_cat-rv-lifepo4-battery","11":"product_tag-24v-100ah-deep-cycle-rv-battery","12":"product_tag-24v-100ah-lifepo4-rv-battery","13":"product_tag-24v-150ah-lifepo4-rv-battery","14":"product_tag-24v-lifepo4-battery-for-rv-camping","16":"first","17":"instock","18":"featured","19":"shipping-taxable","20":"product-type-simple"},"_links":{"self":[{"href":"https:\/\/coresparkbattery.com\/pt\/wp-json\/wp\/v2\/product\/491","targetHints":{"allow":["GET"]}}],"collection":[{"href":"https:\/\/coresparkbattery.com\/pt\/wp-json\/wp\/v2\/product"}],"about":[{"href":"https:\/\/coresparkbattery.com\/pt\/wp-json\/wp\/v2\/types\/product"}],"wp:featuredmedia":[{"embeddable":true,"href":"https:\/\/coresparkbattery.com\/pt\/wp-json\/wp\/v2\/media\/828"}],"wp:attachment":[{"href":"https:\/\/coresparkbattery.com\/pt\/wp-json\/wp\/v2\/media?parent=491"}],"wp:term":[{"taxonomy":"product_brand","embeddable":true,"href":"https:\/\/coresparkbattery.com\/pt\/wp-json\/wp\/v2\/product_brand?post=491"},{"taxonomy":"product_cat","embeddable":true,"href":"https:\/\/coresparkbattery.com\/pt\/wp-json\/wp\/v2\/product_cat?post=491"},{"taxonomy":"product_tag","embeddable":true,"href":"https:\/\/coresparkbattery.com\/pt\/wp-json\/wp\/v2\/product_tag?post=491"}],"curies":[{"name":"wp","href":"https:\/\/api.w.org\/{rel}","templated":true}]}}