{"id":490,"date":"2026-04-28T08:15:37","date_gmt":"2026-04-28T08:15:37","guid":{"rendered":"https:\/\/coresparkbattery.com\/deep-cycle-12v-24v-100ah-200ah-lifepo4-battery-pack-with-100a-200a-discharge-rate-lithium-iron-phosphate-energy-storage\/"},"modified":"2026-04-28T09:51:39","modified_gmt":"2026-04-28T09:51:39","slug":"deep-cycle-12v-24v-100ah-200ah-lifepo4-battery-pack-with-100a-200a-discharge-rate-lithium-iron-phosphate-energy-storage","status":"publish","type":"product","link":"https:\/\/coresparkbattery.com\/pt\/deep-cycle-12v-24v-100ah-200ah-lifepo4-battery-pack-with-100a-200a-discharge-rate-lithium-iron-phosphate-energy-storage\/","title":{"rendered":"Bateria de ciclo profundo 12v 24v 100ah 200ah Lifepo4 com taxa de descarga de 100A 200A Armazenamento de energia de fosfato de ferro de l\u00edtio"},"content":{"rendered":"<p>Tecnologia avan\u00e7ada de ferro-l\u00edtio<br \/>\nBateria de l\u00edtio de 24V 100Ah fabricada por c\u00e9lulas LiFePO4 de grau autom\u00f3vel com maior densidade energ\u00e9tica, desempenho mais est\u00e1vel e<br \/>\nmaior pot\u00eancia. Excelente desempenho do ciclo, carregamento e descarregamento r\u00e1pidos, efici\u00eancia de carregamento at\u00e9 100% e elevada pot\u00eancia de sa\u00edda. Sem efeito de mem\u00f3ria, independentemente do estado em que a bateria se encontra, pode ser utilizada assim que \u00e9 carregada. Expans\u00e3o de suporte para at\u00e9 2 s\u00e9ries e 4 paralelas e adequado para armazenamento de energia el\u00e9ctrica.<\/p>\n<p>Longevidade e leveza excepcionais<br \/>\nAs nossas baterias de ferro-l\u00edtio LiFePO4 fornecem mais de 5000 ciclos em compara\u00e7\u00e3o com 300~500 ciclos na bateria de chumbo-\u00e1cido. A vida \u00fatil das baterias LiFePO4 \u00e9 8 a 10 vezes superior \u00e0 das baterias de chumbo-\u00e1cido padr\u00e3o. Ajudando a minimizar o custo de substitui\u00e7\u00e3o e a reduzir o custo total de propriedade. Al\u00e9m disso, o peso da bateria de fosfato de ferro-l\u00edtio \u00e9 30% mais leve do que o da bateria de chumbo-\u00e1cido com a mesma capacidade, pelo que pode transport\u00e1-la mais facilmente.<\/p>","protected":false},"excerpt":{"rendered":"<p>Bateria de l\u00edtio para atrelados de viagem de 24V, bateria auxiliar para atrelados de viagem de 24V, bateria LiFePO4 para atrelados de viagem de 24V 200Ah, bateria LiFePO4 para atrelados de viagem de 24V 50Ah<\/p>","protected":false},"featured_media":823,"template":"","meta":{"_gspb_post_css":""},"product_brand":[],"product_cat":[494,493,499,498,492],"product_tag":[250,251,249,248],"class_list":{"0":"post-490","1":"product","2":"type-product","3":"status-publish","4":"has-post-thumbnail","6":"product_cat-12v-lifepo4-battery","7":"product_cat-12v-rv-lifepo4-battery","8":"product_cat-24v-lifepo4-battery","9":"product_cat-24v-rv-lifepo4-battery","10":"product_cat-rv-lifepo4-battery","11":"product_tag-24v-200ah-lifepo4-rv-battery","12":"product_tag-24v-50ah-lifepo4-rv-battery","13":"product_tag-24v-rv-auxiliary-battery","14":"product_tag-24v-travel-trailer-lithium-battery","16":"first","17":"instock","18":"featured","19":"shipping-taxable","20":"product-type-simple"},"_links":{"self":[{"href":"https:\/\/coresparkbattery.com\/pt\/wp-json\/wp\/v2\/product\/490","targetHints":{"allow":["GET"]}}],"collection":[{"href":"https:\/\/coresparkbattery.com\/pt\/wp-json\/wp\/v2\/product"}],"about":[{"href":"https:\/\/coresparkbattery.com\/pt\/wp-json\/wp\/v2\/types\/product"}],"wp:featuredmedia":[{"embeddable":true,"href":"https:\/\/coresparkbattery.com\/pt\/wp-json\/wp\/v2\/media\/823"}],"wp:attachment":[{"href":"https:\/\/coresparkbattery.com\/pt\/wp-json\/wp\/v2\/media?parent=490"}],"wp:term":[{"taxonomy":"product_brand","embeddable":true,"href":"https:\/\/coresparkbattery.com\/pt\/wp-json\/wp\/v2\/product_brand?post=490"},{"taxonomy":"product_cat","embeddable":true,"href":"https:\/\/coresparkbattery.com\/pt\/wp-json\/wp\/v2\/product_cat?post=490"},{"taxonomy":"product_tag","embeddable":true,"href":"https:\/\/coresparkbattery.com\/pt\/wp-json\/wp\/v2\/product_tag?post=490"}],"curies":[{"name":"wp","href":"https:\/\/api.w.org\/{rel}","templated":true}]}}