{"id":487,"date":"2026-04-28T08:15:37","date_gmt":"2026-04-28T08:15:37","guid":{"rendered":"https:\/\/coresparkbattery.com\/deep-cycle-lifepo4-battery-12v-12-8v-100ah-200ah-300ah-400ah-460ah-lithium-iron-phosphate-battery-lifepo4-battery-pack-for-rv\/"},"modified":"2026-04-28T11:59:58","modified_gmt":"2026-04-28T11:59:58","slug":"deep-cycle-lifepo4-battery-12v-12-8v-100ah-200ah-300ah-400ah-460ah-lithium-iron-phosphate-battery-lifepo4-battery-pack-for-rv","status":"publish","type":"product","link":"https:\/\/coresparkbattery.com\/pt\/deep-cycle-lifepo4-battery-12v-12-8v-100ah-200ah-300ah-400ah-460ah-lithium-iron-phosphate-battery-lifepo4-battery-pack-for-rv\/","title":{"rendered":"Bateria de ciclo profundo Lifepo4 12v 12.8V 100ah 200ah 300ah 400ah 460ah Bateria de fosfato de ferro de l\u00edtio Bateria Lifepo4 para RV"},"content":{"rendered":"<p>BMS de 250A atualizado e corte de baixa temperatura<br \/>\nAp\u00f3s anos de investiga\u00e7\u00e3o e testes, adopt\u00e1mos c\u00e9lulas de grau A que s\u00e3o mais adequadas para a utiliza\u00e7\u00e3o em ve\u00edculos de recreio\/camper, proporcionando \u00e0 bateria um desempenho potente e est\u00e1vel ao longo de cada ciclo. A sua viagem n\u00e3o ter\u00e1 problemas. E a prote\u00e7\u00e3o de corte de baixa temperatura evita danos na bateria num ambiente de baixa temperatura.<\/p>\n<p>M\u00e1x. 51,2V 1840Ah Capacidade expans\u00edvel e 5 anos de garantia<br \/>\nBateria de fosfato de ferro de l\u00edtio 12V 460Ah As baterias LiFePO4 podem ser expandidas at\u00e9 ao m\u00e1ximo. 4P4S como um sistema de bateria de 51.2V 1840Ah para obter 51.2kW de pot\u00eancia de sa\u00edda e 94.2kWh de energia utiliz\u00e1vel. A Vatrer Power oferece uma garantia de cinco anos para todas as baterias. Suporte ao cliente amig\u00e1vel e profissional 24 horas por dia, qualquer d\u00favida n\u00e3o hesite em contactar-nos.<\/p>\n<p>Monitoriza\u00e7\u00e3o de aplica\u00e7\u00f5es m\u00f3veis<br \/>\nA bateria RV 12V 460Ah adicionou uma fun\u00e7\u00e3o APP. Os clientes podem ligar a bateria atrav\u00e9s da APP m\u00f3vel, monitorizar ou controlar os v\u00e1rios dados da bateria (SOC) em tempo real.<\/p>","protected":false},"excerpt":{"rendered":"<p>Bateria de 12V LiFePO4 para ve\u00edculos de recreio leve, bateria de 12V LiFePO4 para ve\u00edculos de recreio com design fino, bateria de 12V LiFePO4 para ve\u00edculos de recreio compacta, bateria de 12V LiFePO4 para ve\u00edculos de recreio sem manuten\u00e7\u00e3o, bateria de 12V LiFePO4 para ve\u00edculos de recreio segura<\/p>","protected":false},"featured_media":1120,"template":"","meta":{"_gspb_post_css":""},"product_brand":[],"product_cat":[494,493,492],"product_tag":[235,529,236,237,530],"class_list":{"0":"post-487","1":"product","2":"type-product","3":"status-publish","4":"has-post-thumbnail","6":"product_cat-12v-lifepo4-battery","7":"product_cat-12v-rv-lifepo4-battery","8":"product_cat-rv-lifepo4-battery","9":"product_tag-12v-lifepo4-rv-battery-compact","10":"product_tag-12v-lifepo4-rv-battery-lightweight","11":"product_tag-12v-lifepo4-rv-battery-maintenance-free","12":"product_tag-12v-lifepo4-rv-battery-safe","13":"product_tag-12v-lifepo4-rv-battery-slim-design","15":"first","16":"instock","17":"featured","18":"shipping-taxable","19":"product-type-simple"},"_links":{"self":[{"href":"https:\/\/coresparkbattery.com\/pt\/wp-json\/wp\/v2\/product\/487","targetHints":{"allow":["GET"]}}],"collection":[{"href":"https:\/\/coresparkbattery.com\/pt\/wp-json\/wp\/v2\/product"}],"about":[{"href":"https:\/\/coresparkbattery.com\/pt\/wp-json\/wp\/v2\/types\/product"}],"wp:featuredmedia":[{"embeddable":true,"href":"https:\/\/coresparkbattery.com\/pt\/wp-json\/wp\/v2\/media\/1120"}],"wp:attachment":[{"href":"https:\/\/coresparkbattery.com\/pt\/wp-json\/wp\/v2\/media?parent=487"}],"wp:term":[{"taxonomy":"product_brand","embeddable":true,"href":"https:\/\/coresparkbattery.com\/pt\/wp-json\/wp\/v2\/product_brand?post=487"},{"taxonomy":"product_cat","embeddable":true,"href":"https:\/\/coresparkbattery.com\/pt\/wp-json\/wp\/v2\/product_cat?post=487"},{"taxonomy":"product_tag","embeddable":true,"href":"https:\/\/coresparkbattery.com\/pt\/wp-json\/wp\/v2\/product_tag?post=487"}],"curies":[{"name":"wp","href":"https:\/\/api.w.org\/{rel}","templated":true}]}}