{"id":486,"date":"2026-04-28T08:15:37","date_gmt":"2026-04-28T08:15:37","guid":{"rendered":"https:\/\/coresparkbattery.com\/hot-sale-12v-400ah-460ah-bluetooth-version-lifepo4-battery-pack-built-in-250a-bms-lithium-battery-for-power-backup-rv-camper\/"},"modified":"2026-04-28T09:47:57","modified_gmt":"2026-04-28T09:47:57","slug":"hot-sale-12v-400ah-460ah-bluetooth-version-lifepo4-battery-pack-built-in-250a-bms-lithium-battery-for-power-backup-rv-camper","status":"publish","type":"product","link":"https:\/\/coresparkbattery.com\/pt\/hot-sale-12v-400ah-460ah-bluetooth-version-lifepo4-battery-pack-built-in-250a-bms-lithium-battery-for-power-backup-rv-camper\/","title":{"rendered":"Venda quente 12v 400ah 460ah Vers\u00e3o Bluetooth Bateria Lifepo4 Bateria de l\u00edtio 250A BMS incorporada para reserva de energia Rv Camper"},"content":{"rendered":"<p>Design totalmente novo, seguran\u00e7a a toda a prova<br \/>\nA bateria de l\u00edtio de 460Ah para ve\u00edculos de recreio \u00e9 resistente ao desgaste e dur\u00e1vel gra\u00e7as \u00e0 nova caixa de bateria SPCC de alta qualidade adoptada, e optimizamos a disposi\u00e7\u00e3o interna e a constru\u00e7\u00e3o. A bateria tamb\u00e9m vem com um interrutor principal para a ligar ou desligar com o toque de um bot\u00e3o. Al\u00e9m disso, existe um term\u00f3metro e um higr\u00f3metro na parte superior para indicar a temperatura e a humidade da bateria em tempo real.<\/p>\n<p>Tamanho compacto Pot\u00eancia m\u00e1xima<br \/>\nA bateria de 12V 460Ah LiFePO4 para ve\u00edculos de recreio \u00e9 equivalente \u00e0 energia de 5 baterias de 100Ah, mas ocupa apenas 1,1 p\u00e9s\u00b3 de espa\u00e7o e \u00e9 mais pequena do que 5x100ah. E ser\u00e1 mais f\u00e1cil de manter e instalar sem a necessidade de fios excessivos e dinheiro. Ajuda-o a poupar dinheiro e espa\u00e7o.<\/p>\n<p>Monitoriza\u00e7\u00e3o de aplica\u00e7\u00f5es m\u00f3veis<br \/>\nA bateria RV 12V 460Ah adicionou uma fun\u00e7\u00e3o APP. Os clientes podem ligar a bateria atrav\u00e9s da APP m\u00f3vel, monitorizar ou controlar os v\u00e1rios dados da bateria (SOC) em tempo real.<\/p>","protected":false},"excerpt":{"rendered":"<p>Bateria de 12V LiFePO4 para ve\u00edculos de recreio com capacidade paralela, bateria de 12V LiFePO4 para ve\u00edculos de recreio com capacidade em s\u00e9rie, bateria de 12V LiFePO4 para ve\u00edculos de recreio expans\u00edvel, bateria de 12V LiFePO4 para ve\u00edculos de recreio com ciclo de vida longo<\/p>","protected":false},"featured_media":808,"template":"","meta":{"_gspb_post_css":""},"product_brand":[],"product_cat":[494,493,492],"product_tag":[232,233,230,231],"class_list":{"0":"post-486","1":"product","2":"type-product","3":"status-publish","4":"has-post-thumbnail","6":"product_cat-12v-lifepo4-battery","7":"product_cat-12v-rv-lifepo4-battery","8":"product_cat-rv-lifepo4-battery","9":"product_tag-12v-lifepo4-rv-battery-expandable","10":"product_tag-12v-lifepo4-rv-battery-long-cycle-life","11":"product_tag-12v-lifepo4-rv-battery-parallel-capable","12":"product_tag-12v-lifepo4-rv-battery-series-capable","14":"first","15":"instock","16":"featured","17":"shipping-taxable","18":"product-type-simple"},"_links":{"self":[{"href":"https:\/\/coresparkbattery.com\/pt\/wp-json\/wp\/v2\/product\/486","targetHints":{"allow":["GET"]}}],"collection":[{"href":"https:\/\/coresparkbattery.com\/pt\/wp-json\/wp\/v2\/product"}],"about":[{"href":"https:\/\/coresparkbattery.com\/pt\/wp-json\/wp\/v2\/types\/product"}],"wp:featuredmedia":[{"embeddable":true,"href":"https:\/\/coresparkbattery.com\/pt\/wp-json\/wp\/v2\/media\/808"}],"wp:attachment":[{"href":"https:\/\/coresparkbattery.com\/pt\/wp-json\/wp\/v2\/media?parent=486"}],"wp:term":[{"taxonomy":"product_brand","embeddable":true,"href":"https:\/\/coresparkbattery.com\/pt\/wp-json\/wp\/v2\/product_brand?post=486"},{"taxonomy":"product_cat","embeddable":true,"href":"https:\/\/coresparkbattery.com\/pt\/wp-json\/wp\/v2\/product_cat?post=486"},{"taxonomy":"product_tag","embeddable":true,"href":"https:\/\/coresparkbattery.com\/pt\/wp-json\/wp\/v2\/product_tag?post=486"}],"curies":[{"name":"wp","href":"https:\/\/api.w.org\/{rel}","templated":true}]}}