{"id":484,"date":"2026-04-28T08:15:37","date_gmt":"2026-04-28T08:15:37","guid":{"rendered":"https:\/\/coresparkbattery.com\/12v-300ah-lifepo4-lithium-ion-rechargeable-battery-best-price-for-high-performance-300ah-lithium-ion-batteries\/"},"modified":"2026-04-28T09:45:15","modified_gmt":"2026-04-28T09:45:15","slug":"12v-300ah-lifepo4-lithium-ion-rechargeable-battery-best-price-for-high-performance-300ah-lithium-ion-batteries","status":"publish","type":"product","link":"https:\/\/coresparkbattery.com\/pt\/12v-300ah-lifepo4-lithium-ion-rechargeable-battery-best-price-for-high-performance-300ah-lithium-ion-batteries\/","title":{"rendered":"Bateria recarreg\u00e1vel de i\u00f5es de l\u00edtio 12V 300AH Lifepo4 Melhor pre\u00e7o para baterias de i\u00f5es de l\u00edtio 300ah de alto desempenho"},"content":{"rendered":"<p>N\u00famero do modelo 12V 300AH<br \/>\nLocal de origem Guangdong, China<br \/>\nPeso 26.5KG<br \/>\nNome do produto bateria lifepo4 12v 300ah<br \/>\nVida \u00fatil do ciclo 5000 vezes<br \/>\nPeso 25.6KG<br \/>\nAceit\u00e1vel OEM\/ODM<br \/>\nMOQ 1 Pcs<br \/>\nTipo fosfato de l\u00edtio e ferro<br \/>\nDispon\u00edvel em OEM<br \/>\nCobr\u00e1vel sim<br \/>\nGarantia de 5 anos<br \/>\nTamanho 522*240*218mm<\/p>","protected":false},"excerpt":{"rendered":"<p>Bateria de 12V 100Ah para ve\u00edculos de recreio fora da rede, bateria de 12V 200Ah para ve\u00edculos de recreio fora da rede, bateria de 12V LiFePO4 para ve\u00edculos de recreio com Bluetooth, bateria de 12V LiFePO4 para ve\u00edculos de recreio com auto-aquecimento<\/p>","protected":false},"featured_media":775,"template":"","meta":{"_gspb_post_css":""},"product_brand":[],"product_cat":[494,493,492],"product_tag":[222,223,225,224],"class_list":{"0":"post-484","1":"product","2":"type-product","3":"status-publish","4":"has-post-thumbnail","6":"product_cat-12v-lifepo4-battery","7":"product_cat-12v-rv-lifepo4-battery","8":"product_cat-rv-lifepo4-battery","9":"product_tag-12v-100ah-off-grid-rv-battery","10":"product_tag-12v-200ah-off-grid-rv-battery","11":"product_tag-12v-lifepo4-rv-battery-self-heating","12":"product_tag-12v-lifepo4-rv-battery-with-bluetooth","14":"first","15":"instock","16":"featured","17":"shipping-taxable","18":"product-type-simple"},"_links":{"self":[{"href":"https:\/\/coresparkbattery.com\/pt\/wp-json\/wp\/v2\/product\/484","targetHints":{"allow":["GET"]}}],"collection":[{"href":"https:\/\/coresparkbattery.com\/pt\/wp-json\/wp\/v2\/product"}],"about":[{"href":"https:\/\/coresparkbattery.com\/pt\/wp-json\/wp\/v2\/types\/product"}],"wp:featuredmedia":[{"embeddable":true,"href":"https:\/\/coresparkbattery.com\/pt\/wp-json\/wp\/v2\/media\/775"}],"wp:attachment":[{"href":"https:\/\/coresparkbattery.com\/pt\/wp-json\/wp\/v2\/media?parent=484"}],"wp:term":[{"taxonomy":"product_brand","embeddable":true,"href":"https:\/\/coresparkbattery.com\/pt\/wp-json\/wp\/v2\/product_brand?post=484"},{"taxonomy":"product_cat","embeddable":true,"href":"https:\/\/coresparkbattery.com\/pt\/wp-json\/wp\/v2\/product_cat?post=484"},{"taxonomy":"product_tag","embeddable":true,"href":"https:\/\/coresparkbattery.com\/pt\/wp-json\/wp\/v2\/product_tag?post=484"}],"curies":[{"name":"wp","href":"https:\/\/api.w.org\/{rel}","templated":true}]}}