{"id":483,"date":"2026-04-28T08:15:37","date_gmt":"2026-04-28T08:15:37","guid":{"rendered":"https:\/\/coresparkbattery.com\/12v-100ah-200ah-300ah-lithium-battery-built-in-bms-rechargeable-12v-300ah-lifepo4-battery-for-rv-camper-solar-system\/"},"modified":"2026-04-28T09:44:13","modified_gmt":"2026-04-28T09:44:13","slug":"12v-100ah-200ah-300ah-lithium-battery-built-in-bms-rechargeable-12v-300ah-lifepo4-battery-for-rv-camper-solar-system","status":"publish","type":"product","link":"https:\/\/coresparkbattery.com\/pt\/12v-100ah-200ah-300ah-lithium-battery-built-in-bms-rechargeable-12v-300ah-lifepo4-battery-for-rv-camper-solar-system\/","title":{"rendered":"Bateria de l\u00edtio de 12V 100ah 200ah 300AH com BMS integrado Bateria recarreg\u00e1vel de 12v 300ah LiFePO4 para sistema solar de autocaravana"},"content":{"rendered":"<p>Vida \u00fatil do ciclo 5000 ciclos<br \/>\nMateriais do c\u00e1todo LiFePO4<br \/>\nQuantidade m\u00e1xima de carga (c\u00e9lulas) 3840W<br \/>\nTemperatura de funcionamento (\u2103) AT\u00c9 60<br \/>\nDimens\u00e3o (C*L*A) 520*269*220 mm<br \/>\nN\u00famero do modelo 12V 300AH<br \/>\nLocal de origem Guangdong, China<br \/>\nPeso 25.6KG<br \/>\nNome do produto bateria lifepo4 12v 300ah<br \/>\nVida \u00fatil do ciclo 5000 vezes<br \/>\nPeso 25.6KG<br \/>\nAceit\u00e1vel OEM\/ODM<br \/>\nTipo fosfato de l\u00edtio e ferro<br \/>\nDispon\u00edvel em OEM<br \/>\nCobr\u00e1vel sim<br \/>\nGarantia de 5 anos<br \/>\nTamanho 522*240*218mm<\/p>","protected":false},"excerpt":{"rendered":"<p>Bateria para autocaravana de 12V 100Ah, bateria para autocaravana de 12V 200Ah, bateria solar para autocaravana de 12V 100Ah, bateria solar para autocaravana de 12V 200Ah<\/p>","protected":false},"featured_media":794,"template":"","meta":{"_gspb_post_css":""},"product_brand":[],"product_cat":[494,493,492],"product_tag":[217,219,218,220],"class_list":{"0":"post-483","1":"product","2":"type-product","3":"status-publish","4":"has-post-thumbnail","6":"product_cat-12v-lifepo4-battery","7":"product_cat-12v-rv-lifepo4-battery","8":"product_cat-rv-lifepo4-battery","9":"product_tag-12v-100ah-motorhome-battery","10":"product_tag-12v-100ah-rv-solar-battery","11":"product_tag-12v-200ah-motorhome-battery","12":"product_tag-12v-200ah-rv-solar-battery","14":"first","15":"instock","16":"featured","17":"shipping-taxable","18":"product-type-simple"},"_links":{"self":[{"href":"https:\/\/coresparkbattery.com\/pt\/wp-json\/wp\/v2\/product\/483","targetHints":{"allow":["GET"]}}],"collection":[{"href":"https:\/\/coresparkbattery.com\/pt\/wp-json\/wp\/v2\/product"}],"about":[{"href":"https:\/\/coresparkbattery.com\/pt\/wp-json\/wp\/v2\/types\/product"}],"wp:featuredmedia":[{"embeddable":true,"href":"https:\/\/coresparkbattery.com\/pt\/wp-json\/wp\/v2\/media\/794"}],"wp:attachment":[{"href":"https:\/\/coresparkbattery.com\/pt\/wp-json\/wp\/v2\/media?parent=483"}],"wp:term":[{"taxonomy":"product_brand","embeddable":true,"href":"https:\/\/coresparkbattery.com\/pt\/wp-json\/wp\/v2\/product_brand?post=483"},{"taxonomy":"product_cat","embeddable":true,"href":"https:\/\/coresparkbattery.com\/pt\/wp-json\/wp\/v2\/product_cat?post=483"},{"taxonomy":"product_tag","embeddable":true,"href":"https:\/\/coresparkbattery.com\/pt\/wp-json\/wp\/v2\/product_tag?post=483"}],"curies":[{"name":"wp","href":"https:\/\/api.w.org\/{rel}","templated":true}]}}