{"id":481,"date":"2026-04-28T08:15:36","date_gmt":"2026-04-28T08:15:36","guid":{"rendered":"https:\/\/coresparkbattery.com\/lifepo4-battery-12v-100ah-200ah-230ah-300ah-460ah-lithium-batteries-deep-cycle-12v-200ah-lifepo4-battery-pack\/"},"modified":"2026-04-28T09:42:15","modified_gmt":"2026-04-28T09:42:15","slug":"lifepo4-battery-12v-100ah-200ah-230ah-300ah-460ah-lithium-batteries-deep-cycle-12v-200ah-lifepo4-battery-pack","status":"publish","type":"product","link":"https:\/\/coresparkbattery.com\/pt\/lifepo4-battery-12v-100ah-200ah-230ah-300ah-460ah-lithium-batteries-deep-cycle-12v-200ah-lifepo4-battery-pack\/","title":{"rendered":"Bateria Lifepo4 12v 100ah 200ah 230ah 300ah 460Ah Baterias de l\u00edtio Ciclo profundo 12v 200ah Bateria Lifepo4"},"content":{"rendered":"<p>N\u00famero do modelo 12V 200AH 200A<br \/>\nLocal de origem Guangdong, China<br \/>\nPeso 22KG<br \/>\nNome do produto Bateria Lifepo4 12v 200ah<br \/>\nVida \u00fatil do ciclo 5000 vezes<br \/>\nPeso 22KG<br \/>\nAceit\u00e1vel OEM\/ODM<br \/>\nTipo fosfato de l\u00edtio e ferro<br \/>\nDispon\u00edvel em OEM<br \/>\nCobr\u00e1vel sim<br \/>\nGarantia de 5 anos<br \/>\nTamanho 522*240*218mm<\/p>","protected":false},"excerpt":{"rendered":"<p>Bateria de 12V 500Ah LiFePO4 para ve\u00edculos de recreio, bateria de 12V 100Ah de l\u00edtio para ve\u00edculos de recreio, bateria de 12V 320Ah LiFePO4 para ve\u00edculos de recreio, bateria de 12V 200Ah de l\u00edtio para ve\u00edculos de recreio<\/p>","protected":false},"featured_media":785,"template":"","meta":{"_gspb_post_css":""},"product_brand":[],"product_cat":[494,493,492],"product_tag":[210,212,211,209],"class_list":{"0":"post-481","1":"product","2":"type-product","3":"status-publish","4":"has-post-thumbnail","6":"product_cat-12v-lifepo4-battery","7":"product_cat-12v-rv-lifepo4-battery","8":"product_cat-rv-lifepo4-battery","9":"product_tag-12v-100ah-lithium-rv-battery","10":"product_tag-12v-200ah-lithium-rv-battery","11":"product_tag-12v-320ah-lifepo4-rv-battery","12":"product_tag-12v-500ah-lifepo4-rv-battery","14":"first","15":"instock","16":"featured","17":"shipping-taxable","18":"product-type-simple"},"_links":{"self":[{"href":"https:\/\/coresparkbattery.com\/pt\/wp-json\/wp\/v2\/product\/481","targetHints":{"allow":["GET"]}}],"collection":[{"href":"https:\/\/coresparkbattery.com\/pt\/wp-json\/wp\/v2\/product"}],"about":[{"href":"https:\/\/coresparkbattery.com\/pt\/wp-json\/wp\/v2\/types\/product"}],"wp:featuredmedia":[{"embeddable":true,"href":"https:\/\/coresparkbattery.com\/pt\/wp-json\/wp\/v2\/media\/785"}],"wp:attachment":[{"href":"https:\/\/coresparkbattery.com\/pt\/wp-json\/wp\/v2\/media?parent=481"}],"wp:term":[{"taxonomy":"product_brand","embeddable":true,"href":"https:\/\/coresparkbattery.com\/pt\/wp-json\/wp\/v2\/product_brand?post=481"},{"taxonomy":"product_cat","embeddable":true,"href":"https:\/\/coresparkbattery.com\/pt\/wp-json\/wp\/v2\/product_cat?post=481"},{"taxonomy":"product_tag","embeddable":true,"href":"https:\/\/coresparkbattery.com\/pt\/wp-json\/wp\/v2\/product_tag?post=481"}],"curies":[{"name":"wp","href":"https:\/\/api.w.org\/{rel}","templated":true}]}}